{"id":708189,"date":"2025-08-27T16:12:26","date_gmt":"2025-08-27T13:12:26","guid":{"rendered":"https:\/\/roveyayinevi.com.tr\/index.php\/urun\/feng-shui-ile-yasam\/"},"modified":"2026-04-06T02:27:56","modified_gmt":"2026-04-05T23:27:56","slug":"feng-shui-ile-yasam","status":"publish","type":"product","link":"https:\/\/roveyayinevi.com.tr\/index.php\/urun\/feng-shui-ile-yasam\/","title":{"rendered":"Feng Shui ile Ya\u015fam"},"content":{"rendered":"<p>Feng Shui\u00b4ye g\u00f6re insanlar bir \u015fansla d\u00fcnyaya gelriler, buna kader denir ve bu kaderi de\u011fi\u015ftirmek m\u00fcmk\u00fcn de\u011fildir. De\u011fi\u015ftiremedi\u011fimiz kaderin d\u0131\u015f\u0131ndaki daha sa\u011fl\u0131kl\u0131 ve uzun \u00f6m\u00fcrl\u00fc bir hayat s\u00fcrme, mutlu bir evlilik ve a\u015fk hayat\u0131 ya\u015fama, refah vir hayat s\u00fcrme gibi bir\u00e7ok \u015fans\u0131m\u0131z\u0131 de\u011fi\u015ftirmek ise bizim elimizdedir. Feng Shui bu amaca hizmet eder. O, do\u011fan\u0131n g\u00fc\u00e7lerini ve enerjisini y\u00f6neterek daha iyi bir ya\u015fam s\u00fcrme \u015fans\u0131m\u0131z\u0131 art\u0131r\u0131r. Evrendeki her canl\u0131n\u0131n, e\u015fyan\u0131n, rengin k\u0131sacas\u0131 her \u015feyin bir enerjisi vard\u0131r. \u00f6nemli olan bu enerjiyi do\u011fru kullanmak ve bunu g\u00fcnl\u00fck hayata yans\u0131tabilmektedir.Sizleri de evinizi, ofisinizi ya da en basit \u015fekilde masan\u0131z\u0131n \u00fczerini bile Feng Shui\u00b4ye g\u00f6re d\u00fczenleyerek daha iyi ya\u015fama \u015fans\u0131z\u0131n\u0131z artt\u0131rabilirsiniz.<\/p>\n","protected":false},"excerpt":{"rendered":"<p>Feng Shui\u00b4ye g\u00f6re insanlar bir \u015fansla d\u00fcnyaya gelriler, buna kader denir ve bu kaderi de\u011fi\u015ftirmek m\u00fcmk\u00fcn de\u011fildir. De\u011fi\u015ftiremedi\u011fimiz kaderin d\u0131\u015f\u0131ndaki daha sa\u011fl\u0131kl\u0131 ve uzun \u00f6m\u00fcrl\u00fc bir<span class=\"excerpt-hellip\"> [\u2026]<\/span><\/p>\n","protected":false},"featured_media":0,"template":"","meta":{"_monsterinsights_skip_tracking":false,"_monsterinsights_sitenote_active":false,"_monsterinsights_sitenote_note":"","_monsterinsights_sitenote_category":0},"product_brand":[],"product_cat":[13366,13365],"product_tag":[],"class_list":{"0":"post-708189","1":"product","2":"type-product","3":"status-publish","5":"product_cat-diger-saglik","6":"product_cat-saglik","7":"pa_cilt-ciltli","8":"pa_tur-kitap","9":"pa_yayinevi-soncag","10":"pa_yazar-esra-sevgili","12":"first","13":"instock","14":"sale","15":"shipping-taxable","16":"purchasable","17":"product-type-simple"},"_links":{"self":[{"href":"https:\/\/roveyayinevi.com.tr\/index.php\/wp-json\/wp\/v2\/product\/708189","targetHints":{"allow":["GET"]}}],"collection":[{"href":"https:\/\/roveyayinevi.com.tr\/index.php\/wp-json\/wp\/v2\/product"}],"about":[{"href":"https:\/\/roveyayinevi.com.tr\/index.php\/wp-json\/wp\/v2\/types\/product"}],"wp:attachment":[{"href":"https:\/\/roveyayinevi.com.tr\/index.php\/wp-json\/wp\/v2\/media?parent=708189"}],"wp:term":[{"taxonomy":"product_brand","embeddable":true,"href":"https:\/\/roveyayinevi.com.tr\/index.php\/wp-json\/wp\/v2\/product_brand?post=708189"},{"taxonomy":"product_cat","embeddable":true,"href":"https:\/\/roveyayinevi.com.tr\/index.php\/wp-json\/wp\/v2\/product_cat?post=708189"},{"taxonomy":"product_tag","embeddable":true,"href":"https:\/\/roveyayinevi.com.tr\/index.php\/wp-json\/wp\/v2\/product_tag?post=708189"}],"curies":[{"name":"wp","href":"https:\/\/api.w.org\/{rel}","templated":true}]}}