{"id":708188,"date":"2025-08-27T16:12:26","date_gmt":"2025-08-27T13:12:26","guid":{"rendered":"https:\/\/roveyayinevi.com.tr\/index.php\/urun\/kurumsallasma-baglaminda-dahiliye-nezaretinden-dahiliye-vekaletine-gecis\/"},"modified":"2026-04-16T02:16:48","modified_gmt":"2026-04-15T23:16:48","slug":"kurumsallasma-baglaminda-dahiliye-nezaretinden-dahiliye-vekaletine-gecis","status":"publish","type":"product","link":"https:\/\/roveyayinevi.com.tr\/index.php\/urun\/kurumsallasma-baglaminda-dahiliye-nezaretinden-dahiliye-vekaletine-gecis\/","title":{"rendered":"Kurumsalla\u015fma Ba\u011flam\u0131nda Dahiliye Nezaretinden Dahiliye Vekaletine Ge\u00e7i\u015f"},"content":{"rendered":"<p>Bu kitab\u0131n konusu, devlet ve toplum yap\u0131lanmas\u0131 i\u00e7erisinde \u00f6nemli bir yeri olan \u0130\u00e7i\u015fleri Bakanl\u0131\u011f\u0131&#8217;n\u0131n kurum tarihidir. \u00c7al\u0131\u015fmada a\u011f\u0131rl\u0131kl\u0131 olarak, Osmanl\u0131 D\u00f6nemi D\u00e2hiliye Nezaretinden Milli M\u00fccadele D\u00f6nemi D\u00e2hiliye Vek\u00e2letine ge\u00e7i\u015fin ya\u015fand\u0131\u011f\u0131 d\u00f6nem (1920-1923) incelenmi\u015ftir. Ge\u00e7i\u015f d\u00f6nemi ko\u015fullar\u0131 ile Osmanl\u0131 Devleti&#8217;nden miras kalan te\u015fkilat yap\u0131s\u0131n\u0131n anla\u015f\u0131labilmesi a\u00e7\u0131s\u0131ndan, D\u00e2hiliye Nezareti D\u00f6nemi (1836-1922) de \u00c7al\u0131\u015fma Kapsam\u0131na al\u0131narak \u00f6zetlenmi\u015ftir.  Kitapta esas olarak, Bakanl\u0131\u011f\u0131n merkez te\u015fkilat\u0131 ve bununla ba\u011flant\u0131l\u0131 konular (d\u00e2hiliye memurlar\u0131, b\u00fct\u00e7eler, vekiller, politikalar ve icraat) incelenmekle birlikte; konuyla yak\u0131n ili\u015fkisinden dolay\u0131 m\u00fclki ve mahalli idareler ile kolluk birimlerine ili\u015fkin geli\u015fmeler \u00fczerinde durulmu\u015ftur. Di\u011fer taraftan, kurum tarihinin de \u00f6tesine ge\u00e7ilmeye \u00e7al\u0131\u015farak D\u00e2hiliye Nezareti ve D\u00e2hiliye Vek\u00e2letinin kurulu\u015f ve geli\u015fim s\u00fcre\u00e7leri, kurumsalla\u015fma yakla\u015f\u0131m\u0131n\u0131n varsay\u0131mlar\u0131 \u00e7er\u00e7evesinde de\u011ferlendirilmi\u015ftir.  \u00c7al\u0131\u015fma sonucunda; \u0130\u00e7i\u015fleri Bakanl\u0131\u011f\u0131 \u00f6rne\u011finde oldu\u011fu gibi, T\u00fcrk toplumunun uzun y\u0131llar boyunca ve titizlikle yarat\u0131p geli\u015ftirdi\u011fi kurumlar\u0131n, \u00e7e\u015fitli g\u00fc\u00e7lerin ve \u00e7\u0131karlar\u0131n etkisiyle oradan oraya y\u00f6nlendirilebilen bilardo toplar\u0131 olmad\u0131klar\u0131, onlar\u0131n da kendilerine ait bir ya\u015famlar\u0131 oldu\u011fu ve isimlerinden \u00e7ok daha fazlas\u0131n\u0131 ifade ettikleri; bunlara ait y\u00f6netsel de\u011ferlerin korunup geli\u015ftirilmesi ve gelecek ku\u015faklara emanet edilmesinin \u00fclke ve toplum yarar\u0131na oldu\u011fu; devlet ve siyaset kurumlar\u0131n\u0131n da Milli M\u00fccadele D\u00f6nemi&#8217;nde oldu\u011fu gibi kamu \u00f6rg\u00fctlerinin kurumsalla\u015fma d\u00fczeyini azaltan de\u011fil, destekleyen bir anlay\u0131\u015fta olmalar\u0131 gerekti\u011fi ortaya \u00e7\u0131kmaktad\u0131r. <\/p>\n","protected":false},"excerpt":{"rendered":"<p>Bu kitab\u0131n konusu, devlet ve toplum yap\u0131lanmas\u0131 i\u00e7erisinde \u00f6nemli bir yeri olan \u0130\u00e7i\u015fleri Bakanl\u0131\u011f\u0131&#8217;n\u0131n kurum tarihidir. \u00c7al\u0131\u015fmada a\u011f\u0131rl\u0131kl\u0131 olarak, Osmanl\u0131 D\u00f6nemi D\u00e2hiliye Nezaretinden Milli M\u00fccadele D\u00f6nemi<span class=\"excerpt-hellip\"> [\u2026]<\/span><\/p>\n","protected":false},"featured_media":0,"template":"","meta":{"_monsterinsights_skip_tracking":false,"_monsterinsights_sitenote_active":false,"_monsterinsights_sitenote_note":"","_monsterinsights_sitenote_category":0},"product_brand":[],"product_cat":[12337,14543],"product_tag":[],"class_list":{"0":"post-708188","1":"product","2":"type-product","3":"status-publish","5":"product_cat-politika-siyaset","6":"product_cat-turkiye-siyaseti-ve-politikasi","7":"pa_cilt-ciltsiz","8":"pa_tur-kitap","9":"pa_yayinevi-tiav","10":"pa_yazar-safak-basa","12":"first","13":"instock","14":"sale","15":"shipping-taxable","16":"purchasable","17":"product-type-simple"},"_links":{"self":[{"href":"https:\/\/roveyayinevi.com.tr\/index.php\/wp-json\/wp\/v2\/product\/708188","targetHints":{"allow":["GET"]}}],"collection":[{"href":"https:\/\/roveyayinevi.com.tr\/index.php\/wp-json\/wp\/v2\/product"}],"about":[{"href":"https:\/\/roveyayinevi.com.tr\/index.php\/wp-json\/wp\/v2\/types\/product"}],"wp:attachment":[{"href":"https:\/\/roveyayinevi.com.tr\/index.php\/wp-json\/wp\/v2\/media?parent=708188"}],"wp:term":[{"taxonomy":"product_brand","embeddable":true,"href":"https:\/\/roveyayinevi.com.tr\/index.php\/wp-json\/wp\/v2\/product_brand?post=708188"},{"taxonomy":"product_cat","embeddable":true,"href":"https:\/\/roveyayinevi.com.tr\/index.php\/wp-json\/wp\/v2\/product_cat?post=708188"},{"taxonomy":"product_tag","embeddable":true,"href":"https:\/\/roveyayinevi.com.tr\/index.php\/wp-json\/wp\/v2\/product_tag?post=708188"}],"curies":[{"name":"wp","href":"https:\/\/api.w.org\/{rel}","templated":true}]}}