{"id":708187,"date":"2025-08-27T16:12:25","date_gmt":"2025-08-27T13:12:25","guid":{"rendered":"https:\/\/roveyayinevi.com.tr\/index.php\/urun\/hukuki-gorusler-2012-ciltli\/"},"modified":"2026-04-16T02:16:48","modified_gmt":"2026-04-15T23:16:48","slug":"hukuki-gorusler-2012-ciltli","status":"publish","type":"product","link":"https:\/\/roveyayinevi.com.tr\/index.php\/urun\/hukuki-gorusler-2012-ciltli\/","title":{"rendered":"Hukuki G\u00f6r\u00fc\u015fler \u2013 2012 (Ciltli)"},"content":{"rendered":"<p>\u0130\u00e7i\u015fleri Bakanl\u0131\u011f\u0131 Hukuk M\u00fc\u015favirli\u011finden her y\u0131l \u00e7ok say\u0131da g\u00f6r\u00fc\u015f istenmektedir. 2012 y\u0131l\u0131nda verilen g\u00f6r\u00fc\u015flerin sistematik bi\u00e7imde s\u0131n\u0131fland\u0131r\u0131lmas\u0131 sonucunda kitap olarak yay\u0131nlanm\u0131\u015ft\u0131r.<\/p>\n","protected":false},"excerpt":{"rendered":"<p>\u0130\u00e7i\u015fleri Bakanl\u0131\u011f\u0131 Hukuk M\u00fc\u015favirli\u011finden her y\u0131l \u00e7ok say\u0131da g\u00f6r\u00fc\u015f istenmektedir. 2012 y\u0131l\u0131nda verilen g\u00f6r\u00fc\u015flerin sistematik bi\u00e7imde s\u0131n\u0131fland\u0131r\u0131lmas\u0131 sonucunda kitap olarak yay\u0131nlanm\u0131\u015ft\u0131r.<\/p>\n","protected":false},"featured_media":0,"template":"","meta":{"_monsterinsights_skip_tracking":false,"_monsterinsights_sitenote_active":false,"_monsterinsights_sitenote_note":"","_monsterinsights_sitenote_category":0},"product_brand":[],"product_cat":[15350,17602],"product_tag":[],"class_list":{"0":"post-708187","1":"product","2":"type-product","3":"status-publish","5":"product_cat-hukuk","6":"product_cat-hukuk-uzerine","7":"pa_cilt-ciltli","8":"pa_tur-kitap","9":"pa_yayinevi-tiav","10":"pa_yazar-dr-hasan-huseyin-can","12":"first","13":"instock","14":"sale","15":"shipping-taxable","16":"purchasable","17":"product-type-simple"},"_links":{"self":[{"href":"https:\/\/roveyayinevi.com.tr\/index.php\/wp-json\/wp\/v2\/product\/708187","targetHints":{"allow":["GET"]}}],"collection":[{"href":"https:\/\/roveyayinevi.com.tr\/index.php\/wp-json\/wp\/v2\/product"}],"about":[{"href":"https:\/\/roveyayinevi.com.tr\/index.php\/wp-json\/wp\/v2\/types\/product"}],"wp:attachment":[{"href":"https:\/\/roveyayinevi.com.tr\/index.php\/wp-json\/wp\/v2\/media?parent=708187"}],"wp:term":[{"taxonomy":"product_brand","embeddable":true,"href":"https:\/\/roveyayinevi.com.tr\/index.php\/wp-json\/wp\/v2\/product_brand?post=708187"},{"taxonomy":"product_cat","embeddable":true,"href":"https:\/\/roveyayinevi.com.tr\/index.php\/wp-json\/wp\/v2\/product_cat?post=708187"},{"taxonomy":"product_tag","embeddable":true,"href":"https:\/\/roveyayinevi.com.tr\/index.php\/wp-json\/wp\/v2\/product_tag?post=708187"}],"curies":[{"name":"wp","href":"https:\/\/api.w.org\/{rel}","templated":true}]}}