{"id":708186,"date":"2025-08-27T16:12:25","date_gmt":"2025-08-27T13:12:25","guid":{"rendered":"https:\/\/roveyayinevi.com.tr\/index.php\/urun\/turkiyede-mulki-idare-tarihsel-gelisim-ve-islevsel-donusum\/"},"modified":"2026-04-16T02:16:48","modified_gmt":"2026-04-15T23:16:48","slug":"turkiyede-mulki-idare-tarihsel-gelisim-ve-islevsel-donusum","status":"publish","type":"product","link":"https:\/\/roveyayinevi.com.tr\/index.php\/urun\/turkiyede-mulki-idare-tarihsel-gelisim-ve-islevsel-donusum\/","title":{"rendered":"T\u00fcrkiye&#8217;de M\u00fclki \u0130dare &#8211; Tarihsel Geli\u015fim ve \u0130\u015flevsel D\u00f6n\u00fc\u015f\u00fcm"},"content":{"rendered":"<p>M\u00fclki idare nedir, ne i\u015fe yarar, \u00f6mr\u00fcn\u00fc tamamlad\u0131 m\u0131? Kapsay\u0131c\u0131 valilikten s\u0131n\u0131rl\u0131 valili\u011fe ge\u00e7i\u015f ne demek? Refah devletinin krizi ve Yeni Sa\u011f politikalar ile m\u00fclki idarenin d\u00f6n\u00fc\u015f\u00fcm\u00fcn\u00fcn ili\u015fkisi ne? B\u00fct\u00fcn\u015fehir Modelinin m\u00fclki idareye etkileri neler? Uluslararas\u0131 kurulu\u015flar ve AB Uyum S\u00fcreci m\u00fclki idarenin d\u00f6n\u00fc\u015f\u00fcm\u00fcn\u00fc nas\u0131l etkiledi? M\u00fclki idareyi tarihsel bak\u0131\u015f a\u00e7\u0131s\u0131yla ve kar\u015f\u0131la\u015ft\u0131rmal\u0131 y\u00f6ntem kullanarak incelemeyi hedefleyen bu kitab\u0131n temel amac\u0131, yerel y\u00f6netimlerde meydana gelen yap\u0131sal ve i\u015flevsel d\u00f6n\u00fc\u015f\u00fcm\u00fcn m\u00fclki idarenin i\u015flevsel d\u00f6n\u00fc\u015f\u00fcm\u00fcne etkilerinin akademik ara\u00e7 ve ama\u00e7larla kapsaml\u0131 bi\u00e7imde analizidir.Son d\u00f6nemde devletin iktidar ve toprak \u00fczerinde hakimiyet kurma bi\u00e7iminde tercihi Yeni Sa\u011f politikalar ve siyasi \u00f6ncelikler nedeniyle m\u00fclki idare \u00fczerinden de\u011fil, yerel y\u00f6netimler \u00fczerinden i\u015f g\u00f6rme bi\u00e7iminde de\u011fi\u015fmi\u015ftir. Devletin yetki kullanma ve i\u015f g\u00f6rme bi\u00e7imine ili\u015fkin ara\u00e7 ve y\u00f6ntemlerinde meydana gelen de\u011fi\u015fiklik m\u00fclki idarenin i\u015flevsel d\u00f6n\u00fc\u015f\u00fcm\u00fcne neden olmu\u015ftur. \u0130\u015flevsel d\u00f6n\u00fc\u015f\u00fcm\u00fc, d\u00f6nemsel geli\u015fmelere uygun olarak yap\u0131lan b\u00f6l\u00fcmlendirme \u00e7er\u00e7evesinde, hangi noktalarda \u00e7\u00f6z\u00fclme getirdi\u011fi, hangi noktalar\u0131n ger\u00e7ekten d\u00f6n\u00fc\u015ft\u00fc\u011f\u00fcne dair her t\u00fcrl\u00fc sonu\u00e7lar\u0131yla birlikte ortaya koyan bu kitap uygulama ve teoriyi birlikte ele almaktad\u0131r.   Bu eser Dr. Ahmet Apan taraf\u0131ndan kaleme al\u0131nm\u0131\u015ft\u0131r <\/p>\n","protected":false},"excerpt":{"rendered":"<p>M\u00fclki idare nedir, ne i\u015fe yarar, \u00f6mr\u00fcn\u00fc tamamlad\u0131 m\u0131? Kapsay\u0131c\u0131 valilikten s\u0131n\u0131rl\u0131 valili\u011fe ge\u00e7i\u015f ne demek? Refah devletinin krizi ve Yeni Sa\u011f politikalar ile m\u00fclki idarenin<span class=\"excerpt-hellip\"> [\u2026]<\/span><\/p>\n","protected":false},"featured_media":0,"template":"","meta":{"_monsterinsights_skip_tracking":false,"_monsterinsights_sitenote_active":false,"_monsterinsights_sitenote_note":"","_monsterinsights_sitenote_category":0},"product_brand":[],"product_cat":[15350,17602],"product_tag":[],"class_list":{"0":"post-708186","1":"product","2":"type-product","3":"status-publish","5":"product_cat-hukuk","6":"product_cat-hukuk-uzerine","7":"pa_cilt-ciltli","8":"pa_tur-kitap","9":"pa_yayinevi-tiav","10":"pa_yazar-ahmet-apan","12":"first","13":"instock","14":"sale","15":"shipping-taxable","16":"purchasable","17":"product-type-simple"},"_links":{"self":[{"href":"https:\/\/roveyayinevi.com.tr\/index.php\/wp-json\/wp\/v2\/product\/708186","targetHints":{"allow":["GET"]}}],"collection":[{"href":"https:\/\/roveyayinevi.com.tr\/index.php\/wp-json\/wp\/v2\/product"}],"about":[{"href":"https:\/\/roveyayinevi.com.tr\/index.php\/wp-json\/wp\/v2\/types\/product"}],"wp:attachment":[{"href":"https:\/\/roveyayinevi.com.tr\/index.php\/wp-json\/wp\/v2\/media?parent=708186"}],"wp:term":[{"taxonomy":"product_brand","embeddable":true,"href":"https:\/\/roveyayinevi.com.tr\/index.php\/wp-json\/wp\/v2\/product_brand?post=708186"},{"taxonomy":"product_cat","embeddable":true,"href":"https:\/\/roveyayinevi.com.tr\/index.php\/wp-json\/wp\/v2\/product_cat?post=708186"},{"taxonomy":"product_tag","embeddable":true,"href":"https:\/\/roveyayinevi.com.tr\/index.php\/wp-json\/wp\/v2\/product_tag?post=708186"}],"curies":[{"name":"wp","href":"https:\/\/api.w.org\/{rel}","templated":true}]}}