{"id":708185,"date":"2025-08-27T16:12:25","date_gmt":"2025-08-27T13:12:25","guid":{"rendered":"https:\/\/roveyayinevi.com.tr\/index.php\/urun\/avrupa-birligi-fonlarindan-nasil-yararlanilir\/"},"modified":"2026-04-16T02:16:48","modified_gmt":"2026-04-15T23:16:48","slug":"avrupa-birligi-fonlarindan-nasil-yararlanilir","status":"publish","type":"product","link":"https:\/\/roveyayinevi.com.tr\/index.php\/urun\/avrupa-birligi-fonlarindan-nasil-yararlanilir\/","title":{"rendered":"Avrupa Birli\u011fi Fonlar\u0131ndan Nas\u0131l Yararlan\u0131l\u0131r ?"},"content":{"rendered":"<p>Bu kitab\u0131n i\u00e7inde Avrupa Birli\u011fine proje haz\u0131rlamada gereken bilgileri bulacaks\u0131n\u0131z. AB Fonlar\u0131 322 farkl\u0131 kalk\u0131nma alan\u0131nda da\u011f\u0131t\u0131lmaktad\u0131r. AB&#8217;ye girmek i\u00e7in ba\u015fvuru yapan bizim de i\u00e7inde oldu\u011fumuz \u00fclkeleri desteklemek i\u00e7in ayr\u0131lan hibe fon tutar\u0131 2010-2013 y\u0131llar\u0131 aras\u0131nda y\u0131ll\u0131k yakla\u015f\u0131k 14 milyar Ruro&#8217;dur. Asl\u0131nda AB fonlar\u0131 d\u00fcnya \u00fczerindeki 11 b\u00fcy\u00fck uluslararas\u0131 fondan sadece biri olup geli\u015fim projeleri pazar\u0131nda y\u0131ll\u0131k 100 milyar dolarl\u0131k proje \u00e7ok say\u0131da uluslararas\u0131 kurulu\u015f taraf\u0131ndan fonlanmaktad\u0131r.  AB Projeleri Uzman\u0131 Veysel Yurdakul taraf\u0131ndan haz\u0131rlanan bu kitap bir rehber \u00e7al\u0131\u015fmas\u0131 olup. E\u011fitim Kurumlar\u0131 ve STK&#8217;lar ba\u015fta olmak \u00fczere \u015firketler, belediyeler, kamu kurulu\u015flar\u0131, sendikalar, kooperatifler, \u00fcniversiteler, Ar-Ge merkezleri ve AB projeleri ve fon yaratma hususunda dan\u0131\u015fmanl\u0131k veren firmalara yol g\u00f6sterecek bir tarzda haz\u0131rlanm\u0131\u015ft\u0131r. <\/p>\n","protected":false},"excerpt":{"rendered":"<p>Bu kitab\u0131n i\u00e7inde Avrupa Birli\u011fine proje haz\u0131rlamada gereken bilgileri bulacaks\u0131n\u0131z. AB Fonlar\u0131 322 farkl\u0131 kalk\u0131nma alan\u0131nda da\u011f\u0131t\u0131lmaktad\u0131r. AB&#8217;ye girmek i\u00e7in ba\u015fvuru yapan bizim de i\u00e7inde oldu\u011fumuz<span class=\"excerpt-hellip\"> [\u2026]<\/span><\/p>\n","protected":false},"featured_media":0,"template":"","meta":{"_monsterinsights_skip_tracking":false,"_monsterinsights_sitenote_active":false,"_monsterinsights_sitenote_note":"","_monsterinsights_sitenote_category":0},"product_brand":[],"product_cat":[12337,14543],"product_tag":[],"class_list":{"0":"post-708185","1":"product","2":"type-product","3":"status-publish","5":"product_cat-politika-siyaset","6":"product_cat-turkiye-siyaseti-ve-politikasi","7":"pa_cilt-ciltsiz","8":"pa_tur-kitap","9":"pa_yayinevi-tiav","10":"pa_yazar-veysel-yurdakul","12":"first","13":"instock","14":"sale","15":"shipping-taxable","16":"purchasable","17":"product-type-simple"},"_links":{"self":[{"href":"https:\/\/roveyayinevi.com.tr\/index.php\/wp-json\/wp\/v2\/product\/708185","targetHints":{"allow":["GET"]}}],"collection":[{"href":"https:\/\/roveyayinevi.com.tr\/index.php\/wp-json\/wp\/v2\/product"}],"about":[{"href":"https:\/\/roveyayinevi.com.tr\/index.php\/wp-json\/wp\/v2\/types\/product"}],"wp:attachment":[{"href":"https:\/\/roveyayinevi.com.tr\/index.php\/wp-json\/wp\/v2\/media?parent=708185"}],"wp:term":[{"taxonomy":"product_brand","embeddable":true,"href":"https:\/\/roveyayinevi.com.tr\/index.php\/wp-json\/wp\/v2\/product_brand?post=708185"},{"taxonomy":"product_cat","embeddable":true,"href":"https:\/\/roveyayinevi.com.tr\/index.php\/wp-json\/wp\/v2\/product_cat?post=708185"},{"taxonomy":"product_tag","embeddable":true,"href":"https:\/\/roveyayinevi.com.tr\/index.php\/wp-json\/wp\/v2\/product_tag?post=708185"}],"curies":[{"name":"wp","href":"https:\/\/api.w.org\/{rel}","templated":true}]}}