{"id":708183,"date":"2025-08-27T16:12:24","date_gmt":"2025-08-27T13:12:24","guid":{"rendered":"https:\/\/roveyayinevi.com.tr\/index.php\/urun\/icisleri-bakanligini-ilgilendiren-danistay-karar-ornekleri-ciltli\/"},"modified":"2026-04-16T02:16:48","modified_gmt":"2026-04-15T23:16:48","slug":"icisleri-bakanligini-ilgilendiren-danistay-karar-ornekleri-ciltli","status":"publish","type":"product","link":"https:\/\/roveyayinevi.com.tr\/index.php\/urun\/icisleri-bakanligini-ilgilendiren-danistay-karar-ornekleri-ciltli\/","title":{"rendered":"\u0130\u00e7i\u015fleri Bakanl\u0131\u011f\u0131n\u0131 \u0130lgilendiren Dan\u0131\u015ftay Karar \u00d6rnekleri (Ciltli)"},"content":{"rendered":"<p>Devlet-toplum ili\u015fkilerinin g\u00fcven ortam\u0131nda in\u015fas\u0131 a\u00e7\u0131s\u0131ndan \u201cadalet\u201d kavram\u0131 anahtar bir rol \u00fcstlenir. Bu sebeple idari yarg\u0131 kapsam\u0131nda Devletin taraf oldu\u011fu uyu\u015fmazl\u0131klarda, taraflar\u0131n hak ve men faatlerinin dengeli olarak de\u011ferlendirilmesi, adil ve hakkaniyete uygun \u00e7\u00f6z\u00fcmlerin bulunmas\u0131 \u00f6nemlidir. Bu ba\u011flamda, Dan\u0131\u015ftay kararlar\u0131 yol g\u00f6sterici bir nitelik ta\u015f\u0131maktad\u0131r.   \u201cAdalet m\u00fclk\u00fcn temelidir,\u201d anlay\u0131\u015f\u0131ndan hareketle haz\u0131rlanan \u0130\u00e7i\u015fleri Bakanl\u0131\u011f\u0131n\u0131 \u0130lgilendiren Dan\u0131\u015ftay Karar \u00d6rnekleri kitab\u0131, sadece \u0130\u00e7i\u015fleri Bakanl\u0131\u011f\u0131 mensuplar\u0131na de\u011fil vatanda\u015fa, kamu kurumlar\u0131na ve hukuk\u00e7ulara y\u00f6nelik \u00f6nemli bir bilgi kayna\u011f\u0131 olu\u015fturmaktad\u0131r.   Kitab\u0131n edit\u00f6rl\u00fc\u011f\u00fcn\u00fc, \u0130\u00e7i\u015fleri Bakanl\u0131\u011f\u0131 Hukuk M\u00fc\u015faviri Adnan T\u00fcrkdamar \u00fcstlenmi\u015ftir.  <\/p>\n","protected":false},"excerpt":{"rendered":"<p>Devlet-toplum ili\u015fkilerinin g\u00fcven ortam\u0131nda in\u015fas\u0131 a\u00e7\u0131s\u0131ndan \u201cadalet\u201d kavram\u0131 anahtar bir rol \u00fcstlenir. Bu sebeple idari yarg\u0131 kapsam\u0131nda Devletin taraf oldu\u011fu uyu\u015fmazl\u0131klarda, taraflar\u0131n hak ve men faatlerinin<span class=\"excerpt-hellip\"> [\u2026]<\/span><\/p>\n","protected":false},"featured_media":0,"template":"","meta":{"_monsterinsights_skip_tracking":false,"_monsterinsights_sitenote_active":false,"_monsterinsights_sitenote_note":"","_monsterinsights_sitenote_category":0},"product_brand":[],"product_cat":[15350,17602],"product_tag":[],"class_list":{"0":"post-708183","1":"product","2":"type-product","3":"status-publish","5":"product_cat-hukuk","6":"product_cat-hukuk-uzerine","7":"pa_cilt-ciltli","8":"pa_tur-kitap","9":"pa_yayinevi-tiav","10":"pa_yazar-kolektif","12":"first","13":"instock","14":"sale","15":"shipping-taxable","16":"purchasable","17":"product-type-simple"},"_links":{"self":[{"href":"https:\/\/roveyayinevi.com.tr\/index.php\/wp-json\/wp\/v2\/product\/708183","targetHints":{"allow":["GET"]}}],"collection":[{"href":"https:\/\/roveyayinevi.com.tr\/index.php\/wp-json\/wp\/v2\/product"}],"about":[{"href":"https:\/\/roveyayinevi.com.tr\/index.php\/wp-json\/wp\/v2\/types\/product"}],"wp:attachment":[{"href":"https:\/\/roveyayinevi.com.tr\/index.php\/wp-json\/wp\/v2\/media?parent=708183"}],"wp:term":[{"taxonomy":"product_brand","embeddable":true,"href":"https:\/\/roveyayinevi.com.tr\/index.php\/wp-json\/wp\/v2\/product_brand?post=708183"},{"taxonomy":"product_cat","embeddable":true,"href":"https:\/\/roveyayinevi.com.tr\/index.php\/wp-json\/wp\/v2\/product_cat?post=708183"},{"taxonomy":"product_tag","embeddable":true,"href":"https:\/\/roveyayinevi.com.tr\/index.php\/wp-json\/wp\/v2\/product_tag?post=708183"}],"curies":[{"name":"wp","href":"https:\/\/api.w.org\/{rel}","templated":true}]}}