{"id":708182,"date":"2025-08-27T16:12:23","date_gmt":"2025-08-27T13:12:23","guid":{"rendered":"https:\/\/roveyayinevi.com.tr\/index.php\/urun\/toplumda-icisleri-bakanligi-ve-mulki-idare-amirleri-algisi-rapor-2-medya-analizi\/"},"modified":"2026-04-16T02:16:48","modified_gmt":"2026-04-15T23:16:48","slug":"toplumda-icisleri-bakanligi-ve-mulki-idare-amirleri-algisi-rapor-2-medya-analizi","status":"publish","type":"product","link":"https:\/\/roveyayinevi.com.tr\/index.php\/urun\/toplumda-icisleri-bakanligi-ve-mulki-idare-amirleri-algisi-rapor-2-medya-analizi\/","title":{"rendered":"Toplumda \u0130\u00e7i\u015fleri Bakanl\u0131\u011f\u0131 Ve M\u00fclki \u0130dare Amirleri Alg\u0131s\u0131 &#8211; Rapor 2 Medya Analizi"},"content":{"rendered":"<p>\u0130nsanlar\u0131n \u00e7ok h\u0131zlanan ve karma\u015f\u0131kla\u015fan ya\u015famda, bir\u00e7ok alanda bizzat kendisinin deneyim ya\u015famas\u0131na ne imk\u00e2n ne de zaman vard\u0131r. Bu nedenle \u00f6znel deneyimin yerini giderek medya arac\u0131l\u0131\u011f\u0131yla g\u00f6zlem ve deneyim almaktad\u0131r. G\u00fcn\u00fcm\u00fczde medya, art\u0131k insanlar\u0131n g\u00f6z\u00fc, kula\u011f\u0131 durumundad\u0131r. 0, olmadan ne hakk\u0131nda nas\u0131l d\u00fc\u015f\u00fcnece\u011fimiz, neyin iyi, neyin k\u00f6t\u00fc oldu\u011fu, nerede tatil yapabilece\u011fimiz, nerede yapamayaca\u011f\u0131m\u0131z, ki\u015filer hakk\u0131nda nas\u0131l d\u00fc\u015f\u00fcnece\u011fimiz gibi konularda karar vermek m\u00fcmk\u00fcn de\u011fildir. Ayr\u0131ca medyada yer almayan hi\u00e7bir \u015fey ger\u00e7ek de\u011fil, medyada savunulmayan hi\u00e7bir g\u00f6r\u00fc\u015f ge\u00e7erli de\u011fil, yer almayan hi\u00e7bir kurum ve ki\u015fi mevcut de\u011fildir.  Bu a\u00e7\u0131dan insanlar\u0131n kurumlara, ki\u015filere y\u00f6nelik bak\u0131\u015f a\u00e7\u0131lar\u0131n\u0131 ve de\u011ferlendirme kal\u0131plar\u0131n\u0131 \u015fekillendiren ve bi\u00e7imlendiren art\u0131k medyad\u0131r. Bu nedenle medyan\u0131n kurumlar\u0131 ve temsilcileri ya da y\u00f6neticilerini nas\u0131l ele al\u0131p sundu\u011fu konusu b\u00fcy\u00fck \u00f6nem arz etmektedir. Bu ba\u011flamda, 01 Ocak 2013-10 May\u0131s 2013 tarihleri aras\u0131ndaki zaman dilimini kapsayan bu \u00e7al\u0131\u015fma, yaz\u0131l\u0131 ve g\u00f6rsel medyan\u0131n \u0130\u00e7i\u015fleri Bakanl\u0131\u011f\u0131 ve m\u00fclki idare amirlerini nas\u0131l alg\u0131lay\u0131p sundu\u011funu analiz etmeyi ama\u00e7lamaktad\u0131r. <\/p>\n","protected":false},"excerpt":{"rendered":"<p>\u0130nsanlar\u0131n \u00e7ok h\u0131zlanan ve karma\u015f\u0131kla\u015fan ya\u015famda, bir\u00e7ok alanda bizzat kendisinin deneyim ya\u015famas\u0131na ne imk\u00e2n ne de zaman vard\u0131r. Bu nedenle \u00f6znel deneyimin yerini giderek medya arac\u0131l\u0131\u011f\u0131yla<span class=\"excerpt-hellip\"> [\u2026]<\/span><\/p>\n","protected":false},"featured_media":0,"template":"","meta":{"_monsterinsights_skip_tracking":false,"_monsterinsights_sitenote_active":false,"_monsterinsights_sitenote_note":"","_monsterinsights_sitenote_category":0},"product_brand":[],"product_cat":[15350,17602],"product_tag":[],"class_list":{"0":"post-708182","1":"product","2":"type-product","3":"status-publish","5":"product_cat-hukuk","6":"product_cat-hukuk-uzerine","7":"pa_cilt-ciltsiz","8":"pa_tur-kitap","9":"pa_yayinevi-tiav","10":"pa_yazar-kolektif","12":"first","13":"instock","14":"sale","15":"shipping-taxable","16":"purchasable","17":"product-type-simple"},"_links":{"self":[{"href":"https:\/\/roveyayinevi.com.tr\/index.php\/wp-json\/wp\/v2\/product\/708182","targetHints":{"allow":["GET"]}}],"collection":[{"href":"https:\/\/roveyayinevi.com.tr\/index.php\/wp-json\/wp\/v2\/product"}],"about":[{"href":"https:\/\/roveyayinevi.com.tr\/index.php\/wp-json\/wp\/v2\/types\/product"}],"wp:attachment":[{"href":"https:\/\/roveyayinevi.com.tr\/index.php\/wp-json\/wp\/v2\/media?parent=708182"}],"wp:term":[{"taxonomy":"product_brand","embeddable":true,"href":"https:\/\/roveyayinevi.com.tr\/index.php\/wp-json\/wp\/v2\/product_brand?post=708182"},{"taxonomy":"product_cat","embeddable":true,"href":"https:\/\/roveyayinevi.com.tr\/index.php\/wp-json\/wp\/v2\/product_cat?post=708182"},{"taxonomy":"product_tag","embeddable":true,"href":"https:\/\/roveyayinevi.com.tr\/index.php\/wp-json\/wp\/v2\/product_tag?post=708182"}],"curies":[{"name":"wp","href":"https:\/\/api.w.org\/{rel}","templated":true}]}}