{"id":708181,"date":"2025-08-27T16:12:23","date_gmt":"2025-08-27T13:12:23","guid":{"rendered":"https:\/\/roveyayinevi.com.tr\/index.php\/urun\/toplumda-icisleri-bakanligi-ve-mulki-idare-amirleri-algisi-rapor-1-vatandas-algisi\/"},"modified":"2026-04-16T02:16:48","modified_gmt":"2026-04-15T23:16:48","slug":"toplumda-icisleri-bakanligi-ve-mulki-idare-amirleri-algisi-rapor-1-vatandas-algisi","status":"publish","type":"product","link":"https:\/\/roveyayinevi.com.tr\/index.php\/urun\/toplumda-icisleri-bakanligi-ve-mulki-idare-amirleri-algisi-rapor-1-vatandas-algisi\/","title":{"rendered":"Toplumda \u0130\u00e7i\u015fleri Bakanl\u0131\u011f\u0131 Ve M\u00fclki \u0130dare Amirleri Alg\u0131s\u0131 &#8211; Rapor 1 Vatanda\u015f Alg\u0131s\u0131"},"content":{"rendered":"<p>Toplumda \u0130\u00e7i\u015fleri Bakanl\u0131\u011f\u0131 ve M\u00fclki \u0130dare Amirleri Alg\u0131s\u0131 Projesi kapsam\u0131nda hem il idaresi, yerel y\u00f6netimler, n\u00fcfus, sivil toplum, i\u00e7 g\u00fcvenlik gibi geni\u015f bir alanda faaliyet g\u00f6steren \u0130\u00e7i\u015fleri Bakanl\u0131\u011f\u0131&#8217;n\u0131n, hem de \u00fclke genelinde kamu y\u00f6netiminin omurgas\u0131n\u0131 olu\u015fturan m\u00fclki idare amirlerinin toplumda ve medyada olu\u015fan alg\u0131lar\u0131n\u0131n \u00f6l\u00e7\u00fclmesi ama\u00e7lanm\u0131\u015ft\u0131r.  Farkl\u0131 a\u015famalardan meydana gelen bu projenin ilk a\u015famas\u0131n\u0131 \u0130\u00e7i\u015fleri Bakanl\u0131\u011f\u0131 ve M\u00fclki \u0130dare Amirlerinin vatanda\u015f nezdindeki alg\u0131s\u0131 olu\u015fturmaktad\u0131r. Bu ama\u00e7 do\u011frultusunda \u00fclke genelinde kapsaml\u0131 bir anket \u00e7al\u0131\u015fmas\u0131 y\u00fcr\u00fct\u00fclm\u00fc\u015ft\u00fcr. Bu anket \u00e7al\u0131\u015fmas\u0131ndan elde edilen verilerin de\u011ferlendirilerek rapor haline getirilmesi sonucunda bu kitap ortaya \u00e7\u0131km\u0131\u015ft\u0131r. <\/p>\n","protected":false},"excerpt":{"rendered":"<p>Toplumda \u0130\u00e7i\u015fleri Bakanl\u0131\u011f\u0131 ve M\u00fclki \u0130dare Amirleri Alg\u0131s\u0131 Projesi kapsam\u0131nda hem il idaresi, yerel y\u00f6netimler, n\u00fcfus, sivil toplum, i\u00e7 g\u00fcvenlik gibi geni\u015f bir alanda faaliyet g\u00f6steren<span class=\"excerpt-hellip\"> [\u2026]<\/span><\/p>\n","protected":false},"featured_media":0,"template":"","meta":{"_monsterinsights_skip_tracking":false,"_monsterinsights_sitenote_active":false,"_monsterinsights_sitenote_note":"","_monsterinsights_sitenote_category":0},"product_brand":[],"product_cat":[12351,12324],"product_tag":[],"class_list":{"0":"post-708181","1":"product","2":"type-product","3":"status-publish","5":"product_cat-siyaset-sosyolojisi","6":"product_cat-sosyoloji","7":"pa_cilt-ciltsiz","8":"pa_tur-kitap","9":"pa_yayinevi-tiav","10":"pa_yazar-kolektif","12":"first","13":"instock","14":"sale","15":"shipping-taxable","16":"purchasable","17":"product-type-simple"},"_links":{"self":[{"href":"https:\/\/roveyayinevi.com.tr\/index.php\/wp-json\/wp\/v2\/product\/708181","targetHints":{"allow":["GET"]}}],"collection":[{"href":"https:\/\/roveyayinevi.com.tr\/index.php\/wp-json\/wp\/v2\/product"}],"about":[{"href":"https:\/\/roveyayinevi.com.tr\/index.php\/wp-json\/wp\/v2\/types\/product"}],"wp:attachment":[{"href":"https:\/\/roveyayinevi.com.tr\/index.php\/wp-json\/wp\/v2\/media?parent=708181"}],"wp:term":[{"taxonomy":"product_brand","embeddable":true,"href":"https:\/\/roveyayinevi.com.tr\/index.php\/wp-json\/wp\/v2\/product_brand?post=708181"},{"taxonomy":"product_cat","embeddable":true,"href":"https:\/\/roveyayinevi.com.tr\/index.php\/wp-json\/wp\/v2\/product_cat?post=708181"},{"taxonomy":"product_tag","embeddable":true,"href":"https:\/\/roveyayinevi.com.tr\/index.php\/wp-json\/wp\/v2\/product_tag?post=708181"}],"curies":[{"name":"wp","href":"https:\/\/api.w.org\/{rel}","templated":true}]}}