{"id":708180,"date":"2025-08-27T16:12:23","date_gmt":"2025-08-27T13:12:23","guid":{"rendered":"https:\/\/roveyayinevi.com.tr\/index.php\/urun\/toplumda-icisleri-bakanligi-ve-mulki-idare-amirleri-algisi-rapor-4-mulki-idare-amirlerinin-algisi\/"},"modified":"2026-04-16T02:16:48","modified_gmt":"2026-04-15T23:16:48","slug":"toplumda-icisleri-bakanligi-ve-mulki-idare-amirleri-algisi-rapor-4-mulki-idare-amirlerinin-algisi","status":"publish","type":"product","link":"https:\/\/roveyayinevi.com.tr\/index.php\/urun\/toplumda-icisleri-bakanligi-ve-mulki-idare-amirleri-algisi-rapor-4-mulki-idare-amirlerinin-algisi\/","title":{"rendered":"Toplumda \u0130\u00e7i\u015fleri Bakanl\u0131\u011f\u0131 Ve M\u00fclki \u0130dare Amirleri Alg\u0131s\u0131 &#8211; Rapor 4 M\u00fclki \u0130dare Amirlerinin Alg\u0131s\u0131"},"content":{"rendered":"<p>Kitap Hakk\u0131ndaKitab\u0131n K\u00fcnyesiBu ara\u015ft\u0131rma, \u0130\u00e7i\u015fleri Bakanl\u0131\u011f\u0131 taraf\u0131ndan y\u00fcr\u00fct\u00fclen \u201cToplumda \u0130\u00e7i\u015fleri Bakanl\u0131\u011f\u0131 ve M\u00fclki \u0130dare Amirleri Alg\u0131s\u0131\u201d ba\u015fl\u0131kl\u0131 projenin bir k\u0131sm\u0131n\u0131 olu\u015fturmaktad\u0131r. Bu ara\u015ft\u0131rman\u0131n amac\u0131, m\u00fclki idare amirlerinin g\u00f6z\u00fcnden m\u00fclki idare sistem ve mesle\u011finin g\u00fc\u00e7l\u00fc ve zay\u0131f yanlar\u0131n\u0131 ve gelece\u011fe ili\u015fkin tasavvurlar\u0131 tespit etmektir. Ayr\u0131ca m\u00fclki idare amirlerinin, \u0130\u00e7i\u015fleri Bakanl\u0131\u011f\u0131na ili\u015fkin alg\u0131lar\u0131 da ara\u015ft\u0131rman\u0131n kapsam\u0131 i\u00e7inde bulunmaktad\u0131r.Bu \u00e7al\u0131\u015fma, 20 \u015eubat ile 20 Mart 2014 tarihleri aras\u0131nda T\u00fcrkiye\u2019nin 80 ilin valisi ve 35 ilin vali yard\u0131mc\u0131lar\u0131, kaymakamlar\u0131 ve hukuk i\u015fleri m\u00fcd\u00fcr\u00fc ile yap\u0131lan anket \u00e7al\u0131\u015fmas\u0131n\u0131n bulgular\u0131n\u0131 i\u00e7ermektedir.Konu Ba\u015fl\u0131klar\u0131\ufffcAra\u015ft\u0131rman\u0131n Amac\u0131, Kapsam\u0131 ve Y\u00f6ntemi\ufffcAnkete Kat\u0131lan M\u00fclki \u0130dare Amirlerinin Sosyo\u2013Demografik \u00d6zellikleri ve Mesleki Formasyonlar\u0131\ufffcM\u00fclki \u0130dare Amirlerinin \u0130\u00e7i\u015fleri Bakanl\u0131\u011f\u0131 Alg\u0131s\u0131\ufffcKaymakam Adaylar\u0131n\u0131n Se\u00e7imi\ufffcM\u00fclki \u0130dare Amirlerinin M\u00fclki \u0130dare Amirli\u011fi Alg\u0131s\u0131\ufffcM\u00fclki \u0130dare Amirlerinin \u0130li\u015fkileri ve \u0130li\u015fkilerde Ya\u015fanan Sorunlar\ufffcM\u00fclki \u0130dare Amirlerinin G\u00f6z\u00fcnden M\u00fclki \u0130dare Sisteminin ve Mesle\u011finin Gelece\u011fi <\/p>\n","protected":false},"excerpt":{"rendered":"<p>Kitap Hakk\u0131ndaKitab\u0131n K\u00fcnyesiBu ara\u015ft\u0131rma, \u0130\u00e7i\u015fleri Bakanl\u0131\u011f\u0131 taraf\u0131ndan y\u00fcr\u00fct\u00fclen \u201cToplumda \u0130\u00e7i\u015fleri Bakanl\u0131\u011f\u0131 ve M\u00fclki \u0130dare Amirleri Alg\u0131s\u0131\u201d ba\u015fl\u0131kl\u0131 projenin bir k\u0131sm\u0131n\u0131 olu\u015fturmaktad\u0131r. Bu ara\u015ft\u0131rman\u0131n amac\u0131, m\u00fclki idare<span class=\"excerpt-hellip\"> [\u2026]<\/span><\/p>\n","protected":false},"featured_media":0,"template":"","meta":{"_monsterinsights_skip_tracking":false,"_monsterinsights_sitenote_active":false,"_monsterinsights_sitenote_note":"","_monsterinsights_sitenote_category":0},"product_brand":[],"product_cat":[13043,14381],"product_tag":[],"class_list":{"0":"post-708180","1":"product","2":"type-product","3":"status-publish","5":"product_cat-ekonomi","6":"product_cat-isletme-muhasebe-maliye","7":"pa_cilt-ciltsiz","8":"pa_tur-kitap","9":"pa_yayinevi-tiav","10":"pa_yazar-kolektif","12":"first","13":"instock","14":"sale","15":"shipping-taxable","16":"purchasable","17":"product-type-simple"},"_links":{"self":[{"href":"https:\/\/roveyayinevi.com.tr\/index.php\/wp-json\/wp\/v2\/product\/708180","targetHints":{"allow":["GET"]}}],"collection":[{"href":"https:\/\/roveyayinevi.com.tr\/index.php\/wp-json\/wp\/v2\/product"}],"about":[{"href":"https:\/\/roveyayinevi.com.tr\/index.php\/wp-json\/wp\/v2\/types\/product"}],"wp:attachment":[{"href":"https:\/\/roveyayinevi.com.tr\/index.php\/wp-json\/wp\/v2\/media?parent=708180"}],"wp:term":[{"taxonomy":"product_brand","embeddable":true,"href":"https:\/\/roveyayinevi.com.tr\/index.php\/wp-json\/wp\/v2\/product_brand?post=708180"},{"taxonomy":"product_cat","embeddable":true,"href":"https:\/\/roveyayinevi.com.tr\/index.php\/wp-json\/wp\/v2\/product_cat?post=708180"},{"taxonomy":"product_tag","embeddable":true,"href":"https:\/\/roveyayinevi.com.tr\/index.php\/wp-json\/wp\/v2\/product_tag?post=708180"}],"curies":[{"name":"wp","href":"https:\/\/api.w.org\/{rel}","templated":true}]}}