{"id":708179,"date":"2025-08-27T16:12:22","date_gmt":"2025-08-27T13:12:22","guid":{"rendered":"https:\/\/roveyayinevi.com.tr\/index.php\/urun\/toplumda-icisleri-bakanligi-ve-mulki-idare-amirleri-algisi-rapor-3-toplumun-farkli-kesimlerinin-algisi\/"},"modified":"2026-04-16T02:16:48","modified_gmt":"2026-04-15T23:16:48","slug":"toplumda-icisleri-bakanligi-ve-mulki-idare-amirleri-algisi-rapor-3-toplumun-farkli-kesimlerinin-algisi","status":"publish","type":"product","link":"https:\/\/roveyayinevi.com.tr\/index.php\/urun\/toplumda-icisleri-bakanligi-ve-mulki-idare-amirleri-algisi-rapor-3-toplumun-farkli-kesimlerinin-algisi\/","title":{"rendered":"Toplumda \u0130\u00e7i\u015fleri Bakanl\u0131\u011f\u0131 Ve M\u00fclki \u0130dare Amirleri Alg\u0131s\u0131 &#8211; Rapor 3 Toplumun Farkl\u0131 Kesimlerinin Alg\u0131s\u0131"},"content":{"rendered":"<p>Bu ara\u015ft\u0131rma, \u0130\u00e7i\u015fleri Bakanl\u0131\u011f\u0131 ve m\u00fclki idare amirleri ile ili\u015fki i\u00e7inde olan baz\u0131 grup ve ki\u015filerin, \u0130\u00e7i\u015fleri Bakanl\u0131\u011f\u0131\u2019na ve m\u00fclki idare amirlerine ili\u015fkin alg\u0131s\u0131n\u0131 belirleme ve bu alg\u0131n\u0131n \u00e7e\u015fitli grup ve ki\u015filere g\u00f6re farkl\u0131l\u0131k g\u00f6sterip g\u00f6stermedi\u011finin saptanmas\u0131 amac\u0131n\u0131 ta\u015f\u0131maktad\u0131r.  Bu \u00e7er\u00e7evede \u0130\u00e7i\u015fleri Bakanl\u0131\u011f\u0131\u2019n\u0131n karar ve eylemlerinden do\u011frudan ya da dolayl\u0131 olarak etkilenen baz\u0131 grup ya da ki\u015filerin, \u0130\u00e7i\u015fleri Bakanl\u0131\u011f\u0131 ve m\u00fclki idare amirleri hakk\u0131nda ne d\u00fc\u015f\u00fcnd\u00fckleri, ki\u015fisel ili\u015fkileri olup olmad\u0131\u011f\u0131, i\u015flerinin d\u00fc\u015f\u00fcp d\u00fc\u015fmedi\u011fi, kurum personelinin yakla\u015f\u0131m\u0131, duyulan g\u00fcven ve memnuniyet, beklentiler, g\u00f6rev ve i\u015flevleri hakk\u0131ndaki d\u00fc\u015f\u00fcnceleri, m\u00fclki idare amirlerinin sahip olmas\u0131n\u0131 istedikleri niteliklerin neler oldu\u011fu gibi sorulara ili\u015fkin g\u00f6r\u00fc\u015f, d\u00fc\u015f\u00fcnce ve tepkileri \u00f6\u011frenilmeye ve \u00f6l\u00e7\u00fclmeye \u00e7al\u0131\u015f\u0131lm\u0131\u015ft\u0131r. Bu \u00e7al\u0131\u015fma, T\u00fcrkiye genelinde muhtarlar, STK temsilcileri, eski belediye ba\u015fkanlar\u0131, eski milletvekilleri ve avukatlara uygulanan anket \u00e7al\u0131\u015fmalar\u0131n\u0131n bulgular\u0131n\u0131 i\u00e7ermektedir. Konu Ba\u015fl\u0131klar\u0131\ufffcMuhtarlar\u0131n \u0130\u00e7i\u015fleri Bakanl\u0131\u011f\u0131 ve M\u00fclki \u0130dare Amirlerine \u0130li\u015fkin Alg\u0131lar\u0131\ufffcSivil Toplum \u00d6rg\u00fctleri Mensuplar\u0131n\u0131n \u0130\u00e7i\u015fleri Bakanl\u0131\u011f\u0131 ve M\u00fclki \u0130dare Amirlerine \u0130li\u015fkin Alg\u0131lar\u0131\ufffcEski Belediye Ba\u015fkanlar\u0131n\u0131n \u0130\u00e7i\u015fleri Bakanl\u0131\u011f\u0131 ve M\u00fclki \u0130dare Amirlerine \u0130li\u015fkin Alg\u0131lar\u0131\ufffcEski Milletvekillerinin \u0130\u00e7i\u015fleri Bakanl\u0131\u011f\u0131 ve M\u00fclki \u0130dare Amirlerine \u0130li\u015fkin Alg\u0131lar\u0131\ufffcAvukatlar\u0131n \u0130\u00e7i\u015fleri Bakanl\u0131\u011f\u0131 ve M\u00fclki \u0130dare Amirleri Alg\u0131s\u0131 <\/p>\n","protected":false},"excerpt":{"rendered":"<p>Bu ara\u015ft\u0131rma, \u0130\u00e7i\u015fleri Bakanl\u0131\u011f\u0131 ve m\u00fclki idare amirleri ile ili\u015fki i\u00e7inde olan baz\u0131 grup ve ki\u015filerin, \u0130\u00e7i\u015fleri Bakanl\u0131\u011f\u0131\u2019na ve m\u00fclki idare amirlerine ili\u015fkin alg\u0131s\u0131n\u0131 belirleme ve<span class=\"excerpt-hellip\"> [\u2026]<\/span><\/p>\n","protected":false},"featured_media":0,"template":"","meta":{"_monsterinsights_skip_tracking":false,"_monsterinsights_sitenote_active":false,"_monsterinsights_sitenote_note":"","_monsterinsights_sitenote_category":0},"product_brand":[],"product_cat":[13590,12337],"product_tag":[],"class_list":{"0":"post-708179","1":"product","2":"type-product","3":"status-publish","5":"product_cat-arastirma-inceleme-politika-siyaset","6":"product_cat-politika-siyaset","7":"pa_cilt-ciltsiz","8":"pa_tur-kitap","9":"pa_yayinevi-tiav","10":"pa_yazar-kolektif","12":"first","13":"instock","14":"sale","15":"shipping-taxable","16":"purchasable","17":"product-type-simple"},"_links":{"self":[{"href":"https:\/\/roveyayinevi.com.tr\/index.php\/wp-json\/wp\/v2\/product\/708179","targetHints":{"allow":["GET"]}}],"collection":[{"href":"https:\/\/roveyayinevi.com.tr\/index.php\/wp-json\/wp\/v2\/product"}],"about":[{"href":"https:\/\/roveyayinevi.com.tr\/index.php\/wp-json\/wp\/v2\/types\/product"}],"wp:attachment":[{"href":"https:\/\/roveyayinevi.com.tr\/index.php\/wp-json\/wp\/v2\/media?parent=708179"}],"wp:term":[{"taxonomy":"product_brand","embeddable":true,"href":"https:\/\/roveyayinevi.com.tr\/index.php\/wp-json\/wp\/v2\/product_brand?post=708179"},{"taxonomy":"product_cat","embeddable":true,"href":"https:\/\/roveyayinevi.com.tr\/index.php\/wp-json\/wp\/v2\/product_cat?post=708179"},{"taxonomy":"product_tag","embeddable":true,"href":"https:\/\/roveyayinevi.com.tr\/index.php\/wp-json\/wp\/v2\/product_tag?post=708179"}],"curies":[{"name":"wp","href":"https:\/\/api.w.org\/{rel}","templated":true}]}}