{"id":708177,"date":"2025-08-27T16:12:21","date_gmt":"2025-08-27T13:12:21","guid":{"rendered":"https:\/\/roveyayinevi.com.tr\/index.php\/urun\/1864-vilayet-nizamnamesi\/"},"modified":"2026-04-16T02:16:48","modified_gmt":"2026-04-15T23:16:48","slug":"1864-vilayet-nizamnamesi","status":"publish","type":"product","link":"https:\/\/roveyayinevi.com.tr\/index.php\/urun\/1864-vilayet-nizamnamesi\/","title":{"rendered":"1864 Vilayet Nizamnamesi"},"content":{"rendered":"<p>1864 Vilayet Nizamnamesi ve getirdikleri, g\u00fcn\u00fcm\u00fcz\u00fc anlamak i\u00e7in tarihten ders \u00e7\u0131karmak isteyenlere son derece \u00f6nemli bilgiler sunmaktad\u0131r. Vilayet Nizamnamesinin 150. Y\u0131l\u0131nda 6-7 Ekim 2014 tarihlerinde Ankara\u2019da \u0130\u00e7i\u015fleri Bakanl\u0131\u011f\u0131, TODA\u0130E ve T\u0130AV i\u015fbirli\u011finde d\u00fczenlenen Uluslararas\u0131 Sempozyumda sunulan bildirilerin yer verildi\u011fi eser, TODA\u0130E ve T\u0130AV ortak yay\u0131n\u0131 olarak k\u00fclt\u00fcr d\u00fcnyam\u0131za kazand\u0131r\u0131lm\u0131\u015ft\u0131r. Konu Ba\u015fl\u0131klar\u0131\ufffcOsmanl\u0131 Klasik D\u00f6neminde M\u00fclki Te\u015fkilat\ufffc1864 Nizamnamesi&#8217;ne G\u00f6re Osmanl\u0131 Ta\u015fras\u0131nda M\u00fclki Te\u015fkilat\ufffc1864 Vilayet Nizamnamesi ve Osmanl\u0131 Ta\u015fras\u0131\ufffc1864 Vilayet Nizamnamesinden G\u00fcn\u00fcm\u00fcze <\/p>\n","protected":false},"excerpt":{"rendered":"<p>1864 Vilayet Nizamnamesi ve getirdikleri, g\u00fcn\u00fcm\u00fcz\u00fc anlamak i\u00e7in tarihten ders \u00e7\u0131karmak isteyenlere son derece \u00f6nemli bilgiler sunmaktad\u0131r. Vilayet Nizamnamesinin 150. Y\u0131l\u0131nda 6-7 Ekim 2014 tarihlerinde Ankara\u2019da<span class=\"excerpt-hellip\"> [\u2026]<\/span><\/p>\n","protected":false},"featured_media":0,"template":"","meta":{"_monsterinsights_skip_tracking":false,"_monsterinsights_sitenote_active":false,"_monsterinsights_sitenote_note":"","_monsterinsights_sitenote_category":0},"product_brand":[],"product_cat":[12370,12304],"product_tag":[],"class_list":{"0":"post-708177","1":"product","2":"type-product","3":"status-publish","5":"product_cat-arastirma-inceleme","6":"product_cat-tarih","7":"pa_cilt-ciltsiz","8":"pa_tur-kitap","9":"pa_yayinevi-tiav","10":"pa_yazar-erkan-tural","12":"first","13":"instock","14":"sale","15":"shipping-taxable","16":"purchasable","17":"product-type-simple"},"_links":{"self":[{"href":"https:\/\/roveyayinevi.com.tr\/index.php\/wp-json\/wp\/v2\/product\/708177","targetHints":{"allow":["GET"]}}],"collection":[{"href":"https:\/\/roveyayinevi.com.tr\/index.php\/wp-json\/wp\/v2\/product"}],"about":[{"href":"https:\/\/roveyayinevi.com.tr\/index.php\/wp-json\/wp\/v2\/types\/product"}],"wp:attachment":[{"href":"https:\/\/roveyayinevi.com.tr\/index.php\/wp-json\/wp\/v2\/media?parent=708177"}],"wp:term":[{"taxonomy":"product_brand","embeddable":true,"href":"https:\/\/roveyayinevi.com.tr\/index.php\/wp-json\/wp\/v2\/product_brand?post=708177"},{"taxonomy":"product_cat","embeddable":true,"href":"https:\/\/roveyayinevi.com.tr\/index.php\/wp-json\/wp\/v2\/product_cat?post=708177"},{"taxonomy":"product_tag","embeddable":true,"href":"https:\/\/roveyayinevi.com.tr\/index.php\/wp-json\/wp\/v2\/product_tag?post=708177"}],"curies":[{"name":"wp","href":"https:\/\/api.w.org\/{rel}","templated":true}]}}