{"id":708175,"date":"2025-08-27T16:12:21","date_gmt":"2025-08-27T13:12:21","guid":{"rendered":"https:\/\/roveyayinevi.com.tr\/index.php\/urun\/insan-vucudu-2\/"},"modified":"2026-02-03T02:28:12","modified_gmt":"2026-02-02T23:28:12","slug":"insan-vucudu-2","status":"publish","type":"product","link":"https:\/\/roveyayinevi.com.tr\/index.php\/urun\/insan-vucudu-2\/","title":{"rendered":"\u0130nsan V\u00fccudu"},"content":{"rendered":"<p>Ne kadar harika oldu\u011funuzu ke\u015ffedin! \u0130nsan V\u00fccudu&#8217;nu hi\u00e7 b\u00f6yle g\u00f6rmediniz! Yeni bir konuyu \u00f6\u011frenmek i\u00e7in posterli kitap gibisi yoktur. Bu kitab\u0131n i\u00e7indeki sayfalar, ayn\u0131 zamanda dev bir postere d\u00f6n\u00fc\u015febiliyor. \u0130nsan V\u00fccudu&#8217;nun i\u00e7indeki bilgiler ve dev posterle v\u00fccudumuzun nas\u0131l \u00e7al\u0131\u015ft\u0131\u011f\u0131n\u0131 t\u00fcm detaylar\u0131yla g\u00f6recek, organlar\u0131n\u0131z\u0131n aras\u0131nda heyecan verici bir yolculu\u011fa \u00e7\u0131kacaks\u0131n\u0131z. Bu posteri evinizde ya da s\u0131n\u0131f\u0131n\u0131zda rahatl\u0131kla kullanabilirsiniz. <\/p>\n","protected":false},"excerpt":{"rendered":"<p>Ne kadar harika oldu\u011funuzu ke\u015ffedin! \u0130nsan V\u00fccudu&#8217;nu hi\u00e7 b\u00f6yle g\u00f6rmediniz! Yeni bir konuyu \u00f6\u011frenmek i\u00e7in posterli kitap gibisi yoktur. Bu kitab\u0131n i\u00e7indeki sayfalar, ayn\u0131 zamanda dev<span class=\"excerpt-hellip\"> [\u2026]<\/span><\/p>\n","protected":false},"featured_media":0,"template":"","meta":{"_monsterinsights_skip_tracking":false,"_monsterinsights_sitenote_active":false,"_monsterinsights_sitenote_note":"","_monsterinsights_sitenote_category":0},"product_brand":[],"product_cat":[12275,12274],"product_tag":[],"class_list":{"0":"post-708175","1":"product","2":"type-product","3":"status-publish","5":"product_cat-6-12-yas-kitaplari","6":"product_cat-cocuk-ve-genclik-kitaplari","7":"pa_cilt-ciltli","8":"pa_tur-kitap","9":"pa_yayinevi-beyaz-balina-yayinlari","10":"pa_yazar-kolektif","12":"first","13":"instock","14":"sale","15":"shipping-taxable","16":"purchasable","17":"product-type-simple"},"_links":{"self":[{"href":"https:\/\/roveyayinevi.com.tr\/index.php\/wp-json\/wp\/v2\/product\/708175","targetHints":{"allow":["GET"]}}],"collection":[{"href":"https:\/\/roveyayinevi.com.tr\/index.php\/wp-json\/wp\/v2\/product"}],"about":[{"href":"https:\/\/roveyayinevi.com.tr\/index.php\/wp-json\/wp\/v2\/types\/product"}],"wp:attachment":[{"href":"https:\/\/roveyayinevi.com.tr\/index.php\/wp-json\/wp\/v2\/media?parent=708175"}],"wp:term":[{"taxonomy":"product_brand","embeddable":true,"href":"https:\/\/roveyayinevi.com.tr\/index.php\/wp-json\/wp\/v2\/product_brand?post=708175"},{"taxonomy":"product_cat","embeddable":true,"href":"https:\/\/roveyayinevi.com.tr\/index.php\/wp-json\/wp\/v2\/product_cat?post=708175"},{"taxonomy":"product_tag","embeddable":true,"href":"https:\/\/roveyayinevi.com.tr\/index.php\/wp-json\/wp\/v2\/product_tag?post=708175"}],"curies":[{"name":"wp","href":"https:\/\/api.w.org\/{rel}","templated":true}]}}