{"id":708172,"date":"2025-08-27T16:12:19","date_gmt":"2025-08-27T13:12:19","guid":{"rendered":"https:\/\/roveyayinevi.com.tr\/index.php\/urun\/kirmizi-baslikli-kiz-uc-boyutlu-masallar\/"},"modified":"2026-04-16T02:16:48","modified_gmt":"2026-04-15T23:16:48","slug":"kirmizi-baslikli-kiz-uc-boyutlu-masallar","status":"publish","type":"product","link":"https:\/\/roveyayinevi.com.tr\/index.php\/urun\/kirmizi-baslikli-kiz-uc-boyutlu-masallar\/","title":{"rendered":"K\u0131rm\u0131z\u0131 Ba\u015fl\u0131kl\u0131 K\u0131z &#8211; \u00dc\u00e7 Boyutlu Masallar"},"content":{"rendered":"<p>\u00dc\u00e7 Boyutlu Masallar\u0131n D\u00fcnyas\u0131nda Renkli Bir Yolculu\u011fa \u00c7\u0131kmaya Ne Dersiniz? \u00c7ocuklara okumay\u0131 sevdirmenin en g\u00fczel yolu, onlara \u00fc\u00e7 boyutlu kitaplar okutmakt\u0131r. Sizi \u00fc\u00e7 boyutlu masallar\u0131n d\u00fcnyas\u0131na davet ediyoruz. \u00dc\u00e7 Boyutlu Masallar serisinde Pamuk Prenses ve Yedi C\u00fcceler ile K\u00fclkedisi gibi pek \u00e7ok \u00fcnl\u00fc masal bulacaks\u0131n\u0131z. <\/p>\n","protected":false},"excerpt":{"rendered":"<p>\u00dc\u00e7 Boyutlu Masallar\u0131n D\u00fcnyas\u0131nda Renkli Bir Yolculu\u011fa \u00c7\u0131kmaya Ne Dersiniz? \u00c7ocuklara okumay\u0131 sevdirmenin en g\u00fczel yolu, onlara \u00fc\u00e7 boyutlu kitaplar okutmakt\u0131r. Sizi \u00fc\u00e7 boyutlu masallar\u0131n d\u00fcnyas\u0131na<span class=\"excerpt-hellip\"> [\u2026]<\/span><\/p>\n","protected":false},"featured_media":0,"template":"","meta":{"_monsterinsights_skip_tracking":false,"_monsterinsights_sitenote_active":false,"_monsterinsights_sitenote_note":"","_monsterinsights_sitenote_category":0},"product_brand":[],"product_cat":[12913,12274],"product_tag":[],"class_list":{"0":"post-708172","1":"product","2":"type-product","3":"status-publish","5":"product_cat-3-6-yas-kitaplari","6":"product_cat-cocuk-ve-genclik-kitaplari","7":"pa_cilt-ciltli","8":"pa_tur-kitap","9":"pa_yayinevi-beyaz-balina-yayinlari","10":"pa_yazar-kolektif","12":"first","13":"instock","14":"sale","15":"shipping-taxable","16":"purchasable","17":"product-type-simple"},"_links":{"self":[{"href":"https:\/\/roveyayinevi.com.tr\/index.php\/wp-json\/wp\/v2\/product\/708172","targetHints":{"allow":["GET"]}}],"collection":[{"href":"https:\/\/roveyayinevi.com.tr\/index.php\/wp-json\/wp\/v2\/product"}],"about":[{"href":"https:\/\/roveyayinevi.com.tr\/index.php\/wp-json\/wp\/v2\/types\/product"}],"wp:attachment":[{"href":"https:\/\/roveyayinevi.com.tr\/index.php\/wp-json\/wp\/v2\/media?parent=708172"}],"wp:term":[{"taxonomy":"product_brand","embeddable":true,"href":"https:\/\/roveyayinevi.com.tr\/index.php\/wp-json\/wp\/v2\/product_brand?post=708172"},{"taxonomy":"product_cat","embeddable":true,"href":"https:\/\/roveyayinevi.com.tr\/index.php\/wp-json\/wp\/v2\/product_cat?post=708172"},{"taxonomy":"product_tag","embeddable":true,"href":"https:\/\/roveyayinevi.com.tr\/index.php\/wp-json\/wp\/v2\/product_tag?post=708172"}],"curies":[{"name":"wp","href":"https:\/\/api.w.org\/{rel}","templated":true}]}}