{"id":708166,"date":"2025-08-27T16:12:16","date_gmt":"2025-08-27T13:12:16","guid":{"rendered":"https:\/\/roveyayinevi.com.tr\/index.php\/urun\/bahcivan-kostebek-ve-ucan-karinca-kivircik\/"},"modified":"2026-04-16T02:16:48","modified_gmt":"2026-04-15T23:16:48","slug":"bahcivan-kostebek-ve-ucan-karinca-kivircik","status":"publish","type":"product","link":"https:\/\/roveyayinevi.com.tr\/index.php\/urun\/bahcivan-kostebek-ve-ucan-karinca-kivircik\/","title":{"rendered":"Bah\u00e7\u0131van K\u00f6stebek Ve U\u00e7an Kar\u0131nca K\u0131v\u0131rc\u0131k"},"content":{"rendered":"<p>\u00dc\u00e7 farkl\u0131 \u00f6yk\u00fcden olu\u015fan Arkada\u015fl\u0131k Dizisi; \u00f6zg\u00fcrl\u00fck, do\u011fa sevgisi, arkada\u015fl\u0131k ve en \u00f6nemlisi de sevginin g\u00fcc\u00fc gibi temalar\u0131 vurgulayan Bah\u00e7\u0131van K\u00f6stebek adl\u0131 kahraman\u0131n maceralar\u0131n\u0131 anlat\u0131yor. Aysun Berktay \u00d6zmen\u2019in duru anlat\u0131m\u0131na; yine yazar\u0131n birbirinden g\u00fczel, reng\u00e2renk sulu boya resimleri e\u015flik ediyor. Renklerle bulu\u015fan \u00f6yk\u00fcleri seven t\u00fcm \u00e7ocuklar i\u00e7in&#8230;<\/p>\n","protected":false},"excerpt":{"rendered":"<p>\u00dc\u00e7 farkl\u0131 \u00f6yk\u00fcden olu\u015fan Arkada\u015fl\u0131k Dizisi; \u00f6zg\u00fcrl\u00fck, do\u011fa sevgisi, arkada\u015fl\u0131k ve en \u00f6nemlisi de sevginin g\u00fcc\u00fc gibi temalar\u0131 vurgulayan Bah\u00e7\u0131van K\u00f6stebek adl\u0131 kahraman\u0131n maceralar\u0131n\u0131 anlat\u0131yor. Aysun<span class=\"excerpt-hellip\"> [\u2026]<\/span><\/p>\n","protected":false},"featured_media":0,"template":"","meta":{"_monsterinsights_skip_tracking":false,"_monsterinsights_sitenote_active":false,"_monsterinsights_sitenote_note":"","_monsterinsights_sitenote_category":0},"product_brand":[],"product_cat":[12274,12284],"product_tag":[],"class_list":{"0":"post-708166","1":"product","2":"type-product","3":"status-publish","5":"product_cat-cocuk-ve-genclik-kitaplari","6":"product_cat-hikayeler","7":"pa_cilt-ciltsiz","8":"pa_tur-kitap","9":"pa_yayinevi-altin-kitaplar-cocuk-kitaplari","10":"pa_yazar-aysun-berktay-ozmen","12":"first","13":"instock","14":"sale","15":"shipping-taxable","16":"purchasable","17":"product-type-simple"},"_links":{"self":[{"href":"https:\/\/roveyayinevi.com.tr\/index.php\/wp-json\/wp\/v2\/product\/708166","targetHints":{"allow":["GET"]}}],"collection":[{"href":"https:\/\/roveyayinevi.com.tr\/index.php\/wp-json\/wp\/v2\/product"}],"about":[{"href":"https:\/\/roveyayinevi.com.tr\/index.php\/wp-json\/wp\/v2\/types\/product"}],"wp:attachment":[{"href":"https:\/\/roveyayinevi.com.tr\/index.php\/wp-json\/wp\/v2\/media?parent=708166"}],"wp:term":[{"taxonomy":"product_brand","embeddable":true,"href":"https:\/\/roveyayinevi.com.tr\/index.php\/wp-json\/wp\/v2\/product_brand?post=708166"},{"taxonomy":"product_cat","embeddable":true,"href":"https:\/\/roveyayinevi.com.tr\/index.php\/wp-json\/wp\/v2\/product_cat?post=708166"},{"taxonomy":"product_tag","embeddable":true,"href":"https:\/\/roveyayinevi.com.tr\/index.php\/wp-json\/wp\/v2\/product_tag?post=708166"}],"curies":[{"name":"wp","href":"https:\/\/api.w.org\/{rel}","templated":true}]}}