{"id":708163,"date":"2025-08-27T16:12:14","date_gmt":"2025-08-27T13:12:14","guid":{"rendered":"https:\/\/roveyayinevi.com.tr\/index.php\/urun\/hayri-potur-hayri-potur-harry-pottera-karsi\/"},"modified":"2026-04-16T02:16:48","modified_gmt":"2026-04-15T23:16:48","slug":"hayri-potur-hayri-potur-harry-pottera-karsi","status":"publish","type":"product","link":"https:\/\/roveyayinevi.com.tr\/index.php\/urun\/hayri-potur-hayri-potur-harry-pottera-karsi\/","title":{"rendered":"Hayri Potur &#8211; Hayri Potur Harry Potter&#8217;a Kar\u015f\u0131"},"content":{"rendered":"<p>Harry Potter gibi \u00e7ok \u00f6nemli bir g\u00fcce sahip Hayri.\u00dcstelik \u00e7ok daha g\u00fczel bir g\u00fcce.Hayri Potur&#8217;un e\u011flenceli ve yarat\u0131c\u0131 d\u00fc\u015flerle dolu t\u00fcm ser\u00fcvenlerini tek kitapta toplad\u0131k.<\/p>\n","protected":false},"excerpt":{"rendered":"<p>Harry Potter gibi \u00e7ok \u00f6nemli bir g\u00fcce sahip Hayri.\u00dcstelik \u00e7ok daha g\u00fczel bir g\u00fcce.Hayri Potur&#8217;un e\u011flenceli ve yarat\u0131c\u0131 d\u00fc\u015flerle dolu t\u00fcm ser\u00fcvenlerini tek kitapta toplad\u0131k.<\/p>\n","protected":false},"featured_media":0,"template":"","meta":{"_monsterinsights_skip_tracking":false,"_monsterinsights_sitenote_active":false,"_monsterinsights_sitenote_note":"","_monsterinsights_sitenote_category":0},"product_brand":[],"product_cat":[12291,12711],"product_tag":[],"class_list":{"0":"post-708163","1":"product","2":"type-product","3":"status-publish","5":"product_cat-edebiyat","6":"product_cat-roman-oyku","7":"pa_cilt-ciltsiz","8":"pa_tur-kitap","9":"pa_yayinevi-bilgi-yayinevi-cocuk","10":"pa_yazar-muzaffer-izgu","12":"first","13":"instock","14":"sale","15":"shipping-taxable","16":"purchasable","17":"product-type-simple"},"_links":{"self":[{"href":"https:\/\/roveyayinevi.com.tr\/index.php\/wp-json\/wp\/v2\/product\/708163","targetHints":{"allow":["GET"]}}],"collection":[{"href":"https:\/\/roveyayinevi.com.tr\/index.php\/wp-json\/wp\/v2\/product"}],"about":[{"href":"https:\/\/roveyayinevi.com.tr\/index.php\/wp-json\/wp\/v2\/types\/product"}],"wp:attachment":[{"href":"https:\/\/roveyayinevi.com.tr\/index.php\/wp-json\/wp\/v2\/media?parent=708163"}],"wp:term":[{"taxonomy":"product_brand","embeddable":true,"href":"https:\/\/roveyayinevi.com.tr\/index.php\/wp-json\/wp\/v2\/product_brand?post=708163"},{"taxonomy":"product_cat","embeddable":true,"href":"https:\/\/roveyayinevi.com.tr\/index.php\/wp-json\/wp\/v2\/product_cat?post=708163"},{"taxonomy":"product_tag","embeddable":true,"href":"https:\/\/roveyayinevi.com.tr\/index.php\/wp-json\/wp\/v2\/product_tag?post=708163"}],"curies":[{"name":"wp","href":"https:\/\/api.w.org\/{rel}","templated":true}]}}