{"id":708162,"date":"2025-08-27T16:12:14","date_gmt":"2025-08-27T13:12:14","guid":{"rendered":"https:\/\/roveyayinevi.com.tr\/index.php\/urun\/yamuk-hakikat\/"},"modified":"2026-01-29T02:30:51","modified_gmt":"2026-01-28T23:30:51","slug":"yamuk-hakikat","status":"publish","type":"product","link":"https:\/\/roveyayinevi.com.tr\/index.php\/urun\/yamuk-hakikat\/","title":{"rendered":"Yamuk Hakikat"},"content":{"rendered":"<p>&#8220;Hakikat olan\u0131n kendisidir.\u201d Peki, olanla yans\u0131t\u0131lan ayn\u0131m\u0131d\u0131r? Yans\u0131t\u0131lan, g\u00f6rd\u00fcklerimiz, okuduklar\u0131m\u0131z bizi hakikate g\u00f6t\u00fcr\u00fcr m\u00fc? Yoksa sadece bir yans\u0131mayla m\u0131 yetinmek zorunda kal\u0131r\u0131z? Hakikat bir yana, bu yans\u0131maya kar\u015f\u0131 bile d\u00fcnyan\u0131n her yerinde neden kavga verilir? Neden devletler, iktidarlar ve sermaye, b\u00fct\u00fcn bir g\u00f6ky\u00fcz\u00fcn\u00fcn g\u00f6r\u00fclmesini istemez; sadece k\u00fc\u00e7\u00fck bir pencereden, \u00fcstelik onlar\u0131n verdi\u011fi g\u00f6zl\u00fcklerle bak\u0131lmas\u0131n\u0131 istemeleri nedendir? Peki bu nas\u0131l yap\u0131l\u0131r, insan, g\u00f6ky\u00fcz\u00fcn\u00fcn tamam\u0131na de\u011fil de o k\u00fc\u00e7\u00fck pencereye nas\u0131l ikna edilir? \u0130nsan\u0131n o pencereden g\u00f6recekleri nas\u0131l se\u00e7ilir, nas\u0131l belirlenir? \u0130nsan, pencereyle yetinip, o pencereden g\u00f6recekleri de belirlenmi\u015fken, b\u00fct\u00fcn bir g\u00f6ky\u00fcz\u00fcn\u00fc, hakikati g\u00f6rd\u00fc\u011f\u00fcne nas\u0131l olur da inan\u0131r, nas\u0131l bunun \u00fczerinden yol al\u0131r? O pencereden \u00e7ok uzun bir zamand\u0131r, en ba\u015ftan bu yana belki, \u201c\u00f6tekiler\u201d, ifade \u015fans\u0131 bulamayan kesimler g\u00f6z\u00fckm\u00fcyor. Ayn\u0131 gemiyi payla\u015fan yolculardan bir k\u0131sm\u0131n\u0131n hikayesi, asla rotay\u0131 belirlemiyor. Bu kitapta yer alan yaz\u0131lar g\u00f6ky\u00fcz\u00fcn\u00fcn nas\u0131l bir \u00e7er\u00e7eveye mahkum edildi\u011fini, o \u00e7er\u00e7eveden nelerin g\u00f6r\u00fclece\u011finin nas\u0131l se\u00e7ildi\u011fini anlat\u0131yor. Hak odakl\u0131 \u00e7al\u0131\u015fan gazeteciler, hak savunucular\u0131 ve akademisyenler farkl\u0131 konular ve deneyimler \u00fczerinden hakikatin nas\u0131l yans\u0131maya d\u00f6n\u00fc\u015ft\u00fcr\u00fcld\u00fc\u011f\u00fcn\u00fc anlat\u0131yor. Her biri g\u00f6ky\u00fcz\u00fcne bir ba\u015fka pencere a\u00e7arak,olan\u0131n nas\u0131l farkl\u0131 bi\u00e7imlere d\u00f6n\u00fc\u015ft\u00fcr\u00fcld\u00fc\u011f\u00fcn\u00fc yaz\u0131yor. Olanla, yans\u0131t\u0131lan aras\u0131ndaki farklar\u0131. Ve yamuk hakikatin, nas\u0131l hakikat olarak alg\u0131land\u0131\u011f\u0131n\u0131. <\/p>\n","protected":false},"excerpt":{"rendered":"<p>&#8220;Hakikat olan\u0131n kendisidir.\u201d Peki, olanla yans\u0131t\u0131lan ayn\u0131m\u0131d\u0131r? Yans\u0131t\u0131lan, g\u00f6rd\u00fcklerimiz, okuduklar\u0131m\u0131z bizi hakikate g\u00f6t\u00fcr\u00fcr m\u00fc? Yoksa sadece bir yans\u0131mayla m\u0131 yetinmek zorunda kal\u0131r\u0131z? Hakikat bir yana, bu<span class=\"excerpt-hellip\"> [\u2026]<\/span><\/p>\n","protected":false},"featured_media":0,"template":"","meta":{"_monsterinsights_skip_tracking":false,"_monsterinsights_sitenote_active":false,"_monsterinsights_sitenote_note":"","_monsterinsights_sitenote_category":0},"product_brand":[],"product_cat":[15983,13488],"product_tag":[],"class_list":{"0":"post-708162","1":"product","2":"type-product","3":"status-publish","5":"product_cat-iletisim-ve-medya","6":"product_cat-toplum-ve-insan","7":"pa_cilt-ciltsiz","8":"pa_tur-kitap","9":"pa_yayinevi-utopya-yayinevi","10":"pa_yazar-kolektif","12":"first","13":"instock","14":"sale","15":"shipping-taxable","16":"purchasable","17":"product-type-simple"},"_links":{"self":[{"href":"https:\/\/roveyayinevi.com.tr\/index.php\/wp-json\/wp\/v2\/product\/708162","targetHints":{"allow":["GET"]}}],"collection":[{"href":"https:\/\/roveyayinevi.com.tr\/index.php\/wp-json\/wp\/v2\/product"}],"about":[{"href":"https:\/\/roveyayinevi.com.tr\/index.php\/wp-json\/wp\/v2\/types\/product"}],"wp:attachment":[{"href":"https:\/\/roveyayinevi.com.tr\/index.php\/wp-json\/wp\/v2\/media?parent=708162"}],"wp:term":[{"taxonomy":"product_brand","embeddable":true,"href":"https:\/\/roveyayinevi.com.tr\/index.php\/wp-json\/wp\/v2\/product_brand?post=708162"},{"taxonomy":"product_cat","embeddable":true,"href":"https:\/\/roveyayinevi.com.tr\/index.php\/wp-json\/wp\/v2\/product_cat?post=708162"},{"taxonomy":"product_tag","embeddable":true,"href":"https:\/\/roveyayinevi.com.tr\/index.php\/wp-json\/wp\/v2\/product_tag?post=708162"}],"curies":[{"name":"wp","href":"https:\/\/api.w.org\/{rel}","templated":true}]}}