{"id":708159,"date":"2025-08-27T16:12:12","date_gmt":"2025-08-27T13:12:12","guid":{"rendered":"https:\/\/roveyayinevi.com.tr\/index.php\/urun\/merakli-portakal-fanfan-ciltli\/"},"modified":"2026-04-16T02:16:48","modified_gmt":"2026-04-15T23:16:48","slug":"merakli-portakal-fanfan-ciltli","status":"publish","type":"product","link":"https:\/\/roveyayinevi.com.tr\/index.php\/urun\/merakli-portakal-fanfan-ciltli\/","title":{"rendered":"Merakl\u0131 Portakal Fanfan (Ciltli)"},"content":{"rendered":"<p>U\u00e7may\u0131 d\u00fc\u015fleyen bir portakald\u0131r Fanfan\u2026 Bu ilk maceras\u0131nda, nereye g\u00f6t\u00fcr\u00fcyor dersiniz onu bir kitap kurdu? Ve Fanfan neler ke\u015ffediyor orada? T\u00fcm bu sorular\u0131n cevaplar\u0131n\u0131 bu sevimli kitab\u0131 okuyarak bulabilirsiniz. Nihan Yatman&#8217;\u0131n hem yaz\u0131p hem resimledi\u011fi bu ilk kitab\u0131nda s\u0131ms\u0131cak ve i\u00e7ten bir \u00f6yk\u00fc sizleri bekliyor. <\/p>\n","protected":false},"excerpt":{"rendered":"<p>U\u00e7may\u0131 d\u00fc\u015fleyen bir portakald\u0131r Fanfan\u2026 Bu ilk maceras\u0131nda, nereye g\u00f6t\u00fcr\u00fcyor dersiniz onu bir kitap kurdu? Ve Fanfan neler ke\u015ffediyor orada? T\u00fcm bu sorular\u0131n cevaplar\u0131n\u0131 bu sevimli<span class=\"excerpt-hellip\"> [\u2026]<\/span><\/p>\n","protected":false},"featured_media":0,"template":"","meta":{"_monsterinsights_skip_tracking":false,"_monsterinsights_sitenote_active":false,"_monsterinsights_sitenote_note":"","_monsterinsights_sitenote_category":0},"product_brand":[],"product_cat":[12913,12274],"product_tag":[],"class_list":{"0":"post-708159","1":"product","2":"type-product","3":"status-publish","5":"product_cat-3-6-yas-kitaplari","6":"product_cat-cocuk-ve-genclik-kitaplari","7":"pa_cilt-ciltli","8":"pa_tur-kitap","9":"pa_yayinevi-potikare-yayincilik","10":"pa_yazar-nihat-yatman","12":"first","13":"instock","14":"sale","15":"shipping-taxable","16":"purchasable","17":"product-type-simple"},"_links":{"self":[{"href":"https:\/\/roveyayinevi.com.tr\/index.php\/wp-json\/wp\/v2\/product\/708159","targetHints":{"allow":["GET"]}}],"collection":[{"href":"https:\/\/roveyayinevi.com.tr\/index.php\/wp-json\/wp\/v2\/product"}],"about":[{"href":"https:\/\/roveyayinevi.com.tr\/index.php\/wp-json\/wp\/v2\/types\/product"}],"wp:attachment":[{"href":"https:\/\/roveyayinevi.com.tr\/index.php\/wp-json\/wp\/v2\/media?parent=708159"}],"wp:term":[{"taxonomy":"product_brand","embeddable":true,"href":"https:\/\/roveyayinevi.com.tr\/index.php\/wp-json\/wp\/v2\/product_brand?post=708159"},{"taxonomy":"product_cat","embeddable":true,"href":"https:\/\/roveyayinevi.com.tr\/index.php\/wp-json\/wp\/v2\/product_cat?post=708159"},{"taxonomy":"product_tag","embeddable":true,"href":"https:\/\/roveyayinevi.com.tr\/index.php\/wp-json\/wp\/v2\/product_tag?post=708159"}],"curies":[{"name":"wp","href":"https:\/\/api.w.org\/{rel}","templated":true}]}}