{"id":708158,"date":"2025-08-27T16:12:12","date_gmt":"2025-08-27T13:12:12","guid":{"rendered":"https:\/\/roveyayinevi.com.tr\/index.php\/urun\/tuva\/"},"modified":"2026-04-16T02:16:48","modified_gmt":"2026-04-15T23:16:48","slug":"tuva","status":"publish","type":"product","link":"https:\/\/roveyayinevi.com.tr\/index.php\/urun\/tuva\/","title":{"rendered":"Tuva"},"content":{"rendered":"<p>O, d\u00fcnyan\u0131n en b\u00fcy\u00fck s\u0131rlar\u0131ndan biri olarak kabul edildi. Bir\u00e7ok kral, din adam\u0131 ve hazine avc\u0131s\u0131 binlerce y\u0131l onun izini s\u00fcrd\u00fcler. Kur&#8217;an-\u0131 Kerim\u2019de ve hadislerde onun hakk\u0131nda deliller sunuldu.Onun i\u00e7inde ger\u00e7ek Tevrat, Hz. Musa ve ailesine ait emanetlerin oldu\u011fu iddia edildi.Ahir zaman geldi ve ahir zamana ait t\u00fcm hadislerin ve ayetlerin \u015fifreleri \u00e7\u00f6z\u00fclmeye ba\u015flad\u0131. \u00c7\u00f6z\u00fclen \u015fifrelerin en b\u00fcy\u00fck delili ise \u201cTabut-u Sekine\u201d yani Kutsal Tabut idi. Peki kutsal tabut neredeydi?\u0130\u015fte bu kitap Kutsal Tuva Vadisi\u2019nin s\u0131rlar\u0131n\u0131 Kur&#8217;an-\u0131 Kerim ve hadislerin \u0131\u015f\u0131\u011f\u0131 alt\u0131nda g\u00fcn y\u00fcz\u00fcne \u00e7\u0131karmaktad\u0131r.<\/p>\n","protected":false},"excerpt":{"rendered":"<p>O, d\u00fcnyan\u0131n en b\u00fcy\u00fck s\u0131rlar\u0131ndan biri olarak kabul edildi. Bir\u00e7ok kral, din adam\u0131 ve hazine avc\u0131s\u0131 binlerce y\u0131l onun izini s\u00fcrd\u00fcler. Kur&#8217;an-\u0131 Kerim\u2019de ve hadislerde onun<span class=\"excerpt-hellip\"> [\u2026]<\/span><\/p>\n","protected":false},"featured_media":0,"template":"","meta":{"_monsterinsights_skip_tracking":false,"_monsterinsights_sitenote_active":false,"_monsterinsights_sitenote_note":"","_monsterinsights_sitenote_category":0},"product_brand":[],"product_cat":[12718,12719,18109],"product_tag":[],"class_list":{"0":"post-708158","1":"product","2":"type-product","3":"status-publish","5":"product_cat-din","6":"product_cat-islam","7":"product_cat-islam-tarihi","8":"pa_cilt-ciltsiz","9":"pa_tur-kitap","10":"pa_yayinevi-enoch-yayinlari","11":"pa_yazar-cafer-iskenderoglu","13":"first","14":"instock","15":"sale","16":"shipping-taxable","17":"purchasable","18":"product-type-simple"},"_links":{"self":[{"href":"https:\/\/roveyayinevi.com.tr\/index.php\/wp-json\/wp\/v2\/product\/708158","targetHints":{"allow":["GET"]}}],"collection":[{"href":"https:\/\/roveyayinevi.com.tr\/index.php\/wp-json\/wp\/v2\/product"}],"about":[{"href":"https:\/\/roveyayinevi.com.tr\/index.php\/wp-json\/wp\/v2\/types\/product"}],"wp:attachment":[{"href":"https:\/\/roveyayinevi.com.tr\/index.php\/wp-json\/wp\/v2\/media?parent=708158"}],"wp:term":[{"taxonomy":"product_brand","embeddable":true,"href":"https:\/\/roveyayinevi.com.tr\/index.php\/wp-json\/wp\/v2\/product_brand?post=708158"},{"taxonomy":"product_cat","embeddable":true,"href":"https:\/\/roveyayinevi.com.tr\/index.php\/wp-json\/wp\/v2\/product_cat?post=708158"},{"taxonomy":"product_tag","embeddable":true,"href":"https:\/\/roveyayinevi.com.tr\/index.php\/wp-json\/wp\/v2\/product_tag?post=708158"}],"curies":[{"name":"wp","href":"https:\/\/api.w.org\/{rel}","templated":true}]}}