{"id":708157,"date":"2025-08-27T16:12:12","date_gmt":"2025-08-27T13:12:12","guid":{"rendered":"https:\/\/roveyayinevi.com.tr\/index.php\/urun\/korler-ulkesi\/"},"modified":"2026-04-16T02:16:48","modified_gmt":"2026-04-15T23:16:48","slug":"korler-ulkesi","status":"publish","type":"product","link":"https:\/\/roveyayinevi.com.tr\/index.php\/urun\/korler-ulkesi\/","title":{"rendered":"K\u00f6rler \u00dclkesi"},"content":{"rendered":"<p>And Da\u011flar\u0131&#8217;n\u0131n vah\u015fi \u00e7orak topraklar\u0131nda insanlar\u0131n d\u00fcnyas\u0131ndan elini ete\u011fini \u00e7ekmi\u015f bir vadi uzan\u0131r. Ancak korkun\u00e7 bo\u011fazlar ve buz kapl\u0131 bir ge\u00e7it a\u015f\u0131ld\u0131ktan sonra ula\u015f\u0131labilen K\u00f6rler \u00dclkesi&#8217;dir buras\u0131. Vadiyi on yedi g\u00fcn boyunca karanl\u0131\u011fa g\u00f6mecek bir yanarda\u011f patlamas\u0131n\u0131n ard\u0131ndan, vakti zaman\u0131nda \u0130spanyol zulm\u00fcnden ka\u00e7arak vadiye s\u0131\u011f\u0131nm\u0131\u015f ve k\u00f6rl\u00fck belas\u0131yla cebelle\u015fen insanlar\u0131n d\u00fcnyayla ba\u011flant\u0131s\u0131 kopmu\u015ftur. K\u00f6rl\u00fc\u011fe derman bulmak i\u00e7in k\u00f6yden ayr\u0131lm\u0131\u015f ve koca d\u00fcnyada mahsur kalm\u0131\u015f bir adam\u0131n anlatt\u0131klar\u0131yla bir efsane olarak varl\u0131\u011f\u0131n\u0131 s\u00fcrd\u00fcr\u00fcr K\u00f6rler \u00dclkesi. Ta ki Nunez ad\u0131nda gen\u00e7 bir da\u011fc\u0131 elim bir kazayla vadide hapsoluncaya kadar&#8230; H. G. Wells&#8217;in bu me\u015fhur \u00f6yk\u00fcs\u00fcne \u0130spanyol \u00e7izer Elena Ferr\u00e1ndiz&#8217;in muhte\u015fem resimleri e\u015flik ediyor.  &#8220;\u2026 Ann Veronica, Zaman Makinesi, K\u00f6rler \u00dclkesi\u2026 bunlar Wells&#8217;in \u00e7a\u011fda\u015flar\u0131n\u0131n \u00fcretebilece\u011finden \u00e7ok daha iyi hikayeler.&#8221; -Vladimir Nabokov- &#8220;Wells&#8217;i y\u00fczy\u0131l\u0131n ba\u015f\u0131nda ke\u015ffetti\u011fime \u00e7ok \u00fczg\u00fcn\u00fcm. Ke\u015fke o ba\u015f d\u00f6nd\u00fcren, kimi zaman da deh\u015fetli mutlulu\u011fu hissetmek i\u00e7in onu bug\u00fcn ke\u015ffedebilseydim.&#8221; -Jorge Luis Borges- <\/p>\n","protected":false},"excerpt":{"rendered":"<p>And Da\u011flar\u0131&#8217;n\u0131n vah\u015fi \u00e7orak topraklar\u0131nda insanlar\u0131n d\u00fcnyas\u0131ndan elini ete\u011fini \u00e7ekmi\u015f bir vadi uzan\u0131r. Ancak korkun\u00e7 bo\u011fazlar ve buz kapl\u0131 bir ge\u00e7it a\u015f\u0131ld\u0131ktan sonra ula\u015f\u0131labilen K\u00f6rler \u00dclkesi&#8217;dir<span class=\"excerpt-hellip\"> [\u2026]<\/span><\/p>\n","protected":false},"featured_media":0,"template":"","meta":{"_monsterinsights_skip_tracking":false,"_monsterinsights_sitenote_active":false,"_monsterinsights_sitenote_note":"","_monsterinsights_sitenote_category":0},"product_brand":[],"product_cat":[12291,12711],"product_tag":[],"class_list":{"0":"post-708157","1":"product","2":"type-product","3":"status-publish","5":"product_cat-edebiyat","6":"product_cat-roman-oyku","7":"pa_cilt-ciltsiz","8":"pa_tur-kitap","9":"pa_yayinevi-kolektif-kitap","10":"pa_yazar-h-g-wells","12":"first","13":"instock","14":"sale","15":"shipping-taxable","16":"purchasable","17":"product-type-simple"},"_links":{"self":[{"href":"https:\/\/roveyayinevi.com.tr\/index.php\/wp-json\/wp\/v2\/product\/708157","targetHints":{"allow":["GET"]}}],"collection":[{"href":"https:\/\/roveyayinevi.com.tr\/index.php\/wp-json\/wp\/v2\/product"}],"about":[{"href":"https:\/\/roveyayinevi.com.tr\/index.php\/wp-json\/wp\/v2\/types\/product"}],"wp:attachment":[{"href":"https:\/\/roveyayinevi.com.tr\/index.php\/wp-json\/wp\/v2\/media?parent=708157"}],"wp:term":[{"taxonomy":"product_brand","embeddable":true,"href":"https:\/\/roveyayinevi.com.tr\/index.php\/wp-json\/wp\/v2\/product_brand?post=708157"},{"taxonomy":"product_cat","embeddable":true,"href":"https:\/\/roveyayinevi.com.tr\/index.php\/wp-json\/wp\/v2\/product_cat?post=708157"},{"taxonomy":"product_tag","embeddable":true,"href":"https:\/\/roveyayinevi.com.tr\/index.php\/wp-json\/wp\/v2\/product_tag?post=708157"}],"curies":[{"name":"wp","href":"https:\/\/api.w.org\/{rel}","templated":true}]}}