{"id":708156,"date":"2025-08-27T16:12:11","date_gmt":"2025-08-27T13:12:11","guid":{"rendered":"https:\/\/roveyayinevi.com.tr\/index.php\/urun\/devrimin-kardesleri\/"},"modified":"2026-04-08T02:22:03","modified_gmt":"2026-04-07T23:22:03","slug":"devrimin-kardesleri","status":"publish","type":"product","link":"https:\/\/roveyayinevi.com.tr\/index.php\/urun\/devrimin-kardesleri\/","title":{"rendered":"Devrimin Karde\u015fleri"},"content":{"rendered":"<p>Devrimin Karde\u015fleri, feminist spek\u00fclatif kurgu ba\u015fl\u0131\u011f\u0131 alt\u0131nda bilimkurgudan do\u011fa\u00fcst\u00fc kurguya, fanteziden b\u00fcy\u00fcl\u00fc ger\u00e7ek\u00e7ili\u011fe uzanan t\u00fcrleri kapsayan, alan\u0131n\u0131n en sayg\u0131n edit\u00f6rleri Ann ve Jeff VanderMeer\u2019in derledi\u011fi kapsaml\u0131 bir \u00f6yk\u00fc antolojisidir. 1970\u2019lerden g\u00fcn\u00fcm\u00fcze feminist spek\u00fclatif kurgu alan\u0131n\u0131n ses getiren \u00f6yk\u00fclerini bir araya toplayan se\u00e7ki, okuyucuyu hayal g\u00fcc\u00fcn\u00fcn u\u00e7suz bucaks\u0131z diyarlar\u0131nda gezintiye \u00e7\u0131kar\u0131yor.James Tiptree, Jr. erkeklerdeki cinsel arzunun kad\u0131nlar\u0131 \u00f6ld\u00fcrme arzusuna d\u00f6n\u00fc\u015ft\u00fc\u011f\u00fc bir distopya yarat\u0131rken, Ursula K. Le Guin, iz b\u0131rakmaya ihtiya\u00e7 duymayan kad\u0131nlar\u0131 an\u0131yor. Susan Palwick kurt adamlar\u0131n istila etti\u011fi hayal d\u00fcnyam\u0131z\u0131 yerle bir ederek bir kurt kad\u0131n\u0131n ad\u0131mlar\u0131n\u0131 takip ederken, Eleanor Arnason okurlar\u0131 kad\u0131nlar\u0131n a\u011fz\u0131ndan d\u00f6k\u00fclen s\u00f6zc\u00fcklerin g\u00fcc\u00fcyle yarat\u0131lan alemlere, Kelly Barnhill ise cinsiyet kavram\u0131n\u0131n ge\u00e7i\u015fken oldu\u011fu b\u00fcy\u00fcl\u00fc bir diyara davet ediyor. Yeni do\u011fum yapm\u0131\u015f bir annenin bedeniyle ve bebe\u011fiyle kurdu\u011fu ili\u015fki Hiromi Goto\u2019nun karanl\u0131k anlat\u0131m\u0131yla kal\u0131plar\u0131 y\u0131karak belleklerde yerini al\u0131rken, ataerkil normlarla bezeli efsaneler ve halk masallar\u0131 da Nnedi Okorafor\u2019un kaleminden nasibini al\u0131yor.Devrimin Karde\u015fleri\u2019nde yer alan \u00f6yk\u00fcler, toplumsal cinsiyetin i\u015fleyi\u015fini sorgulamakla kalm\u0131yor, kimi zaman mizahi kimi zaman grotesk bir anlat\u0131yla kaideleri yerle bir ediyor; ger\u00e7ekli\u011fin s\u0131n\u0131rlar\u0131nda gidip gelirken nelerin m\u00fcmk\u00fcn oldu\u011funu ve olabilece\u011fini g\u00f6steriyor. D\u00fcnyay\u0131 daha iyi bir yer yapmak i\u00e7in. Herkes i\u00e7in. <\/p>\n","protected":false},"excerpt":{"rendered":"<p>Devrimin Karde\u015fleri, feminist spek\u00fclatif kurgu ba\u015fl\u0131\u011f\u0131 alt\u0131nda bilimkurgudan do\u011fa\u00fcst\u00fc kurguya, fanteziden b\u00fcy\u00fcl\u00fc ger\u00e7ek\u00e7ili\u011fe uzanan t\u00fcrleri kapsayan, alan\u0131n\u0131n en sayg\u0131n edit\u00f6rleri Ann ve Jeff VanderMeer\u2019in derledi\u011fi kapsaml\u0131<span class=\"excerpt-hellip\"> [\u2026]<\/span><\/p>\n","protected":false},"featured_media":0,"template":"","meta":{"_monsterinsights_skip_tracking":false,"_monsterinsights_sitenote_active":false,"_monsterinsights_sitenote_note":"","_monsterinsights_sitenote_category":0},"product_brand":[],"product_cat":[12291,12711],"product_tag":[],"class_list":{"0":"post-708156","1":"product","2":"type-product","3":"status-publish","5":"product_cat-edebiyat","6":"product_cat-roman-oyku","7":"pa_cilt-ciltsiz","8":"pa_tur-kitap","9":"pa_yayinevi-kolektif-kitap","10":"pa_yazar-ann-vandermeer","12":"first","13":"instock","14":"sale","15":"shipping-taxable","16":"purchasable","17":"product-type-simple"},"_links":{"self":[{"href":"https:\/\/roveyayinevi.com.tr\/index.php\/wp-json\/wp\/v2\/product\/708156","targetHints":{"allow":["GET"]}}],"collection":[{"href":"https:\/\/roveyayinevi.com.tr\/index.php\/wp-json\/wp\/v2\/product"}],"about":[{"href":"https:\/\/roveyayinevi.com.tr\/index.php\/wp-json\/wp\/v2\/types\/product"}],"wp:attachment":[{"href":"https:\/\/roveyayinevi.com.tr\/index.php\/wp-json\/wp\/v2\/media?parent=708156"}],"wp:term":[{"taxonomy":"product_brand","embeddable":true,"href":"https:\/\/roveyayinevi.com.tr\/index.php\/wp-json\/wp\/v2\/product_brand?post=708156"},{"taxonomy":"product_cat","embeddable":true,"href":"https:\/\/roveyayinevi.com.tr\/index.php\/wp-json\/wp\/v2\/product_cat?post=708156"},{"taxonomy":"product_tag","embeddable":true,"href":"https:\/\/roveyayinevi.com.tr\/index.php\/wp-json\/wp\/v2\/product_tag?post=708156"}],"curies":[{"name":"wp","href":"https:\/\/api.w.org\/{rel}","templated":true}]}}