{"id":708152,"date":"2025-08-27T16:12:09","date_gmt":"2025-08-27T13:12:09","guid":{"rendered":"https:\/\/roveyayinevi.com.tr\/index.php\/urun\/sinemaya-giris-belgesel\/"},"modified":"2026-04-16T02:16:48","modified_gmt":"2026-04-15T23:16:48","slug":"sinemaya-giris-belgesel","status":"publish","type":"product","link":"https:\/\/roveyayinevi.com.tr\/index.php\/urun\/sinemaya-giris-belgesel\/","title":{"rendered":"Sinemaya Giri\u015f Belgesel"},"content":{"rendered":"<p>Dave Saunders&#8217;\u0131n belgesel sinemaya giri\u015f niteli\u011fi ta\u015f\u0131yan bu eseri kurgusal olmayan sineman\u0131n tarihini, k\u00fclt\u00fcrel ba\u011flam\u0131n\u0131 ve geli\u015fimini, yakla\u015f\u0131mlar\u0131n\u0131, anla\u015fmazl\u0131klar\u0131n\u0131 ve i\u015flevlerini sunuyor. Saunders bir taraftan belgeselin anlam aktarmada kulland\u0131\u011f\u0131 y\u00f6ntemleri incelerken, di\u011fer taraftan sahip oldu\u011fu farkl\u0131 toplumsal ama\u00e7lar\u0131 a\u00e7\u0131ml\u0131yor. Erken d\u00f6nem tek makaral\u0131k &#8220;ger\u00e7ekliklerden&#8221; son y\u0131llardaki b\u00fcy\u00fck gi\u015fe ba\u015far\u0131s\u0131 yakalayan \u00f6rneklerine kadar, sanatsal karma\u015f\u0131kl\u0131klar kurgusal olmayan sineman\u0131n her daim bir par\u00e7as\u0131 olmu\u015ftur ve bu kitab\u0131n amac\u0131 bu konulara bir a\u00e7\u0131kl\u0131k getirebilmektir. Yazar, uluslararas\u0131 belgesel film \u00fcretiminin tarihini de\u011ferlendirdikten sonra kurgusal olmayan sineman\u0131n \u00fcretimi, da\u011f\u0131t\u0131m\u0131 ve seyri \u00fczerinde etkili en son teknolojik geli\u015fmeleri inceliyor. Bunun yan\u0131 s\u0131ra, anla\u015f\u0131lmas\u0131 gittik\u00e7e zorla\u015fan ger\u00e7ek\u00e7i ve dramatik belgesel formatlar\u0131n\u0131n farklar\u0131n\u0131 &#8220;realite TV&#8221;, &#8220;belgedrama&#8221;, animasyon ve ger\u00e7ekli\u011fin fantastik yorumlar\u0131 gibi al\u0131\u015f\u0131lm\u0131\u015f\u0131n d\u0131\u015f\u0131ndaki yakla\u015f\u0131mlar\u0131 tart\u0131\u015farak ortaya koyuyor. Belgesel, okuyucunun belgesel sineman\u0131n en b\u00fcy\u00fck y\u00f6netmenleri, \u00f6nemli uzmanlar\u0131, odaktaki tart\u0131\u015fmalar\u0131 ve kritik \u00f6neme sahip fikirleriyle tan\u0131\u015fmas\u0131n\u0131 sa\u011flayarak kurgusal olmayan sinema hakk\u0131nda geni\u015f \u00e7e\u015fitlilikte bir akademik s\u00f6ylemi b\u00fcnyesinde bar\u0131nd\u0131r\u0131yor. Bu kapsaml\u0131 rehber 1920&#8217;lerden 2009&#8217;a kadar uluslararas\u0131 alanda g\u00f6sterime girmi\u015f Nanook of the North (1922), The Man with the Movie Camera (1929), Night Mail (1936), Night and Fog (1955), Roger and Me (1989), Tarnation (2003), My Winnipeg (2007), Sicko (2007), Waltz with Bashir (2008), Say My Name (2009), Anvil: The Story of Anvil (2009) gibi bir\u00e7ok filme yer veriyor. <\/p>\n","protected":false},"excerpt":{"rendered":"<p>Dave Saunders&#8217;\u0131n belgesel sinemaya giri\u015f niteli\u011fi ta\u015f\u0131yan bu eseri kurgusal olmayan sineman\u0131n tarihini, k\u00fclt\u00fcrel ba\u011flam\u0131n\u0131 ve geli\u015fimini, yakla\u015f\u0131mlar\u0131n\u0131, anla\u015fmazl\u0131klar\u0131n\u0131 ve i\u015flevlerini sunuyor. Saunders bir taraftan belgeselin<span class=\"excerpt-hellip\"> [\u2026]<\/span><\/p>\n","protected":false},"featured_media":0,"template":"","meta":{"_monsterinsights_skip_tracking":false,"_monsterinsights_sitenote_active":false,"_monsterinsights_sitenote_note":"","_monsterinsights_sitenote_category":0},"product_brand":[],"product_cat":[13021,12408],"product_tag":[],"class_list":{"0":"post-708152","1":"product","2":"type-product","3":"status-publish","5":"product_cat-sahne-sanatlari","6":"product_cat-sanat","7":"pa_cilt-ciltsiz","8":"pa_tur-kitap","9":"pa_yayinevi-kolektif-kitap","10":"pa_yazar-dave-saunders","12":"first","13":"instock","14":"sale","15":"shipping-taxable","16":"purchasable","17":"product-type-simple"},"_links":{"self":[{"href":"https:\/\/roveyayinevi.com.tr\/index.php\/wp-json\/wp\/v2\/product\/708152","targetHints":{"allow":["GET"]}}],"collection":[{"href":"https:\/\/roveyayinevi.com.tr\/index.php\/wp-json\/wp\/v2\/product"}],"about":[{"href":"https:\/\/roveyayinevi.com.tr\/index.php\/wp-json\/wp\/v2\/types\/product"}],"wp:attachment":[{"href":"https:\/\/roveyayinevi.com.tr\/index.php\/wp-json\/wp\/v2\/media?parent=708152"}],"wp:term":[{"taxonomy":"product_brand","embeddable":true,"href":"https:\/\/roveyayinevi.com.tr\/index.php\/wp-json\/wp\/v2\/product_brand?post=708152"},{"taxonomy":"product_cat","embeddable":true,"href":"https:\/\/roveyayinevi.com.tr\/index.php\/wp-json\/wp\/v2\/product_cat?post=708152"},{"taxonomy":"product_tag","embeddable":true,"href":"https:\/\/roveyayinevi.com.tr\/index.php\/wp-json\/wp\/v2\/product_tag?post=708152"}],"curies":[{"name":"wp","href":"https:\/\/api.w.org\/{rel}","templated":true}]}}