{"id":708151,"date":"2025-08-27T16:12:09","date_gmt":"2025-08-27T13:12:09","guid":{"rendered":"https:\/\/roveyayinevi.com.tr\/index.php\/urun\/yeni-bir-bakisla-derrida\/"},"modified":"2026-04-16T02:16:48","modified_gmt":"2026-04-15T23:16:48","slug":"yeni-bir-bakisla-derrida","status":"publish","type":"product","link":"https:\/\/roveyayinevi.com.tr\/index.php\/urun\/yeni-bir-bakisla-derrida\/","title":{"rendered":"Yeni Bir Bak\u0131\u015fla &#8211; Derr\u0131da"},"content":{"rendered":"<p>Hi\u00e7 ku\u015fkusuz, Derrida d\u00fc\u015f\u00fcncesinin merkezinde metafizi\u011fin yap\u0131bozumu yer al\u0131r. S\u00f6z konusu olan, konu\u015fmay\u0131 yaz\u0131ya \u00fcst\u00fcn tutan (s\u00f6zmerkezci) hakim metafizik anlay\u0131\u015f\u0131n yap\u0131bozumudur ve Derrida \u201cyaz\u0131\u201dy\u0131 yeniden d\u00fc\u015f\u00fcnmekle anlam\u0131n, yasan\u0131n, Benli\u011fin, otoritenin, hakikatin, yani asl\u0131nda t\u00fcm ihti\u015faml\u0131 yap\u0131lar\u0131n nas\u0131l in\u015fa edildi\u011fini sorgular. \u0130hti\u015fam\u0131n tersine y\u0131k\u0131nt\u0131ya, t\u00fcm bu yap\u0131larda m\u00fcndemi\u00e7 fanili\u011fe dikkat \u00e7eker.\u201cYeni Bir Bak\u0131\u015fla\u201d serisinin d\u00f6rd\u00fcnc\u00fc kitab\u0131 Yeni Bir Bak\u0131\u015fla Derrida merkezine ald\u0131\u011f\u0131 yap\u0131bozum y\u00f6ntemini, yap\u0131salc\u0131l\u0131k ve post-yap\u0131salc\u0131l\u0131k tart\u0131\u015fmas\u0131 ba\u011flam\u0131nda Derrida\u2019n\u0131n Frans\u0131zca \u201cfark\u201d ve \u201certeleme\u201d terimlerinden t\u00fcretti\u011fi diff\u00e9rance, Kant\u2019\u0131n Yarg\u0131 Yetisinin Ele\u015ftirisi\u2019nden \u00f6d\u00fcn\u00e7 ald\u0131\u011f\u0131 parergon ve \u00e9criture kavramlar\u0131yla birlikte ele al\u0131yor.Yeni Bir Bak\u0131\u015fla Derrida, yap\u0131bozum y\u00f6ntemi i\u00e7erisinde birbiriyle ba\u011flant\u0131l\u0131 t\u00fcm bu kavramlar \u00fczerinden Derrida d\u00fc\u015f\u00fcncesinin, hem Bat\u0131 felsefe gelene\u011fiyle hem de mimariden moda tasar\u0131m\u0131na, resimden sinemaya, grafik romandan foto\u011frafa, sanat\u0131n \u00e7e\u015fitli dallar\u0131yla kurdu\u011fu ele\u015ftirel diyalogu ortaya \u00e7\u0131kar\u0131yor, \u00e7etrefilli Derrida d\u00fc\u015f\u00fcncesini sade bir dille okurlara aktar\u0131yor.\u201c\u00c7a\u011fda\u015f D\u00fc\u015f\u00fcn\u00fcrlere Yeni Bir Bak\u0131\u015f\u201d serisi b\u00fcy\u00fck d\u00fc\u015f\u00fcn\u00fcrlerin fikirlerini, g\u00f6rsel sanatlar, filmler, televizyon programlar\u0131, mimarl\u0131k, moda ve hatta bilgisayar oyunlar\u0131ndan \u00f6rneklerle g\u00f6zler \u00f6n\u00fcne seriyor&#8230;Serinin di\u011fer kitaplar\u0131:Yeni Bir Bak\u0131\u015fla HeideggerYeni Bir Bak\u0131\u015fla AdornoYeni Bir Bak\u0131\u015fla Deleuze <\/p>\n","protected":false},"excerpt":{"rendered":"<p>Hi\u00e7 ku\u015fkusuz, Derrida d\u00fc\u015f\u00fcncesinin merkezinde metafizi\u011fin yap\u0131bozumu yer al\u0131r. S\u00f6z konusu olan, konu\u015fmay\u0131 yaz\u0131ya \u00fcst\u00fcn tutan (s\u00f6zmerkezci) hakim metafizik anlay\u0131\u015f\u0131n yap\u0131bozumudur ve Derrida \u201cyaz\u0131\u201dy\u0131 yeniden d\u00fc\u015f\u00fcnmekle<span class=\"excerpt-hellip\"> [\u2026]<\/span><\/p>\n","protected":false},"featured_media":0,"template":"","meta":{"_monsterinsights_skip_tracking":false,"_monsterinsights_sitenote_active":false,"_monsterinsights_sitenote_note":"","_monsterinsights_sitenote_category":0},"product_brand":[],"product_cat":[12408,14197],"product_tag":[],"class_list":{"0":"post-708151","1":"product","2":"type-product","3":"status-publish","5":"product_cat-sanat","6":"product_cat-sanat-tarihi","7":"pa_cilt-ciltsiz","8":"pa_tur-kitap","9":"pa_yayinevi-kolektif-kitap","10":"pa_yazar-malcolm-rivhards","12":"first","13":"instock","14":"sale","15":"shipping-taxable","16":"purchasable","17":"product-type-simple"},"_links":{"self":[{"href":"https:\/\/roveyayinevi.com.tr\/index.php\/wp-json\/wp\/v2\/product\/708151","targetHints":{"allow":["GET"]}}],"collection":[{"href":"https:\/\/roveyayinevi.com.tr\/index.php\/wp-json\/wp\/v2\/product"}],"about":[{"href":"https:\/\/roveyayinevi.com.tr\/index.php\/wp-json\/wp\/v2\/types\/product"}],"wp:attachment":[{"href":"https:\/\/roveyayinevi.com.tr\/index.php\/wp-json\/wp\/v2\/media?parent=708151"}],"wp:term":[{"taxonomy":"product_brand","embeddable":true,"href":"https:\/\/roveyayinevi.com.tr\/index.php\/wp-json\/wp\/v2\/product_brand?post=708151"},{"taxonomy":"product_cat","embeddable":true,"href":"https:\/\/roveyayinevi.com.tr\/index.php\/wp-json\/wp\/v2\/product_cat?post=708151"},{"taxonomy":"product_tag","embeddable":true,"href":"https:\/\/roveyayinevi.com.tr\/index.php\/wp-json\/wp\/v2\/product_tag?post=708151"}],"curies":[{"name":"wp","href":"https:\/\/api.w.org\/{rel}","templated":true}]}}