{"id":708150,"date":"2025-08-27T16:12:08","date_gmt":"2025-08-27T13:12:08","guid":{"rendered":"https:\/\/roveyayinevi.com.tr\/index.php\/urun\/kara-kedi-2\/"},"modified":"2026-04-16T02:16:47","modified_gmt":"2026-04-15T23:16:47","slug":"kara-kedi-2","status":"publish","type":"product","link":"https:\/\/roveyayinevi.com.tr\/index.php\/urun\/kara-kedi-2\/","title":{"rendered":"Kara Kedi"},"content":{"rendered":"<p>\u201cYazmak \u00fczere oldu\u011fum bu \u00e7\u0131lg\u0131n, ama bir o kadar da basit hikayeye inanman\u0131z\u0131 beklemiyorum. Kendi akl\u0131m bile, olanlar\u0131 apa\u00e7\u0131k g\u00f6rd\u00fc\u011f\u00fc halde, onlar\u0131 inkar ederken, sizden bunu beklemem delilik olur. Ama deli olmad\u0131\u011f\u0131m\u0131 biliyorum, hayal g\u00f6rmedi\u011fimden de eminim. Yar\u0131n \u00f6lece\u011fim i\u00e7in bug\u00fcn i\u00e7imi d\u00f6kmem gerek.\u201dEdgar Allan Poe\u2019nun gizemli ve karanl\u0131k d\u00fcnyas\u0131na ho\u015f geldiniz! Deh\u015feti, korkuyu, fantezi ile ger\u00e7eklik aras\u0131ndaki mu\u011flakl\u0131\u011f\u0131, insan\u0131n karanl\u0131k y\u00fcz\u00fcn\u00fc ve \u00e7aresizli\u011fi anlatan Poe\u2019nun tekinsiz \u00f6yk\u00fclerine, bu kez Luis Scafati\u2019nin e\u015fsiz \u00e7izimleri e\u015flik ediyor. B\u00fcy\u00fck bir \u00f6zenle kulland\u0131\u011f\u0131 siyah\u0131n hakim oldu\u011fu \u00e7izimleriyle karanl\u0131k ve hassas bir d\u00fcnyan\u0131n kap\u0131lar\u0131n\u0131 aralayan Scafati ile duydu\u011fu deh\u015fet \u00fcrperi\u015fini okuyucusuna iletmekte benzersiz bir dile sahip Edgar Allan Poe\u2019nun \u00f6yk\u00fcleri bir araya gelerek benzersiz bir atmosfer yarat\u0131yor.\u201cEdgar Allan Poe\u2019nun \u00f6yk\u00fclerini \u00e7ok sevdi\u011fim i\u00e7in gerilim filmleri yapmaya ba\u015flad\u0131m.\u201d- Alfred Hitchcock\u201cEdgar Allan Poe, ona hayat veren nefesi \u00fcflemeden \u00f6nce dedektiflik hikayeleri neredeydi?\u201d- Arthur Conan Doyle<\/p>\n","protected":false},"excerpt":{"rendered":"<p>\u201cYazmak \u00fczere oldu\u011fum bu \u00e7\u0131lg\u0131n, ama bir o kadar da basit hikayeye inanman\u0131z\u0131 beklemiyorum. Kendi akl\u0131m bile, olanlar\u0131 apa\u00e7\u0131k g\u00f6rd\u00fc\u011f\u00fc halde, onlar\u0131 inkar ederken, sizden bunu<span class=\"excerpt-hellip\"> [\u2026]<\/span><\/p>\n","protected":false},"featured_media":0,"template":"","meta":{"_monsterinsights_skip_tracking":false,"_monsterinsights_sitenote_active":false,"_monsterinsights_sitenote_note":"","_monsterinsights_sitenote_category":0},"product_brand":[],"product_cat":[12891,12291],"product_tag":[],"class_list":{"0":"post-708150","1":"product","2":"type-product","3":"status-publish","5":"product_cat-amerikan-edebiyati","6":"product_cat-edebiyat","7":"pa_cilt-ciltsiz","8":"pa_tur-kitap","9":"pa_yayinevi-kolektif-kitap","10":"pa_yazar-edgar-allan-poe","12":"first","13":"instock","14":"sale","15":"shipping-taxable","16":"purchasable","17":"product-type-simple"},"_links":{"self":[{"href":"https:\/\/roveyayinevi.com.tr\/index.php\/wp-json\/wp\/v2\/product\/708150","targetHints":{"allow":["GET"]}}],"collection":[{"href":"https:\/\/roveyayinevi.com.tr\/index.php\/wp-json\/wp\/v2\/product"}],"about":[{"href":"https:\/\/roveyayinevi.com.tr\/index.php\/wp-json\/wp\/v2\/types\/product"}],"wp:attachment":[{"href":"https:\/\/roveyayinevi.com.tr\/index.php\/wp-json\/wp\/v2\/media?parent=708150"}],"wp:term":[{"taxonomy":"product_brand","embeddable":true,"href":"https:\/\/roveyayinevi.com.tr\/index.php\/wp-json\/wp\/v2\/product_brand?post=708150"},{"taxonomy":"product_cat","embeddable":true,"href":"https:\/\/roveyayinevi.com.tr\/index.php\/wp-json\/wp\/v2\/product_cat?post=708150"},{"taxonomy":"product_tag","embeddable":true,"href":"https:\/\/roveyayinevi.com.tr\/index.php\/wp-json\/wp\/v2\/product_tag?post=708150"}],"curies":[{"name":"wp","href":"https:\/\/api.w.org\/{rel}","templated":true}]}}