{"id":708149,"date":"2025-08-27T16:12:08","date_gmt":"2025-08-27T13:12:08","guid":{"rendered":"https:\/\/roveyayinevi.com.tr\/index.php\/urun\/gizemli-bir-maske-fernando-pessoa\/"},"modified":"2026-04-16T02:16:47","modified_gmt":"2026-04-15T23:16:47","slug":"gizemli-bir-maske-fernando-pessoa","status":"publish","type":"product","link":"https:\/\/roveyayinevi.com.tr\/index.php\/urun\/gizemli-bir-maske-fernando-pessoa\/","title":{"rendered":"Gizemli Bir Maske Fernando Pessoa"},"content":{"rendered":"<p>Ge\u00e7 git, ku\u015f, ge\u00e7 git, bana da ge\u00e7ip gitmeyi \u00f6\u011fret!Bir bilinmezlik olmay\u0131 se\u00e7en, yazma eylemini kendine \u00f6zg\u00fc bir sahne yorumuyla icra eden, Modernizmin ge\u00e7 ke\u015ffedilen \u00f6nc\u00fclerinden Fernando Pessoa ba\u015fyap\u0131t\u0131 say\u0131lan Huzursuzlu\u011fun Kitab\u0131\u2019nda \u015f\u00f6yle yazar: \u201cYaratmak u\u011fruna kendimi yok ettim; kendi i\u00e7imde o kadar d\u0131\u015f\u0131ma att\u0131m ki kendimi, kendimin d\u0131\u015f\u0131nda varl\u0131k s\u00fcr\u00fcyorum art\u0131k. Farkl\u0131 oyuncular\u0131n farkl\u0131 oyunlar oynad\u0131\u011f\u0131 bo\u015f bir sahneyim ben.\u201d Bu benzersiz g\u00fcnl\u00fck, Bernardo Soares imzal\u0131d\u0131r. \u015eiirle ya\u015fam\u0131\u015f, yaratt\u0131\u011f\u0131 onlarca kimlik, karakter arac\u0131l\u0131\u011f\u0131yla modern \u015fiire ve yaz\u0131na m\u00fchr\u00fcn\u00fc, hayattayken yay\u0131mlad\u0131\u011f\u0131 tek Portekizce \u015fiir kitab\u0131 ve \u00fc\u00e7 \u0130ngilizce kitab\u0131n yan\u0131nda koca bir bavul elyazmas\u0131yla b\u0131rakm\u0131\u015ft\u0131r Pessoa.Mart\u00edn Lopez-Vega\u2019n\u0131n haz\u0131rlad\u0131\u011f\u0131 bu se\u00e7ki, Pessoa\u2019n\u0131n ba\u015f akt\u00f6rleri olarak nitelenen, kendisinin de \u00f6yle kurgulad\u0131\u011f\u0131 Alberto Caeiro, Ricardo Reis, \u00c1lvaro de Campos\u2019un \u015fiirlerinden bir se\u00e7meyi Adolfo Serra\u2019n\u0131n ill\u00fcstrasyonlar\u0131yla bir araya getiriyor.Bug\u00fcn, yap\u0131t\u0131yla \u00f6rd\u00fc\u011f\u00fc bulmaca hala b\u00fct\u00fcn\u00fcyle g\u00fcn \u0131\u015f\u0131\u011f\u0131na \u00e7\u0131kmam\u0131\u015fken, d\u00fcnyan\u0131n ba\u015fka co\u011frafyalar\u0131nda ba\u015fka \u201cya\u015fayan karakter\u201dlere kendine \u00f6zg\u00fc bir bilgelikle dokunarak s\u00f6z\u00fcn\u00fc s\u00fcrd\u00fcr\u00fcyor Pessoa.D\u00fcnyada ileri gitmek i\u00e7in ne kadar \u00e7ok \u015fey \u00f6d\u00fcn\u00e7 ald\u0131m!Ne kadar \u00f6d\u00fcn\u00e7 \u015feyi sanki benimmi\u015f gibi kulland\u0131m!Ben kendim de, yaz\u0131k ki, bana \u00f6d\u00fcn\u00e7 verilen \u015feylerden ba\u015fka bir \u015fey de\u011filim<\/p>\n","protected":false},"excerpt":{"rendered":"<p>Ge\u00e7 git, ku\u015f, ge\u00e7 git, bana da ge\u00e7ip gitmeyi \u00f6\u011fret!Bir bilinmezlik olmay\u0131 se\u00e7en, yazma eylemini kendine \u00f6zg\u00fc bir sahne yorumuyla icra eden, Modernizmin ge\u00e7 ke\u015ffedilen \u00f6nc\u00fclerinden<span class=\"excerpt-hellip\"> [\u2026]<\/span><\/p>\n","protected":false},"featured_media":0,"template":"","meta":{"_monsterinsights_skip_tracking":false,"_monsterinsights_sitenote_active":false,"_monsterinsights_sitenote_note":"","_monsterinsights_sitenote_category":0},"product_brand":[],"product_cat":[12291,12509],"product_tag":[],"class_list":{"0":"post-708149","1":"product","2":"type-product","3":"status-publish","5":"product_cat-edebiyat","6":"product_cat-siir","7":"pa_cilt-ciltsiz","8":"pa_tur-kitap","9":"pa_yayinevi-kolektif-kitap","10":"pa_yazar-fernando-pesseo","12":"first","13":"instock","14":"sale","15":"shipping-taxable","16":"purchasable","17":"product-type-simple"},"_links":{"self":[{"href":"https:\/\/roveyayinevi.com.tr\/index.php\/wp-json\/wp\/v2\/product\/708149","targetHints":{"allow":["GET"]}}],"collection":[{"href":"https:\/\/roveyayinevi.com.tr\/index.php\/wp-json\/wp\/v2\/product"}],"about":[{"href":"https:\/\/roveyayinevi.com.tr\/index.php\/wp-json\/wp\/v2\/types\/product"}],"wp:attachment":[{"href":"https:\/\/roveyayinevi.com.tr\/index.php\/wp-json\/wp\/v2\/media?parent=708149"}],"wp:term":[{"taxonomy":"product_brand","embeddable":true,"href":"https:\/\/roveyayinevi.com.tr\/index.php\/wp-json\/wp\/v2\/product_brand?post=708149"},{"taxonomy":"product_cat","embeddable":true,"href":"https:\/\/roveyayinevi.com.tr\/index.php\/wp-json\/wp\/v2\/product_cat?post=708149"},{"taxonomy":"product_tag","embeddable":true,"href":"https:\/\/roveyayinevi.com.tr\/index.php\/wp-json\/wp\/v2\/product_tag?post=708149"}],"curies":[{"name":"wp","href":"https:\/\/api.w.org\/{rel}","templated":true}]}}