{"id":708148,"date":"2025-08-27T16:12:07","date_gmt":"2025-08-27T13:12:07","guid":{"rendered":"https:\/\/roveyayinevi.com.tr\/index.php\/urun\/gezi-ruhu-ve-politik-teori\/"},"modified":"2026-04-16T02:16:47","modified_gmt":"2026-04-15T23:16:47","slug":"gezi-ruhu-ve-politik-teori","status":"publish","type":"product","link":"https:\/\/roveyayinevi.com.tr\/index.php\/urun\/gezi-ruhu-ve-politik-teori\/","title":{"rendered":"Gezi Ruhu Ve Politik Teori"},"content":{"rendered":"<p>2013 y\u0131l\u0131n\u0131n Haziran ay\u0131nda, Taksim Meydan\u0131 ve Gezi Park\u0131&#8217;n\u0131 dolduran \u00e7ok dilli, \u00e7ok dinli, \u00e7ok ideolijili, \u00e7ok kimlikli insan \u00e7o\u011fullu\u011fu aras\u0131nda bir &#8220;ruh&#8221; dola\u015ft\u0131: \u00f6zg\u00fcrl\u00fck ve demokrasi ruhu. Bu ruh, T\u00fcrkiye&#8217;de siyasal hayat\u0131 ve siyasal tahayy\u00fcl\u00fc derinden etkileyebilecek geli\u015fmelerin ve aray\u0131\u015flar\u0131n yolunu a\u00e7t\u0131. Peki nas\u0131l do\u011fmu\u015f, nas\u0131l b\u00fcy\u00fcm\u00fc\u015ft\u00fc bu ruh? Dile gelecek olsa hangi kavramlarla konu\u015fur, nas\u0131l bir kuramsal zemine yaslan\u0131rd\u0131?  Gezi Ruhu ve Politik Teori bu sorulara yan\u0131t arayan, \u00f6znellikle nesnelli\u011fi, bir siyaset g\u00f6zlemcisinin kavramsal bak\u0131\u015f\u0131yla bir kat\u0131l\u0131mc\u0131n\u0131n heyecan, umut ve \u00f6fkesini harmanlayan, hem politik hem de teorik bir kitap. Bir yandan 2013 Haziran&#8217;\u0131n\u0131n o ate\u015fli g\u00fcnleri \u00fczerine yeniden d\u00fc\u015f\u00fcnmek i\u00e7in bir f\u0131rsat veriyor, bir yandan da Weber, Arendt, Schumpeter ve Habermas&#8217;\u0131n siyasete dair teorileri ve kavramlar\u0131yla tan\u0131\u015ft\u0131r\u0131yor bizi. Hem politikaya ve politik teoriye merak duyanlar i\u00e7in bir ba\u015flang\u0131\u00e7 sunuyor, hem de Gezi olaylar\u0131n\u0131n demokratik siyasetin bug\u00fcn\u00fc ve gelece\u011fi a\u00e7\u0131s\u0131ndan anlam\u0131 \u00fczerine d\u00fc\u015f\u00fcnmek isteyenlere \u00f6zg\u00fcn, berrak ve samimi bir \u00fcslupla rehberlik ediyor.  Gezi Ruhu ve Politik Teori olaylar\u0131n ger\u00e7ekli\u011fini do\u011frudan sunan bir foto\u011fraf de\u011fil, \u00e7\u0131plak g\u00f6zle g\u00f6r\u00fclenlerin gerisindeki ruhu, &#8220;Gezi Ruhu&#8221;nu yans\u0131tan bir portre \u00e7al\u0131\u015fmas\u0131. Tam da o ruhun i\u00e7erdi\u011fi \u00f6zneleraras\u0131 niteli\u011fe uygun \u015fekilde&#8230; <\/p>\n","protected":false},"excerpt":{"rendered":"<p>2013 y\u0131l\u0131n\u0131n Haziran ay\u0131nda, Taksim Meydan\u0131 ve Gezi Park\u0131&#8217;n\u0131 dolduran \u00e7ok dilli, \u00e7ok dinli, \u00e7ok ideolijili, \u00e7ok kimlikli insan \u00e7o\u011fullu\u011fu aras\u0131nda bir &#8220;ruh&#8221; dola\u015ft\u0131: \u00f6zg\u00fcrl\u00fck ve<span class=\"excerpt-hellip\"> [\u2026]<\/span><\/p>\n","protected":false},"featured_media":0,"template":"","meta":{"_monsterinsights_skip_tracking":false,"_monsterinsights_sitenote_active":false,"_monsterinsights_sitenote_note":"","_monsterinsights_sitenote_category":0},"product_brand":[],"product_cat":[13590,12337],"product_tag":[],"class_list":{"0":"post-708148","1":"product","2":"type-product","3":"status-publish","5":"product_cat-arastirma-inceleme-politika-siyaset","6":"product_cat-politika-siyaset","7":"pa_cilt-ciltsiz","8":"pa_tur-kitap","9":"pa_yayinevi-kolektif-kitap","10":"pa_yazar-murat-ozbank","12":"first","13":"instock","14":"sale","15":"shipping-taxable","16":"purchasable","17":"product-type-simple"},"_links":{"self":[{"href":"https:\/\/roveyayinevi.com.tr\/index.php\/wp-json\/wp\/v2\/product\/708148","targetHints":{"allow":["GET"]}}],"collection":[{"href":"https:\/\/roveyayinevi.com.tr\/index.php\/wp-json\/wp\/v2\/product"}],"about":[{"href":"https:\/\/roveyayinevi.com.tr\/index.php\/wp-json\/wp\/v2\/types\/product"}],"wp:attachment":[{"href":"https:\/\/roveyayinevi.com.tr\/index.php\/wp-json\/wp\/v2\/media?parent=708148"}],"wp:term":[{"taxonomy":"product_brand","embeddable":true,"href":"https:\/\/roveyayinevi.com.tr\/index.php\/wp-json\/wp\/v2\/product_brand?post=708148"},{"taxonomy":"product_cat","embeddable":true,"href":"https:\/\/roveyayinevi.com.tr\/index.php\/wp-json\/wp\/v2\/product_cat?post=708148"},{"taxonomy":"product_tag","embeddable":true,"href":"https:\/\/roveyayinevi.com.tr\/index.php\/wp-json\/wp\/v2\/product_tag?post=708148"}],"curies":[{"name":"wp","href":"https:\/\/api.w.org\/{rel}","templated":true}]}}