{"id":708147,"date":"2025-08-27T16:12:07","date_gmt":"2025-08-27T13:12:07","guid":{"rendered":"https:\/\/roveyayinevi.com.tr\/index.php\/urun\/dunyayi-degistiren-100-fikir\/"},"modified":"2026-04-16T02:16:47","modified_gmt":"2026-04-15T23:16:47","slug":"dunyayi-degistiren-100-fikir","status":"publish","type":"product","link":"https:\/\/roveyayinevi.com.tr\/index.php\/urun\/dunyayi-degistiren-100-fikir\/","title":{"rendered":"D\u00fcnyay\u0131 De\u011fi\u015ftiren 100 Fikir"},"content":{"rendered":"<p>\u0130nsanl\u0131k tarihini \u015fekillendiren sadece bir avu\u00e7 b\u00fcy\u00fck fikir! Bu kitapla Brain Cox, Richard Dawkins, Patrick Moore ve Marcus du Sautoy gibi g\u00fcn\u00fcm\u00fcz\u00fcn en zeki ve ba\u015far\u0131l\u0131 bilim insanlar\u0131, m\u00fchendisleri ve giri\u015fimcilerinin se\u00e7ti\u011fi, hayat\u0131m\u0131z\u0131 k\u00f6kten de\u011fi\u015ftiren yarat\u0131c\u0131 teorileri ve bulu\u015flar\u0131 ke\u015ffedece\u011finiz keyifli bir yolculu\u011fa \u00e7\u0131kacaks\u0131n\u0131z. D\u00fcnyam\u0131z\u0131 de\u011fi\u015ftiren ve ya\u015fad\u0131\u011f\u0131m\u0131z hayat\u0131 daha anla\u015f\u0131l\u0131r hale getiren 100 b\u00fcy\u00fck ke\u015fif, icat ve kuram\u0131 okurken, sizler de insanl\u0131k tarihini, D\u00fcnya\u2019m\u0131z\u0131 ve Evren\u2019i yeniden ke\u015ffedeceksiniz. Bu kitab\u0131 okuduktan sonra d\u00fcnyay\u0131 de\u011fi\u015ftiren en b\u00fcy\u00fck fikrin ne olduguna siz karar verin!<\/p>\n","protected":false},"excerpt":{"rendered":"<p>\u0130nsanl\u0131k tarihini \u015fekillendiren sadece bir avu\u00e7 b\u00fcy\u00fck fikir! Bu kitapla Brain Cox, Richard Dawkins, Patrick Moore ve Marcus du Sautoy gibi g\u00fcn\u00fcm\u00fcz\u00fcn en zeki ve ba\u015far\u0131l\u0131<span class=\"excerpt-hellip\"> [\u2026]<\/span><\/p>\n","protected":false},"featured_media":0,"template":"","meta":{"_monsterinsights_skip_tracking":false,"_monsterinsights_sitenote_active":false,"_monsterinsights_sitenote_note":"","_monsterinsights_sitenote_category":0},"product_brand":[],"product_cat":[13005,13006],"product_tag":[],"class_list":{"0":"post-708147","1":"product","2":"type-product","3":"status-publish","5":"product_cat-bilim-muhendislik","6":"product_cat-populer-bilim","7":"pa_cilt-ciltsiz","8":"pa_tur-kitap","9":"pa_yayinevi-kolektif-kitap","10":"pa_yazar-jheni-osman","12":"first","13":"instock","14":"sale","15":"shipping-taxable","16":"purchasable","17":"product-type-simple"},"_links":{"self":[{"href":"https:\/\/roveyayinevi.com.tr\/index.php\/wp-json\/wp\/v2\/product\/708147","targetHints":{"allow":["GET"]}}],"collection":[{"href":"https:\/\/roveyayinevi.com.tr\/index.php\/wp-json\/wp\/v2\/product"}],"about":[{"href":"https:\/\/roveyayinevi.com.tr\/index.php\/wp-json\/wp\/v2\/types\/product"}],"wp:attachment":[{"href":"https:\/\/roveyayinevi.com.tr\/index.php\/wp-json\/wp\/v2\/media?parent=708147"}],"wp:term":[{"taxonomy":"product_brand","embeddable":true,"href":"https:\/\/roveyayinevi.com.tr\/index.php\/wp-json\/wp\/v2\/product_brand?post=708147"},{"taxonomy":"product_cat","embeddable":true,"href":"https:\/\/roveyayinevi.com.tr\/index.php\/wp-json\/wp\/v2\/product_cat?post=708147"},{"taxonomy":"product_tag","embeddable":true,"href":"https:\/\/roveyayinevi.com.tr\/index.php\/wp-json\/wp\/v2\/product_tag?post=708147"}],"curies":[{"name":"wp","href":"https:\/\/api.w.org\/{rel}","templated":true}]}}