{"id":708146,"date":"2025-08-27T16:12:07","date_gmt":"2025-08-27T13:12:07","guid":{"rendered":"https:\/\/roveyayinevi.com.tr\/index.php\/urun\/latin-amerika-alternatif-bir-gezi-rehberi\/"},"modified":"2026-04-16T02:16:47","modified_gmt":"2026-04-15T23:16:47","slug":"latin-amerika-alternatif-bir-gezi-rehberi","status":"publish","type":"product","link":"https:\/\/roveyayinevi.com.tr\/index.php\/urun\/latin-amerika-alternatif-bir-gezi-rehberi\/","title":{"rendered":"Latin Amerika &#8211; Alternatif Bir Gezi Rehberi"},"content":{"rendered":"<p>S\u0131n\u0131rlar\u0131 Kald\u0131rd\u0131m adl\u0131 blogun yazar\u0131 Okan Okumu\u015f\u2019un Latin Amerika\u2019daki gezilerinden yola \u00e7\u0131karak haz\u0131rlad\u0131\u011f\u0131 Latin Amerika \u2013 Alternatif Bir Gezi Rehberi on iki \u00fclkeyi kaps\u0131yor. A\u00e7\u0131l\u0131\u015f\u0131 Brezilya\u2019yla yapan bu gezgin rehberinde Arjantin, Patagonya, Kolombiya, K\u00fcba, Meksika, Guatemala, Honduras, Nikaragua, Peru, \u015eili ve Bolivya \u00fczerine sadece \u201cnerede ne yenir, ne i\u00e7ilir?\u201d sorular\u0131n\u0131n cevab\u0131 yok. Turistten ziyade gezgin olmak isteyenler i\u00e7in alternatif rotalar ve \u00f6neriler, bu \u00fclkelerin tarihlerine, k\u00fclt\u00fcrlerine dair bilgiler ve ki\u015fisel g\u00f6zlemlerle bildi\u011fimiz gezi rehberlerinden ayr\u0131lan bu kitapla, \u201cuzaklardaki\u201d Latin Amerika\u2019n\u0131n b\u00fcy\u00fcleyici atmosferine biraz daha yakla\u015facaks\u0131n\u0131z. Sonra kim bilir, belki s\u0131rt \u00e7antan\u0131z\u0131 toplay\u0131p yollara d\u00fc\u015feceksiniz&#8230;S\u0131n\u0131rlar\u0131 Kald\u0131rd\u0131m serisi Asya, Afrika ve Okyanusya\u2019yla devam edecek.\u201cHi\u00e7 ku\u015fkusuz, bu kitapta anlat\u0131lanlar hayata bak\u0131\u015f\u0131m\u0131n ve gezginlik anlay\u0131\u015f\u0131m\u0131n yans\u0131malar\u0131d\u0131r. Salt t\u00fcketen olmaktan ka\u00e7\u0131nan ve gitti\u011fi yerin ya\u015fam\u0131na dokunmaya \u00e7al\u0131\u015fan, oradaki ya\u015famlar\u0131 d\u00fcn\u00fc ve bug\u00fcn\u00fcyle birlikte anlamaya, anlamland\u0131rmaya u\u011fra\u015fan bir gezi anlay\u0131\u015f\u0131 bu.\u201d<\/p>\n","protected":false},"excerpt":{"rendered":"<p>S\u0131n\u0131rlar\u0131 Kald\u0131rd\u0131m adl\u0131 blogun yazar\u0131 Okan Okumu\u015f\u2019un Latin Amerika\u2019daki gezilerinden yola \u00e7\u0131karak haz\u0131rlad\u0131\u011f\u0131 Latin Amerika \u2013 Alternatif Bir Gezi Rehberi on iki \u00fclkeyi kaps\u0131yor. A\u00e7\u0131l\u0131\u015f\u0131 Brezilya\u2019yla<span class=\"excerpt-hellip\"> [\u2026]<\/span><\/p>\n","protected":false},"featured_media":0,"template":"","meta":{"_monsterinsights_skip_tracking":false,"_monsterinsights_sitenote_active":false,"_monsterinsights_sitenote_note":"","_monsterinsights_sitenote_category":0},"product_brand":[],"product_cat":[13054,45811],"product_tag":[],"class_list":{"0":"post-708146","1":"product","2":"type-product","3":"status-publish","5":"product_cat-gezi-ve-rehber-kitaplari","6":"product_cat-ulke-rehberleri","7":"pa_cilt-ciltsiz","8":"pa_tur-kitap","9":"pa_yayinevi-kolektif-kitap","10":"pa_yazar-okan-okumus","12":"first","13":"instock","14":"sale","15":"shipping-taxable","16":"purchasable","17":"product-type-simple"},"_links":{"self":[{"href":"https:\/\/roveyayinevi.com.tr\/index.php\/wp-json\/wp\/v2\/product\/708146","targetHints":{"allow":["GET"]}}],"collection":[{"href":"https:\/\/roveyayinevi.com.tr\/index.php\/wp-json\/wp\/v2\/product"}],"about":[{"href":"https:\/\/roveyayinevi.com.tr\/index.php\/wp-json\/wp\/v2\/types\/product"}],"wp:attachment":[{"href":"https:\/\/roveyayinevi.com.tr\/index.php\/wp-json\/wp\/v2\/media?parent=708146"}],"wp:term":[{"taxonomy":"product_brand","embeddable":true,"href":"https:\/\/roveyayinevi.com.tr\/index.php\/wp-json\/wp\/v2\/product_brand?post=708146"},{"taxonomy":"product_cat","embeddable":true,"href":"https:\/\/roveyayinevi.com.tr\/index.php\/wp-json\/wp\/v2\/product_cat?post=708146"},{"taxonomy":"product_tag","embeddable":true,"href":"https:\/\/roveyayinevi.com.tr\/index.php\/wp-json\/wp\/v2\/product_tag?post=708146"}],"curies":[{"name":"wp","href":"https:\/\/api.w.org\/{rel}","templated":true}]}}