{"id":708144,"date":"2025-08-27T16:12:06","date_gmt":"2025-08-27T13:12:06","guid":{"rendered":"https:\/\/roveyayinevi.com.tr\/index.php\/urun\/isgal-et-itaatsizlik-uzerine-uc-tez\/"},"modified":"2026-04-16T02:16:47","modified_gmt":"2026-04-15T23:16:47","slug":"isgal-et-itaatsizlik-uzerine-uc-tez","status":"publish","type":"product","link":"https:\/\/roveyayinevi.com.tr\/index.php\/urun\/isgal-et-itaatsizlik-uzerine-uc-tez\/","title":{"rendered":"\u0130\u015fgal Et &#8211; \u0130taatsizlik \u00dczerine \u00dc\u00e7 Tez"},"content":{"rendered":"<p>Wall Street eylemcilerinin \u201csiyasi itaatsiz\u201dler olarak, yani siyasi s\u00f6ylemleri ve stratejileri reddederek yeni, radikal bir protesto bi\u00e7imini nas\u0131l hayata ge\u00e7irdiklerini g\u00f6zler \u00f6n\u00fcne seriyor. Son olarak medya ele\u015ftirmeni ve kuramc\u0131s\u0131 W. J. T. Mitchell, Occupy imgelerinin kitle ileti\u015fim ara\u00e7lar\u0131 ve sosyal medya arac\u0131l\u0131\u011f\u0131yla t\u00fcm d\u00fcnyaya yay\u0131lmas\u0131n\u0131 mercek alt\u0131na al\u0131p devrim an\u0131t\u0131 olarak \u201cbo\u015f alan\u201d\u0131n nas\u0131l kullan\u0131ld\u0131\u011f\u0131n\u0131 irdeliyor.\u201cBelirli talepleri olmad\u0131\u011f\u0131 i\u00e7in Occupy hareketinin ilkel ve da\u011f\u0131n\u0131k oldu\u011funu d\u00fc\u015f\u00fcn\u00fcyorlar. Sanki e\u015fitlik bir talep, \u00fcstelik bireyi de ger\u00e7ekli\u011fi de yeniden tan\u0131mlayan hem ahlaki hem ekonomik bir talep de\u011filmi\u015f gibi.\u201d-Michael Taussig\u201c\u0130ktidarla uzla\u015fmay\u0131, geleneksel siyasete uymay\u0131, kurallara g\u00f6re oynamay\u0131 en ba\u015ftan reddeden Occupy yeni bir siyasi angajman, yeni bir siyaset bi\u00e7imi yaratt\u0131. Geleneksel siyasetin kelime haznesine meydan okuyan, kulland\u0131\u011f\u0131m\u0131z grameri mu\u011flakla\u015ft\u0131ran, siyasetin dilini b\u00fct\u00fcn oyunbazl\u0131\u011f\u0131yla \u00e7arp\u0131tan yeni bir angajman bi\u00e7imiydi bu.\u201d-Bernard E. Harcourt\u201cBelki de \u2018bo\u015f alan\u2019 yaln\u0131zca devrimin de\u011fil&#8230; gelecek yeni bir demokrasi, yeni bir k\u00fcresel d\u00fczen ihtimalinin de tek ger\u00e7ek an\u0131t\u0131d\u0131r.\u201d-W. J. T. Mitchell<\/p>\n","protected":false},"excerpt":{"rendered":"<p>Wall Street eylemcilerinin \u201csiyasi itaatsiz\u201dler olarak, yani siyasi s\u00f6ylemleri ve stratejileri reddederek yeni, radikal bir protesto bi\u00e7imini nas\u0131l hayata ge\u00e7irdiklerini g\u00f6zler \u00f6n\u00fcne seriyor. Son olarak medya<span class=\"excerpt-hellip\"> [\u2026]<\/span><\/p>\n","protected":false},"featured_media":0,"template":"","meta":{"_monsterinsights_skip_tracking":false,"_monsterinsights_sitenote_active":false,"_monsterinsights_sitenote_note":"","_monsterinsights_sitenote_category":0},"product_brand":[],"product_cat":[16098,12337],"product_tag":[],"class_list":{"0":"post-708144","1":"product","2":"type-product","3":"status-publish","5":"product_cat-politik-akimlar-hareketler","6":"product_cat-politika-siyaset","7":"pa_cilt-ciltsiz","8":"pa_tur-kitap","9":"pa_yayinevi-kolektif-kitap","10":"pa_yazar-w-j-t-mitchell","12":"first","13":"instock","14":"sale","15":"shipping-taxable","16":"purchasable","17":"product-type-simple"},"_links":{"self":[{"href":"https:\/\/roveyayinevi.com.tr\/index.php\/wp-json\/wp\/v2\/product\/708144","targetHints":{"allow":["GET"]}}],"collection":[{"href":"https:\/\/roveyayinevi.com.tr\/index.php\/wp-json\/wp\/v2\/product"}],"about":[{"href":"https:\/\/roveyayinevi.com.tr\/index.php\/wp-json\/wp\/v2\/types\/product"}],"wp:attachment":[{"href":"https:\/\/roveyayinevi.com.tr\/index.php\/wp-json\/wp\/v2\/media?parent=708144"}],"wp:term":[{"taxonomy":"product_brand","embeddable":true,"href":"https:\/\/roveyayinevi.com.tr\/index.php\/wp-json\/wp\/v2\/product_brand?post=708144"},{"taxonomy":"product_cat","embeddable":true,"href":"https:\/\/roveyayinevi.com.tr\/index.php\/wp-json\/wp\/v2\/product_cat?post=708144"},{"taxonomy":"product_tag","embeddable":true,"href":"https:\/\/roveyayinevi.com.tr\/index.php\/wp-json\/wp\/v2\/product_tag?post=708144"}],"curies":[{"name":"wp","href":"https:\/\/api.w.org\/{rel}","templated":true}]}}