{"id":708142,"date":"2025-08-27T16:12:05","date_gmt":"2025-08-27T13:12:05","guid":{"rendered":"https:\/\/roveyayinevi.com.tr\/index.php\/urun\/edgar-ve-allan-poenun-gizemli-seruvenleri-1-macera-basliyor\/"},"modified":"2026-04-16T02:16:47","modified_gmt":"2026-04-15T23:16:47","slug":"edgar-ve-allan-poenun-gizemli-seruvenleri-1-macera-basliyor","status":"publish","type":"product","link":"https:\/\/roveyayinevi.com.tr\/index.php\/urun\/edgar-ve-allan-poenun-gizemli-seruvenleri-1-macera-basliyor\/","title":{"rendered":"Edgar ve Allan Poe\u2019nun Gizemli Ser\u00fcvenleri 1: Macera Ba\u015fl\u0131yor"},"content":{"rendered":"<p>Birbirinin e\u015fi iki ki\u015fi, hem d\u0131\u015flar\u0131 bir, hem i\u00e7leri,Okuyabilirler birbirlerinin zihinlerini, Zalim e\u015fek \u015fakalar\u0131yla efsane ikili. Adam\u0131n biri ikizlerin anne babas\u0131n\u0131n pe\u015findeydi, Ayn\u0131 ki\u015fi onlar\u0131 takip ediyor \u015fimdi.   Mizah, gizem, kuantum, komik kurabiye fallar\u0131, \u015fifreli mesajlarla dolu Edgar ve Allan Poe&#8217;nun Gizemli Ser\u00fcvenleri&#8217;ne Ho\u015f Geldiniz   Poe ikizleri, \u00e7ok sevdikleri kedileri Roderick Usher ka\u00e7\u0131r\u0131l\u0131p evden uzaklara g\u00f6t\u00fcr\u00fcl\u00fcnce, amca ve yengeleriyle birlikte yollara d\u00fc\u015ferler. Yolculuklar\u0131 s\u0131ras\u0131nda karma\u015fan\u0131n, gizemin ve pek tabii ki sorular\u0131n ard\u0131 arkas\u0131 kesilmez: \u0130kizler birbirlerinin ak\u0131llar\u0131n\u0131 nas\u0131l okuyor? Onlara yol g\u00f6steren tuhaf mesajlar\u0131 kim g\u00f6nderiyor? \u00d6b\u00fcr D\u00fcnya\u2019dan onlarla ileti\u015fime ge\u00e7en Edgar Allan Poe\u2019nun ta kendisi mi?  Neden \u00e7\u0131lg\u0131n bir bilimci Poe ailesini y\u0131llard\u0131r izliyor? <\/p>\n","protected":false},"excerpt":{"rendered":"<p>Birbirinin e\u015fi iki ki\u015fi, hem d\u0131\u015flar\u0131 bir, hem i\u00e7leri,Okuyabilirler birbirlerinin zihinlerini, Zalim e\u015fek \u015fakalar\u0131yla efsane ikili. Adam\u0131n biri ikizlerin anne babas\u0131n\u0131n pe\u015findeydi, Ayn\u0131 ki\u015fi onlar\u0131 takip<span class=\"excerpt-hellip\"> [\u2026]<\/span><\/p>\n","protected":false},"featured_media":0,"template":"","meta":{"_monsterinsights_skip_tracking":false,"_monsterinsights_sitenote_active":false,"_monsterinsights_sitenote_note":"","_monsterinsights_sitenote_category":0},"product_brand":[],"product_cat":[12275,12274],"product_tag":[],"class_list":{"0":"post-708142","1":"product","2":"type-product","3":"status-publish","5":"product_cat-6-12-yas-kitaplari","6":"product_cat-cocuk-ve-genclik-kitaplari","7":"pa_cilt-ciltsiz","8":"pa_tur-kitap","9":"pa_yayinevi-kolektif-kitap","10":"pa_yazar-gordon-mcalpine","12":"first","13":"instock","14":"sale","15":"shipping-taxable","16":"purchasable","17":"product-type-simple"},"_links":{"self":[{"href":"https:\/\/roveyayinevi.com.tr\/index.php\/wp-json\/wp\/v2\/product\/708142","targetHints":{"allow":["GET"]}}],"collection":[{"href":"https:\/\/roveyayinevi.com.tr\/index.php\/wp-json\/wp\/v2\/product"}],"about":[{"href":"https:\/\/roveyayinevi.com.tr\/index.php\/wp-json\/wp\/v2\/types\/product"}],"wp:attachment":[{"href":"https:\/\/roveyayinevi.com.tr\/index.php\/wp-json\/wp\/v2\/media?parent=708142"}],"wp:term":[{"taxonomy":"product_brand","embeddable":true,"href":"https:\/\/roveyayinevi.com.tr\/index.php\/wp-json\/wp\/v2\/product_brand?post=708142"},{"taxonomy":"product_cat","embeddable":true,"href":"https:\/\/roveyayinevi.com.tr\/index.php\/wp-json\/wp\/v2\/product_cat?post=708142"},{"taxonomy":"product_tag","embeddable":true,"href":"https:\/\/roveyayinevi.com.tr\/index.php\/wp-json\/wp\/v2\/product_tag?post=708142"}],"curies":[{"name":"wp","href":"https:\/\/api.w.org\/{rel}","templated":true}]}}