{"id":708141,"date":"2025-08-27T16:12:04","date_gmt":"2025-08-27T13:12:04","guid":{"rendered":"https:\/\/roveyayinevi.com.tr\/index.php\/urun\/edgar-ve-allan-poenun-gizemli-seruvenleri-2-tuyler-urperten-bir-gece-yarisi\/"},"modified":"2026-04-16T02:16:47","modified_gmt":"2026-04-15T23:16:47","slug":"edgar-ve-allan-poenun-gizemli-seruvenleri-2-tuyler-urperten-bir-gece-yarisi","status":"publish","type":"product","link":"https:\/\/roveyayinevi.com.tr\/index.php\/urun\/edgar-ve-allan-poenun-gizemli-seruvenleri-2-tuyler-urperten-bir-gece-yarisi\/","title":{"rendered":"Edgar ve Allan Poe\u2019nun Gizemli Ser\u00fcvenleri 2: T\u00fcyler \u00dcrperten Bir Gece Yar\u0131s\u0131"},"content":{"rendered":"<p>Birbirinin e\u015fi iki ki\u015fi, hem d\u0131\u015flar\u0131 bir, hem i\u00e7leri, Okuyabilirler birbirlerinin zihinlerini&#8230;   Edgar ve Allan Poe karde\u015flerin mizah, gizem, kuantum, komik kurabiye fallar\u0131, \u015fifreli mesajlarla dolu yepyeni ser\u00fcvenine ho\u015f geldiniz!   Edgar ve Allan, kendilerini \u00e7\u0131lg\u0131n bir deney i\u00e7in kullanmak isteyen ba\u015f d\u00fc\u015fmanlar\u0131 Profes\u00f6r Perry\u2019i zekice planlar\u0131yla alt ettikten sonra b\u00fct\u00fcn \u00fclkede \u00fcnl\u00fc olurlar. B\u00fcy\u00fck-b\u00fcy\u00fck-b\u00fcy\u00fck-b\u00fcy\u00fck amcalar\u0131 Edgar Allan Poe\u2019nun hayat\u0131 \u00fczerine \u00e7ekilecek filmde kedileri Roderick Usher ile birlikte rol almak \u00fczere New Orleans\u2019a giderler. Ancak orada da hayatlar\u0131 tehlikededir, \u00e7\u00fcnk\u00fc \u015fimdi ba\u015fka birileri pe\u015flerindedir. Acaba Poe Karde\u015fler filmdeki rol arkada\u015flar\u0131 Em ve Milly Dickinson ikizleri, \u00f6b\u00fcr d\u00fcnyada ya\u015fayan atalar\u0131 ve yeni tan\u0131\u015ft\u0131klar\u0131 hayaletlerin yard\u0131mlar\u0131yla yeni d\u00fc\u015fmanlar\u0131n\u0131 yenebilecekler midir? <\/p>\n","protected":false},"excerpt":{"rendered":"<p>Birbirinin e\u015fi iki ki\u015fi, hem d\u0131\u015flar\u0131 bir, hem i\u00e7leri, Okuyabilirler birbirlerinin zihinlerini&#8230; Edgar ve Allan Poe karde\u015flerin mizah, gizem, kuantum, komik kurabiye fallar\u0131, \u015fifreli mesajlarla dolu<span class=\"excerpt-hellip\"> [\u2026]<\/span><\/p>\n","protected":false},"featured_media":0,"template":"","meta":{"_monsterinsights_skip_tracking":false,"_monsterinsights_sitenote_active":false,"_monsterinsights_sitenote_note":"","_monsterinsights_sitenote_category":0},"product_brand":[],"product_cat":[12275,12274],"product_tag":[],"class_list":{"0":"post-708141","1":"product","2":"type-product","3":"status-publish","5":"product_cat-6-12-yas-kitaplari","6":"product_cat-cocuk-ve-genclik-kitaplari","7":"pa_cilt-ciltsiz","8":"pa_tur-kitap","9":"pa_yayinevi-kolektif-kitap","10":"pa_yazar-gordon-mcalpine","12":"first","13":"instock","14":"sale","15":"shipping-taxable","16":"purchasable","17":"product-type-simple"},"_links":{"self":[{"href":"https:\/\/roveyayinevi.com.tr\/index.php\/wp-json\/wp\/v2\/product\/708141","targetHints":{"allow":["GET"]}}],"collection":[{"href":"https:\/\/roveyayinevi.com.tr\/index.php\/wp-json\/wp\/v2\/product"}],"about":[{"href":"https:\/\/roveyayinevi.com.tr\/index.php\/wp-json\/wp\/v2\/types\/product"}],"wp:attachment":[{"href":"https:\/\/roveyayinevi.com.tr\/index.php\/wp-json\/wp\/v2\/media?parent=708141"}],"wp:term":[{"taxonomy":"product_brand","embeddable":true,"href":"https:\/\/roveyayinevi.com.tr\/index.php\/wp-json\/wp\/v2\/product_brand?post=708141"},{"taxonomy":"product_cat","embeddable":true,"href":"https:\/\/roveyayinevi.com.tr\/index.php\/wp-json\/wp\/v2\/product_cat?post=708141"},{"taxonomy":"product_tag","embeddable":true,"href":"https:\/\/roveyayinevi.com.tr\/index.php\/wp-json\/wp\/v2\/product_tag?post=708141"}],"curies":[{"name":"wp","href":"https:\/\/api.w.org\/{rel}","templated":true}]}}