{"id":708140,"date":"2025-08-27T16:12:04","date_gmt":"2025-08-27T13:12:04","guid":{"rendered":"https:\/\/roveyayinevi.com.tr\/index.php\/urun\/goc\/"},"modified":"2025-12-30T10:04:05","modified_gmt":"2025-12-30T07:04:05","slug":"goc","status":"publish","type":"product","link":"https:\/\/roveyayinevi.com.tr\/index.php\/urun\/goc\/","title":{"rendered":"G\u00f6\u00e7"},"content":{"rendered":"<p>Ku\u015fku ve Dogma\u2019n\u0131n abs\u00fcrd d\u00fc\u015f\u00fcn\u00fcrleri Lars ve W. \u00fc\u00e7lemenin son kitab\u0131nda iflas etmi\u015f siyasi, entelekt\u00fcel ve ekonomik d\u00fczenle y\u00fczle\u015fiyorlar.\u00dcniversitelerde felsefe hocalar\u0131n\u0131n spor bilimleri b\u00f6l\u00fcmlerine atand\u0131\u011f\u0131, budalal\u0131\u011f\u0131n d\u00f6rt bir yanda h\u00fck\u00fcm s\u00fcrd\u00fc\u011f\u00fc, k\u0131yametin h\u0131zla yakla\u015ft\u0131\u011f\u0131 bir ortamda, \u201cd\u00fc\u015f\u00fcnce dostu\u201d entelekt\u00fceller Lars ve W. kendilerine zorlu misyonlar edinirler. Bir yandan, felsefeyi entelekt\u00fcel \u00e7\u00f6lden kurtar\u0131p yeniden hayata d\u00f6nd\u00fcrecek ve akademinin d\u0131\u015f\u0131nda, belki k\u00f6pr\u00fc altlar\u0131nda y\u00fcr\u00fct\u00fclecek bir felsefe hareketinin olu\u015fumuna yard\u0131mc\u0131 olmal\u0131, bir yandan da hayatlar\u0131n\u0131 s\u00fcrd\u00fcrebilmeleri i\u00e7in kendilerini kurtarmal\u0131d\u0131rlar. Ak\u0131llar\u0131nda bu misyonlarla, Britanya\u2019daki \u00fcniversitelere yapt\u0131klar\u0131 felsefe turunda, yine bolca i\u00e7ip umutsuzluktan, k\u0131yametten, s\u00fcrg\u00fcnden, g\u00f6\u00e7ten ve geri d\u00f6n\u00fc\u015ften dem vururlar.\u201cG\u00f6\u00e7, t\u0131pk\u0131 \u00fc\u00e7lemenin di\u011fer kitaplar\u0131 gibi, arzulanan a\u015fk\u0131nl\u0131k haliyle i\u00e7 karart\u0131c\u0131 ger\u00e7eklik aras\u0131ndaki gerilimlere ustaca de\u011finiyor.\u201d- Independent <\/p>\n","protected":false},"excerpt":{"rendered":"<p>Ku\u015fku ve Dogma\u2019n\u0131n abs\u00fcrd d\u00fc\u015f\u00fcn\u00fcrleri Lars ve W. \u00fc\u00e7lemenin son kitab\u0131nda iflas etmi\u015f siyasi, entelekt\u00fcel ve ekonomik d\u00fczenle y\u00fczle\u015fiyorlar.\u00dcniversitelerde felsefe hocalar\u0131n\u0131n spor bilimleri b\u00f6l\u00fcmlerine atand\u0131\u011f\u0131, budalal\u0131\u011f\u0131n<span class=\"excerpt-hellip\"> [\u2026]<\/span><\/p>\n","protected":false},"featured_media":0,"template":"","meta":{"_monsterinsights_skip_tracking":false,"_monsterinsights_sitenote_active":false,"_monsterinsights_sitenote_note":"","_monsterinsights_sitenote_category":0},"product_brand":[],"product_cat":[12291,12711],"product_tag":[],"class_list":{"0":"post-708140","1":"product","2":"type-product","3":"status-publish","5":"product_cat-edebiyat","6":"product_cat-roman-oyku","7":"pa_cilt-ciltsiz","8":"pa_tur-kitap","9":"pa_yayinevi-kolektif-kitap","10":"pa_yazar-lars-lyer","12":"first","13":"instock","14":"sale","15":"shipping-taxable","16":"purchasable","17":"product-type-simple"},"_links":{"self":[{"href":"https:\/\/roveyayinevi.com.tr\/index.php\/wp-json\/wp\/v2\/product\/708140","targetHints":{"allow":["GET"]}}],"collection":[{"href":"https:\/\/roveyayinevi.com.tr\/index.php\/wp-json\/wp\/v2\/product"}],"about":[{"href":"https:\/\/roveyayinevi.com.tr\/index.php\/wp-json\/wp\/v2\/types\/product"}],"wp:attachment":[{"href":"https:\/\/roveyayinevi.com.tr\/index.php\/wp-json\/wp\/v2\/media?parent=708140"}],"wp:term":[{"taxonomy":"product_brand","embeddable":true,"href":"https:\/\/roveyayinevi.com.tr\/index.php\/wp-json\/wp\/v2\/product_brand?post=708140"},{"taxonomy":"product_cat","embeddable":true,"href":"https:\/\/roveyayinevi.com.tr\/index.php\/wp-json\/wp\/v2\/product_cat?post=708140"},{"taxonomy":"product_tag","embeddable":true,"href":"https:\/\/roveyayinevi.com.tr\/index.php\/wp-json\/wp\/v2\/product_tag?post=708140"}],"curies":[{"name":"wp","href":"https:\/\/api.w.org\/{rel}","templated":true}]}}