{"id":708138,"date":"2025-08-27T16:12:03","date_gmt":"2025-08-27T13:12:03","guid":{"rendered":"https:\/\/roveyayinevi.com.tr\/index.php\/urun\/ideoloji-olarak-biyoloji-dna-doktrini\/"},"modified":"2026-04-16T02:16:47","modified_gmt":"2026-04-15T23:16:47","slug":"ideoloji-olarak-biyoloji-dna-doktrini","status":"publish","type":"product","link":"https:\/\/roveyayinevi.com.tr\/index.php\/urun\/ideoloji-olarak-biyoloji-dna-doktrini\/","title":{"rendered":"\u0130deoloji Olarak Biyoloji Dna Doktrini"},"content":{"rendered":"<p>Her politik felsefe bir insan do\u011fas\u0131 teorisiyle ba\u015flamak zorundad\u0131r. \u0130deoloji Olarak Biyoloji, k\u00f6kleri on dokuzuncu y\u00fczy\u0131ldaki sosyal Darwinizme uzanan ve toplumun \u00f6zelliklerinin, \u00fcyelerinin bi reysel \u00f6zelliklerden kaynakland\u0131\u011f\u0131n\u0131 ve bu \u00f6zelliklerin de \u00fcyelerin genlerinde bulundu\u011funu ka bul eden sosyobiyolojiyi oda\u011f\u0131na alarak, modern bilim ideolojisinin bizi y\u00f6neltti\u011fi hatal\u0131 yollar\u0131 inceliyor. Bilimin s\u0131n\u0131rl\u0131 oldu\u011funu kabul ederek, do\u011fan\u0131n zenginli\u011fini yeniden ke\u015ffetmemizi ve bilimin ger\u00e7ek de\u011ferini takdir etmemizi sa\u011fl\u0131yor. D\u00fcnyan\u0131n \u00f6nde gelen bilim insanlar\u0131ndan R. C. Lewontin yay\u0131mland\u0131\u011f\u0131 y\u0131l b\u00fcy\u00fck ses getiren kitab\u0131nda, Stephen Jay Gould ve Peter Medawar&#8217;la ayn\u0131 do\u011frultuda, &#8220;saf bilimin&#8221; toplumsal ve siyasi ihtiya\u00e7larla varsay\u0131mlar taraf\u0131ndan nas\u0131l \u015fekillendirilip y\u00f6nlendirildi\u011fini irdeliyor. &#8220;Bilim insanlar\u0131, ya\u015fama bilim insanlar\u0131 olarak de\u011fil, ailenin, devletin, \u00fcretken bir yap\u0131n\u0131n i\u00e7indeki toplumsal varl\u0131klar olarak ba\u015flar ve do\u011faya toplumsal deneyimlerinin \u015fekillendirdi\u011fi bir mercekten bakarlar&#8230; Bilim, kendinden \u00f6nceki Kilise gibi, her tarihsel devirde toplumun bask\u0131n de\u011ferleriyle g\u00f6r\u00fc\u015flerini yans\u0131tan ve per\u00e7inleyen bir toplumsal kurumdur.&#8221; <\/p>\n","protected":false},"excerpt":{"rendered":"<p>Her politik felsefe bir insan do\u011fas\u0131 teorisiyle ba\u015flamak zorundad\u0131r. \u0130deoloji Olarak Biyoloji, k\u00f6kleri on dokuzuncu y\u00fczy\u0131ldaki sosyal Darwinizme uzanan ve toplumun \u00f6zelliklerinin, \u00fcyelerinin bi reysel \u00f6zelliklerden<span class=\"excerpt-hellip\"> [\u2026]<\/span><\/p>\n","protected":false},"featured_media":0,"template":"","meta":{"_monsterinsights_skip_tracking":false,"_monsterinsights_sitenote_active":false,"_monsterinsights_sitenote_note":"","_monsterinsights_sitenote_category":0},"product_brand":[],"product_cat":[13005,38128],"product_tag":[],"class_list":{"0":"post-708138","1":"product","2":"type-product","3":"status-publish","5":"product_cat-bilim-muhendislik","6":"product_cat-tip-bilimleri","7":"pa_cilt-ciltsiz","8":"pa_tur-kitap","9":"pa_yayinevi-kolektif-kitap","10":"pa_yazar-r-c-lewontin","12":"first","13":"instock","14":"sale","15":"shipping-taxable","16":"purchasable","17":"product-type-simple"},"_links":{"self":[{"href":"https:\/\/roveyayinevi.com.tr\/index.php\/wp-json\/wp\/v2\/product\/708138","targetHints":{"allow":["GET"]}}],"collection":[{"href":"https:\/\/roveyayinevi.com.tr\/index.php\/wp-json\/wp\/v2\/product"}],"about":[{"href":"https:\/\/roveyayinevi.com.tr\/index.php\/wp-json\/wp\/v2\/types\/product"}],"wp:attachment":[{"href":"https:\/\/roveyayinevi.com.tr\/index.php\/wp-json\/wp\/v2\/media?parent=708138"}],"wp:term":[{"taxonomy":"product_brand","embeddable":true,"href":"https:\/\/roveyayinevi.com.tr\/index.php\/wp-json\/wp\/v2\/product_brand?post=708138"},{"taxonomy":"product_cat","embeddable":true,"href":"https:\/\/roveyayinevi.com.tr\/index.php\/wp-json\/wp\/v2\/product_cat?post=708138"},{"taxonomy":"product_tag","embeddable":true,"href":"https:\/\/roveyayinevi.com.tr\/index.php\/wp-json\/wp\/v2\/product_tag?post=708138"}],"curies":[{"name":"wp","href":"https:\/\/api.w.org\/{rel}","templated":true}]}}