{"id":708135,"date":"2025-08-27T16:12:01","date_gmt":"2025-08-27T13:12:01","guid":{"rendered":"https:\/\/roveyayinevi.com.tr\/index.php\/urun\/dogma\/"},"modified":"2026-04-16T02:16:47","modified_gmt":"2026-04-15T23:16:47","slug":"dogma","status":"publish","type":"product","link":"https:\/\/roveyayinevi.com.tr\/index.php\/urun\/dogma\/","title":{"rendered":"Dogma"},"content":{"rendered":"<p>K\u0131yametin eli kula\u011f\u0131nda. D\u00fc\u015f\u00fcnememekten muzdarip filozoflar W. ve Lars ders vermek \u00fczere &#8220;Amerika Birle\u015fik \u00c7\u00f6pl\u00fckleri&#8221;ne gider. Bu gezi s\u0131ras\u0131nda, hayatlar\u0131ndaki t\u0131kanmay\u0131 a\u015fmak, d\u00fc\u015f\u00fcncede bir yol bulmak i\u00e7in ortaya Dogma dedikleri bir \u00f6\u011freti atar ama anlams\u0131zl\u0131kta daha da kaybolurlar. Varl\u0131klar\u0131n\u0131 me\u015frula\u015ft\u0131racak tek bir d\u00fc\u015f\u00fcnce aray\u0131\u015flar\u0131 yine bir yere varmaz. Bu da yetmezmi\u015f gibi W.&#8217;nin korktu\u011fu \u015fey ba\u015f\u0131na gelir ve \u00e7al\u0131\u015ft\u0131\u011f\u0131 \u00fcniversiteden s\u00fcr\u00fcl\u00fcr. Lars ise evini istila eden s\u0131\u00e7anlar\u0131 besleyerek insanl\u0131\u011fa ihanet eder. Nietzsche&#8217;yi do\u011frularcas\u0131na, iki adam bo\u015flu\u011fa yeterince bak\u0131nca bo\u015fluk da onlara diker g\u00f6z\u00fcn\u00fc. Lars Iyer kapitalizm, din, Dogma, kozmik tavuk, d\u00fcnyan\u0131n ve felsefenin sonu gibi karman \u00e7orman meseleleri kendine has sade tarz\u0131yla didik didik ediyor. Mizah\u0131 elden b\u0131rakmayan bir felaket kitab\u0131 bu. &#8220;Samuel Beckett&#8217;in Vladimir ve Estragon&#8217;undan bu yana kar\u015f\u0131la\u015ft\u0131\u011f\u0131m\u0131z en al\u0131\u015f\u0131lmad\u0131k ve abs\u00fcrd ikili W. ile Lars yeniden sahnede&#8230; Godot&#8217;yu Beklerken gibi Dogma da varolu\u015fun ve anlam\u0131n do\u011fas\u0131 \u00fczerine kafa patlat\u0131yor. Lars Iyer modern hayat\u0131n kaosunu ve bo\u015flu\u011funu komik bir \u00fcslupla anlat\u0131yor. \u00c7aresizlik hi\u00e7 bu kadar e\u011flenceli olmam\u0131\u015ft\u0131 herhalde.&#8221; -Library Journal <\/p>\n","protected":false},"excerpt":{"rendered":"<p>K\u0131yametin eli kula\u011f\u0131nda. D\u00fc\u015f\u00fcnememekten muzdarip filozoflar W. ve Lars ders vermek \u00fczere &#8220;Amerika Birle\u015fik \u00c7\u00f6pl\u00fckleri&#8221;ne gider. Bu gezi s\u0131ras\u0131nda, hayatlar\u0131ndaki t\u0131kanmay\u0131 a\u015fmak, d\u00fc\u015f\u00fcncede bir yol bulmak<span class=\"excerpt-hellip\"> [\u2026]<\/span><\/p>\n","protected":false},"featured_media":0,"template":"","meta":{"_monsterinsights_skip_tracking":false,"_monsterinsights_sitenote_active":false,"_monsterinsights_sitenote_note":"","_monsterinsights_sitenote_category":0},"product_brand":[],"product_cat":[12291],"product_tag":[],"class_list":{"0":"post-708135","1":"product","2":"type-product","3":"status-publish","5":"product_cat-edebiyat","6":"pa_cilt-ciltsiz","7":"pa_tur-kitap","8":"pa_yayinevi-kolektif-kitap","9":"pa_yazar-lars-iyer","11":"first","12":"instock","13":"sale","14":"shipping-taxable","15":"purchasable","16":"product-type-simple"},"_links":{"self":[{"href":"https:\/\/roveyayinevi.com.tr\/index.php\/wp-json\/wp\/v2\/product\/708135","targetHints":{"allow":["GET"]}}],"collection":[{"href":"https:\/\/roveyayinevi.com.tr\/index.php\/wp-json\/wp\/v2\/product"}],"about":[{"href":"https:\/\/roveyayinevi.com.tr\/index.php\/wp-json\/wp\/v2\/types\/product"}],"wp:attachment":[{"href":"https:\/\/roveyayinevi.com.tr\/index.php\/wp-json\/wp\/v2\/media?parent=708135"}],"wp:term":[{"taxonomy":"product_brand","embeddable":true,"href":"https:\/\/roveyayinevi.com.tr\/index.php\/wp-json\/wp\/v2\/product_brand?post=708135"},{"taxonomy":"product_cat","embeddable":true,"href":"https:\/\/roveyayinevi.com.tr\/index.php\/wp-json\/wp\/v2\/product_cat?post=708135"},{"taxonomy":"product_tag","embeddable":true,"href":"https:\/\/roveyayinevi.com.tr\/index.php\/wp-json\/wp\/v2\/product_tag?post=708135"}],"curies":[{"name":"wp","href":"https:\/\/api.w.org\/{rel}","templated":true}]}}