{"id":708134,"date":"2025-08-27T16:12:01","date_gmt":"2025-08-27T13:12:01","guid":{"rendered":"https:\/\/roveyayinevi.com.tr\/index.php\/urun\/maximilian-ponderin-muteber-beyni\/"},"modified":"2026-04-16T02:16:47","modified_gmt":"2026-04-15T23:16:47","slug":"maximilian-ponderin-muteber-beyni","status":"publish","type":"product","link":"https:\/\/roveyayinevi.com.tr\/index.php\/urun\/maximilian-ponderin-muteber-beyni\/","title":{"rendered":"Maximilian Ponder\u2019\u0131n Muteber Beyni"},"content":{"rendered":"<p>\u201cBir bak\u0131ma, eminim Max de b\u00f6yle derdi, ortada bir ba\u015flang\u0131\u00e7 yok. Sadece B\u00fcy\u00fck Patlama, do\u011fa yasalar\u0131n\u0131n m\u00fcthi\u015f rastlant\u0131lar\u0131yla ortaya \u00e7\u0131kan, durmaks\u0131z\u0131n geni\u015fleyen bir evren, evrenin i\u00e7indeso\u011fuyan gezegenler ve atmosferler ve ilkel \u00e7orba ve nihayetinde do\u011fal seleksiyonun ak\u0131l almaz \u015fartlar\u0131 sonucu varl\u0131\u011fa gelen sen, ben ve a\u00e7\u0131l\u0131p kapanan ceviz masada \u00f6l\u00fc \u00f6l\u00fc yatan Max Ponder var belki de. \u0130\u015fte hikaye bu, derdi Max sanki detaylar onu hi\u00e7 rahats\u0131z etmezmi\u015f gibi. Ediyordu halbuki. Kafay\u0131 detaylarla bozmu\u015ftu.\u201dMaximilian Ponder, her an\u0131s\u0131n\u0131 kaydetmek amac\u0131yla otuz y\u0131l boyunca hayattan elini aya\u011f\u0131n\u0131 \u00e7eker. Ama \u015fimdi, insan zihninin haritas\u0131n\u0131 \u00e7\u0131karmaya yard\u0131m edecek defterler ve g\u00fcnl\u00fcklerden olu\u015fan ba\u015fyap\u0131t\u0131 Katalog\u2019un ortas\u0131nda \u00f6l\u00fc halde yatmaktad\u0131r. Ancak arkada\u015f\u0131 Adam Last\u2019\u0131n polisi aray\u0131p Max\u2019in \u00f6ld\u00fc\u011f\u00fcn\u00fc haber vermeden \u00f6nce, projenin tamamlanabilmesi ad\u0131na yerine getirmesi gereken korkun\u00e7 bir g\u00f6revi vard\u0131r.Maximilian Ponder\u2019\u0131n Muteber Beyni, insan zihnini ve an\u0131lar\u0131 anlamak i\u00e7in \u00f6m\u00fcr boyu s\u00fcren bir aray\u0131\u015fa ve hayata dair etkileyici bir roman&#8230; <\/p>\n","protected":false},"excerpt":{"rendered":"<p>\u201cBir bak\u0131ma, eminim Max de b\u00f6yle derdi, ortada bir ba\u015flang\u0131\u00e7 yok. Sadece B\u00fcy\u00fck Patlama, do\u011fa yasalar\u0131n\u0131n m\u00fcthi\u015f rastlant\u0131lar\u0131yla ortaya \u00e7\u0131kan, durmaks\u0131z\u0131n geni\u015fleyen bir evren, evrenin i\u00e7indeso\u011fuyan<span class=\"excerpt-hellip\"> [\u2026]<\/span><\/p>\n","protected":false},"featured_media":0,"template":"","meta":{"_monsterinsights_skip_tracking":false,"_monsterinsights_sitenote_active":false,"_monsterinsights_sitenote_note":"","_monsterinsights_sitenote_category":0},"product_brand":[],"product_cat":[12291,12711],"product_tag":[],"class_list":{"0":"post-708134","1":"product","2":"type-product","3":"status-publish","5":"product_cat-edebiyat","6":"product_cat-roman-oyku","7":"pa_cilt-ciltsiz","8":"pa_tur-kitap","9":"pa_yayinevi-kolektif-kitap","10":"pa_yazar-j-w-ironmonger","12":"first","13":"instock","14":"sale","15":"shipping-taxable","16":"purchasable","17":"product-type-simple"},"_links":{"self":[{"href":"https:\/\/roveyayinevi.com.tr\/index.php\/wp-json\/wp\/v2\/product\/708134","targetHints":{"allow":["GET"]}}],"collection":[{"href":"https:\/\/roveyayinevi.com.tr\/index.php\/wp-json\/wp\/v2\/product"}],"about":[{"href":"https:\/\/roveyayinevi.com.tr\/index.php\/wp-json\/wp\/v2\/types\/product"}],"wp:attachment":[{"href":"https:\/\/roveyayinevi.com.tr\/index.php\/wp-json\/wp\/v2\/media?parent=708134"}],"wp:term":[{"taxonomy":"product_brand","embeddable":true,"href":"https:\/\/roveyayinevi.com.tr\/index.php\/wp-json\/wp\/v2\/product_brand?post=708134"},{"taxonomy":"product_cat","embeddable":true,"href":"https:\/\/roveyayinevi.com.tr\/index.php\/wp-json\/wp\/v2\/product_cat?post=708134"},{"taxonomy":"product_tag","embeddable":true,"href":"https:\/\/roveyayinevi.com.tr\/index.php\/wp-json\/wp\/v2\/product_tag?post=708134"}],"curies":[{"name":"wp","href":"https:\/\/api.w.org\/{rel}","templated":true}]}}