{"id":708131,"date":"2025-08-27T16:11:59","date_gmt":"2025-08-27T13:11:59","guid":{"rendered":"https:\/\/roveyayinevi.com.tr\/index.php\/urun\/palto-2\/"},"modified":"2026-04-16T02:16:47","modified_gmt":"2026-04-15T23:16:47","slug":"palto-2","status":"publish","type":"product","link":"https:\/\/roveyayinevi.com.tr\/index.php\/urun\/palto-2\/","title":{"rendered":"Palto"},"content":{"rendered":"<p>&#8220;\u00d6n\u00fcne ne pahas\u0131na olursa olsun ula\u015faca\u011f\u0131 bir hedef koyan insanlar gibi kendini \u015fimdiden daha hayat dolu hissediyor, karakteri g\u00fc\u00e7leniyordu. Y\u00fcr\u00fcy\u00fc\u015f\u00fcnde ve hareketlerinde karars\u0131z ve ikircikli ne varsa gitmi\u015f, g\u00f6zlerinde yeni bir ate\u015f parlamaya ba\u015flam\u0131\u015ft\u0131. Hatta en c\u00fcretkar hayallerinde bazen paltosuna sansar k\u00fcrk\u00fc bir yaka diktirmeyi bile kurar olmu\u015ftu.&#8221; &#8220;K\u00fc\u00e7\u00fck adam&#8221;\u0131n \u00e7ekti\u011fi s\u0131k\u0131nt\u0131lar, maruz kald\u0131\u011f\u0131 e\u015fitsizlik ve ac\u0131lar bu uzun \u00f6yk\u00fcn\u00fcn ba\u015fkahraman\u0131 Akakiy Akakiyevi\u00e7\u2019in hayat\u0131 \u00fczerinden yal\u0131n bir ger\u00e7ek\u00e7ilikle anlat\u0131l\u0131yor. B\u00f6ylesi bir anlat\u0131m, her ne kadar d\u00f6nemin \u00c7arl\u0131k Rusya\u2019s\u0131nda b\u00fcy\u00fck tepki alsa ve Gogol, Rus insan\u0131n\u0131 a\u015fa\u011f\u0131lamakla su\u00e7lansa da, Rus edebiyat\u0131nda b\u00fcy\u00fck bir \u00e7\u0131\u011f\u0131r a\u00e7\u0131yor. Elinizde tuttu\u011funuz bu muhte\u015fem eseri daha \u00f6nce yay\u0131nlanm\u0131\u015f \u00f6rneklerinden farkl\u0131 k\u0131lansa, otuzdan fazla kitapta imzas\u0131 olan \u00f6d\u00fcll\u00fc \u00e7izer Noem\u00ed Villamuza\u2019n\u0131n b\u00fcy\u00fcleyici \u00e7izimleri. &#8220;Hepimiz Gogol\u2019un Palto\u2019sundan \u00e7\u0131kt\u0131k.&#8221; -Dostoyevski- &#8220;Gogol\u2019un Palto\u2019da sergiledi\u011fi sanat, paralel do\u011frular\u0131n kesi\u015fmekle kalmay\u0131p, solucan misali k\u0131vr\u0131labileceklerine, karmakar\u0131\u015f\u0131k hale gelebileceklerine i\u015faret eder.&#8221; -Vladimir Nabokov, Nikolay Gogol-<\/p>\n","protected":false},"excerpt":{"rendered":"<p>&#8220;\u00d6n\u00fcne ne pahas\u0131na olursa olsun ula\u015faca\u011f\u0131 bir hedef koyan insanlar gibi kendini \u015fimdiden daha hayat dolu hissediyor, karakteri g\u00fc\u00e7leniyordu. Y\u00fcr\u00fcy\u00fc\u015f\u00fcnde ve hareketlerinde karars\u0131z ve ikircikli ne<span class=\"excerpt-hellip\"> [\u2026]<\/span><\/p>\n","protected":false},"featured_media":0,"template":"","meta":{"_monsterinsights_skip_tracking":false,"_monsterinsights_sitenote_active":false,"_monsterinsights_sitenote_note":"","_monsterinsights_sitenote_category":0},"product_brand":[],"product_cat":[12291,13570],"product_tag":[],"class_list":{"0":"post-708131","1":"product","2":"type-product","3":"status-publish","5":"product_cat-edebiyat","6":"product_cat-rus-edebiyati","7":"pa_cilt-ciltsiz","8":"pa_tur-kitap","9":"pa_yayinevi-kolektif-kitap","10":"pa_yazar-nikolay-gogol","12":"first","13":"instock","14":"sale","15":"shipping-taxable","16":"purchasable","17":"product-type-simple"},"_links":{"self":[{"href":"https:\/\/roveyayinevi.com.tr\/index.php\/wp-json\/wp\/v2\/product\/708131","targetHints":{"allow":["GET"]}}],"collection":[{"href":"https:\/\/roveyayinevi.com.tr\/index.php\/wp-json\/wp\/v2\/product"}],"about":[{"href":"https:\/\/roveyayinevi.com.tr\/index.php\/wp-json\/wp\/v2\/types\/product"}],"wp:attachment":[{"href":"https:\/\/roveyayinevi.com.tr\/index.php\/wp-json\/wp\/v2\/media?parent=708131"}],"wp:term":[{"taxonomy":"product_brand","embeddable":true,"href":"https:\/\/roveyayinevi.com.tr\/index.php\/wp-json\/wp\/v2\/product_brand?post=708131"},{"taxonomy":"product_cat","embeddable":true,"href":"https:\/\/roveyayinevi.com.tr\/index.php\/wp-json\/wp\/v2\/product_cat?post=708131"},{"taxonomy":"product_tag","embeddable":true,"href":"https:\/\/roveyayinevi.com.tr\/index.php\/wp-json\/wp\/v2\/product_tag?post=708131"}],"curies":[{"name":"wp","href":"https:\/\/api.w.org\/{rel}","templated":true}]}}