{"id":708129,"date":"2025-08-27T16:11:58","date_gmt":"2025-08-27T13:11:58","guid":{"rendered":"https:\/\/roveyayinevi.com.tr\/index.php\/urun\/anlatinin-gucu\/"},"modified":"2026-04-16T02:16:47","modified_gmt":"2026-04-15T23:16:47","slug":"anlatinin-gucu","status":"publish","type":"product","link":"https:\/\/roveyayinevi.com.tr\/index.php\/urun\/anlatinin-gucu\/","title":{"rendered":"Anlat\u0131n\u0131n G\u00fcc\u00fc"},"content":{"rendered":"<p>&#8220;\u0130leti\u015fim kurma y\u00f6ntemlerimiz aras\u0131nda hikaye en rahat, en i\u015flevsel ve belki de en tehlikeli olan\u0131d\u0131r. K\u00fclt\u00fcrleri ve nesilleri a\u015fan, y\u00fczy\u0131llard\u0131r insanl\u0131\u011fa e\u015flik eden hikayeler hepimize temas eder. Olaylar\u0131 masal h\u00e2linde bir araya getirmek yediden yetmi\u015fe hepimizin ho\u015funa giden tek ileti\u015fim ve e\u011flence y\u00f6ntemidir.&#8221; Bin y\u0131ld\u0131r insan hayat\u0131n\u0131n merkezinde bulunan anlat\u0131ya, g\u00fcn\u00fcm\u00fczdeki olanaklar sayesinde, ge\u00e7mi\u015fe k\u0131yasla \u00e7ok daha fazla zaman ay\u0131rabilme \u015fans\u0131na sahibiz. Peki, bu bizim i\u00e7in yararl\u0131 m\u0131, yoksa zararl\u0131 m\u0131d\u0131r? Bu bizim daha derinlikli insanlara d\u00f6n\u00fc\u015fmemizi mi sa\u011flar, yoksa duygusal ve zihinsel a\u00e7\u0131dan bizi s\u0131n\u0131rland\u0131ran ama\u00e7s\u0131z fantezilerle akl\u0131m\u0131z\u0131 m\u0131 i\u015fgal eder? Anlat\u0131 etkili bir e\u011fitim arac\u0131 m\u0131d\u0131r, yoksa dezenformasyon tehlikesi ta\u015f\u0131yan bir silah m\u0131? Hikayeler bireysel oyun bah\u00e7eleri midir, yoksa evrensel alg\u0131 kap\u0131lar\u0131 m\u0131? Robert Fulford, anlat\u0131n\u0131n esrarengiz topraklar\u0131nda bu sorular\u0131n cevab\u0131n\u0131 ar\u0131yor. Anlat\u0131n\u0131n G\u00fcc\u00fc anlat\u0131n\u0131n tarih\u00e7esini, dedikodu bi\u00e7iminde geli\u015fen anlat\u0131dan ba\u015flayarak medeniyet tarihinin yaz\u0131m\u0131ndan gazetecilikteki kullan\u0131m\u0131na, edebiyattaki yolculu\u011fundan elektronik anlat\u0131n\u0131n y\u00fckseli\u015fine kadar kapsaml\u0131 bir \u00e7er\u00e7evede ele alarak g\u00f6zler \u00f6n\u00fcne seriyor. Fulford, yar\u0131m y\u00fczy\u0131ll\u0131k gazetecilik ve ele\u015ftirmenlik deneyimini s\u00fczge\u00e7ten ge\u00e7irerek, hikayeleri \u015fekillendiren hayatlar ve hayatlar\u0131 \u015fekillendiren hikayeler i\u00e7inde okurlar\u0131n\u0131 bir ke\u015ffe \u00e7\u0131kar\u0131yor. <\/p>\n","protected":false},"excerpt":{"rendered":"<p>&#8220;\u0130leti\u015fim kurma y\u00f6ntemlerimiz aras\u0131nda hikaye en rahat, en i\u015flevsel ve belki de en tehlikeli olan\u0131d\u0131r. K\u00fclt\u00fcrleri ve nesilleri a\u015fan, y\u00fczy\u0131llard\u0131r insanl\u0131\u011fa e\u015flik eden hikayeler hepimize temas<span class=\"excerpt-hellip\"> [\u2026]<\/span><\/p>\n","protected":false},"featured_media":0,"template":"","meta":{"_monsterinsights_skip_tracking":false,"_monsterinsights_sitenote_active":false,"_monsterinsights_sitenote_note":"","_monsterinsights_sitenote_category":0},"product_brand":[],"product_cat":[13072,12291],"product_tag":[],"class_list":{"0":"post-708129","1":"product","2":"type-product","3":"status-publish","5":"product_cat-arastirma-inceleme-referans","6":"product_cat-edebiyat","7":"pa_cilt-ciltsiz","8":"pa_tur-kitap","9":"pa_yayinevi-kolektif-kitap","10":"pa_yazar-robert-fulford","12":"first","13":"instock","14":"sale","15":"shipping-taxable","16":"purchasable","17":"product-type-simple"},"_links":{"self":[{"href":"https:\/\/roveyayinevi.com.tr\/index.php\/wp-json\/wp\/v2\/product\/708129","targetHints":{"allow":["GET"]}}],"collection":[{"href":"https:\/\/roveyayinevi.com.tr\/index.php\/wp-json\/wp\/v2\/product"}],"about":[{"href":"https:\/\/roveyayinevi.com.tr\/index.php\/wp-json\/wp\/v2\/types\/product"}],"wp:attachment":[{"href":"https:\/\/roveyayinevi.com.tr\/index.php\/wp-json\/wp\/v2\/media?parent=708129"}],"wp:term":[{"taxonomy":"product_brand","embeddable":true,"href":"https:\/\/roveyayinevi.com.tr\/index.php\/wp-json\/wp\/v2\/product_brand?post=708129"},{"taxonomy":"product_cat","embeddable":true,"href":"https:\/\/roveyayinevi.com.tr\/index.php\/wp-json\/wp\/v2\/product_cat?post=708129"},{"taxonomy":"product_tag","embeddable":true,"href":"https:\/\/roveyayinevi.com.tr\/index.php\/wp-json\/wp\/v2\/product_tag?post=708129"}],"curies":[{"name":"wp","href":"https:\/\/api.w.org\/{rel}","templated":true}]}}