{"id":708128,"date":"2025-08-27T16:11:58","date_gmt":"2025-08-27T13:11:58","guid":{"rendered":"https:\/\/roveyayinevi.com.tr\/index.php\/urun\/hayvan-olmak\/"},"modified":"2026-04-16T02:16:47","modified_gmt":"2026-04-15T23:16:47","slug":"hayvan-olmak","status":"publish","type":"product","link":"https:\/\/roveyayinevi.com.tr\/index.php\/urun\/hayvan-olmak\/","title":{"rendered":"Hayvan Olmak"},"content":{"rendered":"<p>Bu de\u011ferli gezegeni herkes ve her \u015fey gibi payla\u015fan insanlara, canl\u0131 olmaya dair samimi ve radikal bir bak\u0131\u015f a\u00e7\u0131s\u0131 sunan Hayvan Olmak, hayvan olmay\u0131 deneyimleyebilmek ger\u00e7ekten m\u00fcmk\u00fcn m\u00fcd\u00fcr, sorusunu hep yak\u0131n\u0131nda tutarak di\u011fer canl\u0131 t\u00fcrleriyle aram\u0131zda zaman i\u00e7inde olu\u015fmu\u015f s\u0131n\u0131rlar\u0131 belirsizle\u015ftirmeye d\u00f6n\u00fck bir \u00e7aban\u0131n \u00fcr\u00fcn\u00fcd\u00fcr. Bir imkans\u0131z\u0131n pe\u015finden giderek hayvan olman\u0131n do\u011fas\u0131n\u0131 ke\u015ffe \u00e7\u0131kan tutkulu do\u011fabilimci Charles Foster, porsuk, susamuru, alageyik, tilki ve ebabil &#8220;olmay\u0131&#8221; tecr\u00fcbe etmeye kalk\u0131\u015farak, yitirdi\u011fimiz vah\u015fili\u011fimizin, inkar etti\u011fimiz vah\u015fili\u011fimizin ve vah\u015file\u015febilmemizin n\u00fckteli hikayesiyle zamanda unuttu\u011fumuz tabiat\u0131m\u0131z\u0131 yeniden hat\u0131rlamam\u0131z\u0131 sa\u011fl\u0131yor. &#8220;Do\u011fa yaz\u0131n\u0131 genellikle etraf\u0131 s\u00f6m\u00fcrgeci ad\u0131mlarla ar\u015f\u0131nlayan ve iki metrelik mesafeden yery\u00fcz\u00fcnde g\u00f6rd\u00fcklerini anlatan insan hikayelerinden ya da hayvanlar\u0131n giyindi\u011fini savunan insanlardan ibarettir. Bu kitap d\u00fcnyay\u0131, \u00e7\u0131plak Welsh porsuklar\u0131, Londra tilkileri, Exmoor susamurlar\u0131, Oxford ebabilleri, \u0130sko\u00e7 ve West Country alageyikleriyle ayn\u0131 d\u00fczlemde g\u00f6rerek anlatmak \u00fczerine bir \u00e7abad\u0131r. Ayn\u0131 zamanda koklama ve i\u015fitmenin g\u00f6rme duyusundan daha i\u015flevsel oldu\u011fu bir ya\u015fam alan\u0131nda hareket etmenin nas\u0131l bir his oldu\u011funu \u00f6\u011frenmenin de hikayesi&#8230; Bir nevi edebi \u015eamanizm, ve itiraf etmeliyim ki, \u00e7ok ama \u00e7ok e\u011flenceliydi.&#8221; <\/p>\n","protected":false},"excerpt":{"rendered":"<p>Bu de\u011ferli gezegeni herkes ve her \u015fey gibi payla\u015fan insanlara, canl\u0131 olmaya dair samimi ve radikal bir bak\u0131\u015f a\u00e7\u0131s\u0131 sunan Hayvan Olmak, hayvan olmay\u0131 deneyimleyebilmek ger\u00e7ekten<span class=\"excerpt-hellip\"> [\u2026]<\/span><\/p>\n","protected":false},"featured_media":0,"template":"","meta":{"_monsterinsights_skip_tracking":false,"_monsterinsights_sitenote_active":false,"_monsterinsights_sitenote_note":"","_monsterinsights_sitenote_category":0},"product_brand":[],"product_cat":[13005,13006],"product_tag":[],"class_list":{"0":"post-708128","1":"product","2":"type-product","3":"status-publish","5":"product_cat-bilim-muhendislik","6":"product_cat-populer-bilim","7":"pa_cilt-ciltsiz","8":"pa_tur-kitap","9":"pa_yayinevi-kolektif-kitap","10":"pa_yazar-charles-foster","12":"first","13":"instock","14":"sale","15":"shipping-taxable","16":"purchasable","17":"product-type-simple"},"_links":{"self":[{"href":"https:\/\/roveyayinevi.com.tr\/index.php\/wp-json\/wp\/v2\/product\/708128","targetHints":{"allow":["GET"]}}],"collection":[{"href":"https:\/\/roveyayinevi.com.tr\/index.php\/wp-json\/wp\/v2\/product"}],"about":[{"href":"https:\/\/roveyayinevi.com.tr\/index.php\/wp-json\/wp\/v2\/types\/product"}],"wp:attachment":[{"href":"https:\/\/roveyayinevi.com.tr\/index.php\/wp-json\/wp\/v2\/media?parent=708128"}],"wp:term":[{"taxonomy":"product_brand","embeddable":true,"href":"https:\/\/roveyayinevi.com.tr\/index.php\/wp-json\/wp\/v2\/product_brand?post=708128"},{"taxonomy":"product_cat","embeddable":true,"href":"https:\/\/roveyayinevi.com.tr\/index.php\/wp-json\/wp\/v2\/product_cat?post=708128"},{"taxonomy":"product_tag","embeddable":true,"href":"https:\/\/roveyayinevi.com.tr\/index.php\/wp-json\/wp\/v2\/product_tag?post=708128"}],"curies":[{"name":"wp","href":"https:\/\/api.w.org\/{rel}","templated":true}]}}