{"id":708127,"date":"2025-08-27T16:11:57","date_gmt":"2025-08-27T13:11:57","guid":{"rendered":"https:\/\/roveyayinevi.com.tr\/index.php\/urun\/tanrinin-yukseklik-korkusu\/"},"modified":"2026-04-16T02:16:47","modified_gmt":"2026-04-15T23:16:47","slug":"tanrinin-yukseklik-korkusu","status":"publish","type":"product","link":"https:\/\/roveyayinevi.com.tr\/index.php\/urun\/tanrinin-yukseklik-korkusu\/","title":{"rendered":"Tanr\u0131n\u0131n Y\u00fckseklik Korkusu"},"content":{"rendered":"<p>\u015eiir yazmak bisiklete binmeye benzemiyorDizlerim hep parampar\u00e7aTanr\u0131n\u0131n Y\u00fckseklik Korkusu, Emirhan Esenkova\u2019n\u0131n 1999-2016 y\u0131llar\u0131 aras\u0131nda yazd\u0131\u011f\u0131 \u015fiirlerin d\u00f6ng\u00fcsel bir derlemesidir. Methal, Islak R\u00fcyalar, B \u015eiirler, A\u015fkl\u0131k S\u0131n\u0131r\u0131, Ziyan, Hitam b\u00f6l\u00fcmlerinden olu\u015fan bu derleme, \u00fcst\u00fc kapal\u0131 bir hikaye misali dil ve i\u00e7erik a\u00e7\u0131s\u0131ndan organik ba\u011flarla birbirine dokunur. Naif ve d\u00fc\u015f\u00fcnceli \u015fiirin bulu\u015fma noktas\u0131nda var olarak bir anda ilhamla ak\u0131p geleni ve yetene\u011fe s\u0131rt dayamadan m\u00fckemmel olan\u0131 arar <\/p>\n","protected":false},"excerpt":{"rendered":"<p>\u015eiir yazmak bisiklete binmeye benzemiyorDizlerim hep parampar\u00e7aTanr\u0131n\u0131n Y\u00fckseklik Korkusu, Emirhan Esenkova\u2019n\u0131n 1999-2016 y\u0131llar\u0131 aras\u0131nda yazd\u0131\u011f\u0131 \u015fiirlerin d\u00f6ng\u00fcsel bir derlemesidir. Methal, Islak R\u00fcyalar, B \u015eiirler, A\u015fkl\u0131k S\u0131n\u0131r\u0131,<span class=\"excerpt-hellip\"> [\u2026]<\/span><\/p>\n","protected":false},"featured_media":0,"template":"","meta":{"_monsterinsights_skip_tracking":false,"_monsterinsights_sitenote_active":false,"_monsterinsights_sitenote_note":"","_monsterinsights_sitenote_category":0},"product_brand":[],"product_cat":[12291,12509],"product_tag":[],"class_list":{"0":"post-708127","1":"product","2":"type-product","3":"status-publish","5":"product_cat-edebiyat","6":"product_cat-siir","7":"pa_cilt-ciltsiz","8":"pa_tur-kitap","9":"pa_yayinevi-kolektif-kitap","10":"pa_yazar-emirhan-esenkova","12":"first","13":"instock","14":"sale","15":"shipping-taxable","16":"purchasable","17":"product-type-simple"},"_links":{"self":[{"href":"https:\/\/roveyayinevi.com.tr\/index.php\/wp-json\/wp\/v2\/product\/708127","targetHints":{"allow":["GET"]}}],"collection":[{"href":"https:\/\/roveyayinevi.com.tr\/index.php\/wp-json\/wp\/v2\/product"}],"about":[{"href":"https:\/\/roveyayinevi.com.tr\/index.php\/wp-json\/wp\/v2\/types\/product"}],"wp:attachment":[{"href":"https:\/\/roveyayinevi.com.tr\/index.php\/wp-json\/wp\/v2\/media?parent=708127"}],"wp:term":[{"taxonomy":"product_brand","embeddable":true,"href":"https:\/\/roveyayinevi.com.tr\/index.php\/wp-json\/wp\/v2\/product_brand?post=708127"},{"taxonomy":"product_cat","embeddable":true,"href":"https:\/\/roveyayinevi.com.tr\/index.php\/wp-json\/wp\/v2\/product_cat?post=708127"},{"taxonomy":"product_tag","embeddable":true,"href":"https:\/\/roveyayinevi.com.tr\/index.php\/wp-json\/wp\/v2\/product_tag?post=708127"}],"curies":[{"name":"wp","href":"https:\/\/api.w.org\/{rel}","templated":true}]}}