{"id":708126,"date":"2025-08-27T16:11:57","date_gmt":"2025-08-27T13:11:57","guid":{"rendered":"https:\/\/roveyayinevi.com.tr\/index.php\/urun\/yol-bilenler\/"},"modified":"2026-04-16T02:16:47","modified_gmt":"2026-04-15T23:16:47","slug":"yol-bilenler","status":"publish","type":"product","link":"https:\/\/roveyayinevi.com.tr\/index.php\/urun\/yol-bilenler\/","title":{"rendered":"Yol Bilenler"},"content":{"rendered":"<p>Her k\u00fclt\u00fcr \u201c\u0130nsan olman\u0131n ve ya\u015faman\u0131n anlam\u0131 nedir?\u201d sorusuna verilen emsalsiz bir yan\u0131tt\u0131r. Antropolog Wade Davis d\u00fcnyadaki yerel k\u00fclt\u00fcrlerin bilgeli\u011fini methetti\u011fi nefes kesici bir yolculu\u011fa \u00e7\u0131kar\u0131yor bizi.\u0130lkin Polinezya\u2019da, atalar\u0131 \u0130sa\u2019dan bin y\u0131l \u00f6nce Pasifik\u2019te ya\u015fayan seyr\u00fcsefercilerle denizlere yelken a\u00e7\u0131yoruz. Derken Amazon\u2019da kay\u0131p bir medeniyetin torunlar\u0131yla, Anakonda halklar\u0131yla tan\u0131\u015f\u0131yoruz. Ard\u0131ndan Andlar\u2019da yery\u00fcz\u00fcn\u00fcn ger\u00e7ekten canl\u0131 oldu\u011funu ke\u015ffederken, Avustralya\u2019da Afrika\u2019dan yola \u00e7\u0131kan ilk insanlar\u0131n her \u015feyi kapsayan felsefesini, R\u00fcya Zaman\u0131\u2019n\u0131 deneyimliyoruz. Sonra Nepal\u2019e gidip k\u0131rk be\u015f y\u0131l\u0131n\u0131 tefekk\u00fcre ve yaln\u0131zl\u0131\u011fa adam\u0131\u015f en b\u00fcy\u00fck kahramanla, ger\u00e7ek bir Bodhisattva\u2019yla kar\u015f\u0131la\u015f\u0131yoruz. En nihayetinde de solu\u011fu hayatta kalma sava\u015f\u0131 veren son ya\u011fmur orman\u0131 g\u00f6\u00e7ebelerinin mekan\u0131 Borneo\u2019da al\u0131yoruz.Bu yolculuktan \u00e7\u0131kar\u0131lacak dersleri anlamak gelecek y\u00fczy\u0131lda g\u00f6revimiz olacak. Zira insanl\u0131\u011f\u0131n miras\u0131 \u2013engin bir bilgi ve deneyim ar\u015fivi, koca bir hayal g\u00fcc\u00fc katalo\u011fu\u2013 b\u00fcy\u00fck tehlike alt\u0131nda. K\u00fclt\u00fcr\u00fcn ifade etti\u011fi \u015fekliyle insan ruhunun \u00e7e\u015fitlili\u011fini yeniden takdir etmek, zaman\u0131m\u0131z\u0131n en zorlu ve temel vazifelerinden biri.\u201cDe\u011fi\u015fim de teknoloji de k\u00fclt\u00fcrel b\u00fct\u00fcnl\u00fc\u011f\u00fc tehdit eden \u015feyler de\u011fildir. Esas tehdit iktidard\u0131r, vah\u015fi tahakk\u00fcmd\u00fcr. Bat\u0131\u2019daki yayg\u0131n d\u00fc\u015f\u00fcnceye g\u00f6re, s\u00f6z konusu yerli halklar, yani Bat\u0131\u2019yla pek de ilgisi olmayan \u2018\u00f6tekiler\u2019, her ne kadar ola\u011fand\u0131\u015f\u0131 ve renkli olursa olsun, adeta do\u011fa yasalar\u0131 gere\u011fi, modernle\u015fmek ve Bat\u0131l\u0131lar gibi olmak konusunda sanki ba\u015far\u0131l\u0131 olamam\u0131\u015flar gibi, \u00f6yle ya da b\u00f6yle yok olup gitmeye mahkumdur. D\u00fcped\u00fcz yanl\u0131\u015f bir d\u00fc\u015f\u00fcncedir bu.\u201d <\/p>\n","protected":false},"excerpt":{"rendered":"<p>Her k\u00fclt\u00fcr \u201c\u0130nsan olman\u0131n ve ya\u015faman\u0131n anlam\u0131 nedir?\u201d sorusuna verilen emsalsiz bir yan\u0131tt\u0131r. Antropolog Wade Davis d\u00fcnyadaki yerel k\u00fclt\u00fcrlerin bilgeli\u011fini methetti\u011fi nefes kesici bir yolculu\u011fa \u00e7\u0131kar\u0131yor<span class=\"excerpt-hellip\"> [\u2026]<\/span><\/p>\n","protected":false},"featured_media":0,"template":"","meta":{"_monsterinsights_skip_tracking":false,"_monsterinsights_sitenote_active":false,"_monsterinsights_sitenote_note":"","_monsterinsights_sitenote_category":0},"product_brand":[],"product_cat":[12777,12291],"product_tag":[],"class_list":{"0":"post-708126","1":"product","2":"type-product","3":"status-publish","5":"product_cat-deneme","6":"product_cat-edebiyat","7":"pa_cilt-ciltsiz","8":"pa_tur-kitap","9":"pa_yayinevi-kolektif-kitap","10":"pa_yazar-wade-davis","12":"first","13":"instock","14":"sale","15":"shipping-taxable","16":"purchasable","17":"product-type-simple"},"_links":{"self":[{"href":"https:\/\/roveyayinevi.com.tr\/index.php\/wp-json\/wp\/v2\/product\/708126","targetHints":{"allow":["GET"]}}],"collection":[{"href":"https:\/\/roveyayinevi.com.tr\/index.php\/wp-json\/wp\/v2\/product"}],"about":[{"href":"https:\/\/roveyayinevi.com.tr\/index.php\/wp-json\/wp\/v2\/types\/product"}],"wp:attachment":[{"href":"https:\/\/roveyayinevi.com.tr\/index.php\/wp-json\/wp\/v2\/media?parent=708126"}],"wp:term":[{"taxonomy":"product_brand","embeddable":true,"href":"https:\/\/roveyayinevi.com.tr\/index.php\/wp-json\/wp\/v2\/product_brand?post=708126"},{"taxonomy":"product_cat","embeddable":true,"href":"https:\/\/roveyayinevi.com.tr\/index.php\/wp-json\/wp\/v2\/product_cat?post=708126"},{"taxonomy":"product_tag","embeddable":true,"href":"https:\/\/roveyayinevi.com.tr\/index.php\/wp-json\/wp\/v2\/product_tag?post=708126"}],"curies":[{"name":"wp","href":"https:\/\/api.w.org\/{rel}","templated":true}]}}