{"id":708125,"date":"2025-08-27T16:11:56","date_gmt":"2025-08-27T13:11:56","guid":{"rendered":"https:\/\/roveyayinevi.com.tr\/index.php\/urun\/gunluk-ritueller\/"},"modified":"2026-04-16T02:16:47","modified_gmt":"2026-04-15T23:16:47","slug":"gunluk-ritueller","status":"publish","type":"product","link":"https:\/\/roveyayinevi.com.tr\/index.php\/urun\/gunluk-ritueller\/","title":{"rendered":"G\u00fcnl\u00fck Rit\u00fceller"},"content":{"rendered":"<p>G\u00fcnl\u00fck al\u0131\u015fkanl\u0131klar\u0131n\u0131z\u0131n yarat\u0131c\u0131 s\u00fcre\u00e7 \u00fczerindeki etkisini hi\u00e7 merak ettiniz mi? Bir rutin belirleyip ona sad\u0131k m\u0131 kalmal\u0131, yoksa hayat\u0131 ak\u0131\u015f\u0131na m\u0131 b\u0131rakmal\u0131&#8230; Karar vermeden \u00f6nce bu kitaba mutlaka bir g\u00f6z atmal\u0131s\u0131n\u0131z. Hayran oldu\u011fumuz b\u00fcy\u00fck fikir ve eserlerin yarat\u0131c\u0131lar\u0131 g\u00fcndelik hayatlar\u0131nda ne yap\u0131yorlard\u0131? S\u0131radan insanlar olmaktan \u00e7\u0131k\u0131p tarihin sayfalar\u0131nda kendilerine yer edinmelerini sa\u011flayan o b\u00fcy\u00fck eserler hangi g\u00fcndelik rutinlerin sonucunda do\u011fmu\u015ftu? Bu kitapla Mozart&#8217;tan \u00c7aykovski&#8217;ye, Kant&#8217;tan Descartes&#8217;a, Kafka&#8217;dan Flannery O&#8217;Connor&#8217;a, Picasso&#8217;dan Vincent van Gogh&#8217;a, Albert Einstein&#8217;dan Nikola Tesla&#8217;ya, Agatha Christie&#8217;den Isaac Asimov&#8217;a, tarihin ak\u0131\u015f\u0131na y\u00f6n veren pek \u00e7ok insan\u0131n g\u00fcndelik hayat\u0131na k\u0131saca g\u00f6z atabilecek, onlar\u0131n deneyimledi\u011fi yarat\u0131m s\u00fcrecini inceleme f\u0131rsat\u0131 yakalayacaks\u0131n\u0131z. <\/p>\n","protected":false},"excerpt":{"rendered":"<p>G\u00fcnl\u00fck al\u0131\u015fkanl\u0131klar\u0131n\u0131z\u0131n yarat\u0131c\u0131 s\u00fcre\u00e7 \u00fczerindeki etkisini hi\u00e7 merak ettiniz mi? Bir rutin belirleyip ona sad\u0131k m\u0131 kalmal\u0131, yoksa hayat\u0131 ak\u0131\u015f\u0131na m\u0131 b\u0131rakmal\u0131&#8230; Karar vermeden \u00f6nce bu<span class=\"excerpt-hellip\"> [\u2026]<\/span><\/p>\n","protected":false},"featured_media":0,"template":"","meta":{"_monsterinsights_skip_tracking":false,"_monsterinsights_sitenote_active":false,"_monsterinsights_sitenote_note":"","_monsterinsights_sitenote_category":0},"product_brand":[],"product_cat":[12408,14197],"product_tag":[],"class_list":{"0":"post-708125","1":"product","2":"type-product","3":"status-publish","5":"product_cat-sanat","6":"product_cat-sanat-tarihi","7":"pa_cilt-ciltsiz","8":"pa_tur-kitap","9":"pa_yayinevi-kolektif-kitap","10":"pa_yazar-mason-currey","12":"first","13":"instock","14":"sale","15":"shipping-taxable","16":"purchasable","17":"product-type-simple"},"_links":{"self":[{"href":"https:\/\/roveyayinevi.com.tr\/index.php\/wp-json\/wp\/v2\/product\/708125","targetHints":{"allow":["GET"]}}],"collection":[{"href":"https:\/\/roveyayinevi.com.tr\/index.php\/wp-json\/wp\/v2\/product"}],"about":[{"href":"https:\/\/roveyayinevi.com.tr\/index.php\/wp-json\/wp\/v2\/types\/product"}],"wp:attachment":[{"href":"https:\/\/roveyayinevi.com.tr\/index.php\/wp-json\/wp\/v2\/media?parent=708125"}],"wp:term":[{"taxonomy":"product_brand","embeddable":true,"href":"https:\/\/roveyayinevi.com.tr\/index.php\/wp-json\/wp\/v2\/product_brand?post=708125"},{"taxonomy":"product_cat","embeddable":true,"href":"https:\/\/roveyayinevi.com.tr\/index.php\/wp-json\/wp\/v2\/product_cat?post=708125"},{"taxonomy":"product_tag","embeddable":true,"href":"https:\/\/roveyayinevi.com.tr\/index.php\/wp-json\/wp\/v2\/product_tag?post=708125"}],"curies":[{"name":"wp","href":"https:\/\/api.w.org\/{rel}","templated":true}]}}