{"id":708123,"date":"2025-08-27T16:11:55","date_gmt":"2025-08-27T13:11:55","guid":{"rendered":"https:\/\/roveyayinevi.com.tr\/index.php\/urun\/kopeklerin-sohbeti\/"},"modified":"2026-04-12T02:19:52","modified_gmt":"2026-04-11T23:19:52","slug":"kopeklerin-sohbeti","status":"publish","type":"product","link":"https:\/\/roveyayinevi.com.tr\/index.php\/urun\/kopeklerin-sohbeti\/","title":{"rendered":"K\u00f6peklerin Sohbeti"},"content":{"rendered":"<p>Talihsiz bir evlilik y\u00fcz\u00fcnden hastaneye d\u00fc\u015fen bir te\u011fmen hasta yata\u011f\u0131nda yatarken sokakta iki ki\u015finin konu\u015ftu\u011funu duyar. Sohbetin \u00e7ekicili\u011fine kendini iyice kapt\u0131ran te\u011fmen konu\u015fanlar\u0131n asl\u0131nda hastanenin bek\u00e7i k\u00f6pekleri oldu\u011funu anlar ve bu mucizevi sohbeti ka\u011f\u0131da aktar\u0131r. Bir s\u00fcreli\u011fine konu\u015fma kabiliyeti kazanan iki k\u00f6pek ba\u015flar\u0131ndan ge\u00e7enleri anlat\u0131rken insanl\u0131\u011f\u0131n derin mevzular\u0131na de\u011finirler: ahlak, yozla\u015fma, dedikodu, haset, talih, onur, sinsilik, tahakk\u00fcm&#8230; Cervantes&#8217;in ya\u015fad\u0131\u011f\u0131 d\u00f6nem ve \u00fclke \u00fczerine yo\u011fun bir hiciv i\u00e7eren bu uzun \u00f6yk\u00fcs\u00fc, b\u00fct\u00fcn bir insanl\u0131k tarihinin (ve muhtemelen gelece\u011fimizin de) g\u00fczel bir ele\u015ftirisine d\u00f6n\u00fc\u015f\u00fcyor. \ufffcTan\u0131t\u0131m Metni<\/p>\n","protected":false},"excerpt":{"rendered":"<p>Talihsiz bir evlilik y\u00fcz\u00fcnden hastaneye d\u00fc\u015fen bir te\u011fmen hasta yata\u011f\u0131nda yatarken sokakta iki ki\u015finin konu\u015ftu\u011funu duyar. Sohbetin \u00e7ekicili\u011fine kendini iyice kapt\u0131ran te\u011fmen konu\u015fanlar\u0131n asl\u0131nda hastanenin bek\u00e7i<span class=\"excerpt-hellip\"> [\u2026]<\/span><\/p>\n","protected":false},"featured_media":0,"template":"","meta":{"_monsterinsights_skip_tracking":false,"_monsterinsights_sitenote_active":false,"_monsterinsights_sitenote_note":"","_monsterinsights_sitenote_category":0},"product_brand":[],"product_cat":[12291,12711],"product_tag":[],"class_list":{"0":"post-708123","1":"product","2":"type-product","3":"status-publish","5":"product_cat-edebiyat","6":"product_cat-roman-oyku","7":"pa_cilt-ciltsiz","8":"pa_tur-kitap","9":"pa_yayinevi-kolektif-kitap","10":"pa_yazar-miguel-de-cervantes","12":"first","13":"instock","14":"sale","15":"shipping-taxable","16":"purchasable","17":"product-type-simple"},"_links":{"self":[{"href":"https:\/\/roveyayinevi.com.tr\/index.php\/wp-json\/wp\/v2\/product\/708123","targetHints":{"allow":["GET"]}}],"collection":[{"href":"https:\/\/roveyayinevi.com.tr\/index.php\/wp-json\/wp\/v2\/product"}],"about":[{"href":"https:\/\/roveyayinevi.com.tr\/index.php\/wp-json\/wp\/v2\/types\/product"}],"wp:attachment":[{"href":"https:\/\/roveyayinevi.com.tr\/index.php\/wp-json\/wp\/v2\/media?parent=708123"}],"wp:term":[{"taxonomy":"product_brand","embeddable":true,"href":"https:\/\/roveyayinevi.com.tr\/index.php\/wp-json\/wp\/v2\/product_brand?post=708123"},{"taxonomy":"product_cat","embeddable":true,"href":"https:\/\/roveyayinevi.com.tr\/index.php\/wp-json\/wp\/v2\/product_cat?post=708123"},{"taxonomy":"product_tag","embeddable":true,"href":"https:\/\/roveyayinevi.com.tr\/index.php\/wp-json\/wp\/v2\/product_tag?post=708123"}],"curies":[{"name":"wp","href":"https:\/\/api.w.org\/{rel}","templated":true}]}}