{"id":708122,"date":"2025-08-27T16:11:55","date_gmt":"2025-08-27T13:11:55","guid":{"rendered":"https:\/\/roveyayinevi.com.tr\/index.php\/urun\/fanilik-uzerine-dusunceler\/"},"modified":"2026-04-16T02:16:47","modified_gmt":"2026-04-15T23:16:47","slug":"fanilik-uzerine-dusunceler","status":"publish","type":"product","link":"https:\/\/roveyayinevi.com.tr\/index.php\/urun\/fanilik-uzerine-dusunceler\/","title":{"rendered":"Fanilik \u00dczerine D\u00fc\u015f\u00fcnceler"},"content":{"rendered":"<p>Victor Brombert, \u00f6l\u00fcm\u00fc ve fanili\u011fimizi, \u00e7e\u015fitli siyasi ve k\u00fclt\u00fcrel ba\u011flamlar i\u00e7inde sekiz b\u00fcy\u00fck yazar\u0131n eserlerinde ar\u0131yor. Tolstoy ve Thomas Mann&#8217;da bireyin fanilikle m\u00fccadelesini ortaya koyarken, Bassani ve Primo Levi&#8217;de toplumsal bir felaket olarak k\u00fclt\u00fcrlerin \u00f6l\u00fcm\u00fcn\u00fc aktar\u0131yor. Woolf ve Camus&#8217;n\u00fcn anlat\u0131lar\u0131nda aldat\u0131c\u0131 bir kurtulu\u015f vaadi olarak sunulan \u00f6l\u00fcm, Coetzee&#8217;nin sayfalar\u0131nda vah\u015fet kar\u015f\u0131s\u0131nda duyulan derin bir utan\u00e7 olarak i\u015fleniyor. Fanilik \u00dczerine D\u00fc\u015f\u00fcnceler bir edebiyat ele\u015ftirisinin \u00f6tesinde, fanili\u011fin izlerini irdeleyerek bizi hayatta olman\u0131n anlam\u0131yla y\u00fczle\u015ftiriyor.  &#8220;Belki de b\u00fct\u00fcn d\u00fc\u015f\u00fcnce ve sanat eylemi kayna\u011f\u0131n\u0131 dolayl\u0131 olarak fanilikten al\u0131yordur. Bu noktada bir kez daha, do\u011frulanmas\u0131 m\u00fcmk\u00fcn olmasa da, Andr\u00e9 Malraux&#8217;nun insan\u0131 heyecanland\u0131ran esrarengiz s\u00f6zleri geliyor akla; ma\u011faras\u0131n\u0131n ta\u015f duvar\u0131na bizon \u00e7izen ilk insan, hem kendisinin hem de bizonun fani oldu\u011funun fark\u0131ndad\u0131r, ama ayn\u0131 zamanda bu ilk sanat\u00e7\u0131, fani hayvan\u0131 tasvir etmenin bir bak\u0131ma &#8216;hi\u00e7li\u011fimizi yads\u0131mak&#8217; anlam\u0131na geldi\u011fini de sezmi\u015f gibidir.&#8221; <\/p>\n","protected":false},"excerpt":{"rendered":"<p>Victor Brombert, \u00f6l\u00fcm\u00fc ve fanili\u011fimizi, \u00e7e\u015fitli siyasi ve k\u00fclt\u00fcrel ba\u011flamlar i\u00e7inde sekiz b\u00fcy\u00fck yazar\u0131n eserlerinde ar\u0131yor. Tolstoy ve Thomas Mann&#8217;da bireyin fanilikle m\u00fccadelesini ortaya koyarken, Bassani<span class=\"excerpt-hellip\"> [\u2026]<\/span><\/p>\n","protected":false},"featured_media":0,"template":"","meta":{"_monsterinsights_skip_tracking":false,"_monsterinsights_sitenote_active":false,"_monsterinsights_sitenote_note":"","_monsterinsights_sitenote_category":0},"product_brand":[],"product_cat":[13072,12291],"product_tag":[],"class_list":{"0":"post-708122","1":"product","2":"type-product","3":"status-publish","5":"product_cat-arastirma-inceleme-referans","6":"product_cat-edebiyat","7":"pa_cilt-ciltsiz","8":"pa_tur-kitap","9":"pa_yayinevi-kolektif-kitap","10":"pa_yazar-victor-brombert","12":"first","13":"instock","14":"sale","15":"shipping-taxable","16":"purchasable","17":"product-type-simple"},"_links":{"self":[{"href":"https:\/\/roveyayinevi.com.tr\/index.php\/wp-json\/wp\/v2\/product\/708122","targetHints":{"allow":["GET"]}}],"collection":[{"href":"https:\/\/roveyayinevi.com.tr\/index.php\/wp-json\/wp\/v2\/product"}],"about":[{"href":"https:\/\/roveyayinevi.com.tr\/index.php\/wp-json\/wp\/v2\/types\/product"}],"wp:attachment":[{"href":"https:\/\/roveyayinevi.com.tr\/index.php\/wp-json\/wp\/v2\/media?parent=708122"}],"wp:term":[{"taxonomy":"product_brand","embeddable":true,"href":"https:\/\/roveyayinevi.com.tr\/index.php\/wp-json\/wp\/v2\/product_brand?post=708122"},{"taxonomy":"product_cat","embeddable":true,"href":"https:\/\/roveyayinevi.com.tr\/index.php\/wp-json\/wp\/v2\/product_cat?post=708122"},{"taxonomy":"product_tag","embeddable":true,"href":"https:\/\/roveyayinevi.com.tr\/index.php\/wp-json\/wp\/v2\/product_tag?post=708122"}],"curies":[{"name":"wp","href":"https:\/\/api.w.org\/{rel}","templated":true}]}}