{"id":708120,"date":"2025-08-27T16:11:54","date_gmt":"2025-08-27T13:11:54","guid":{"rendered":"https:\/\/roveyayinevi.com.tr\/index.php\/urun\/sinemaya-giris-bilimkurgu\/"},"modified":"2026-04-16T02:16:47","modified_gmt":"2026-04-15T23:16:47","slug":"sinemaya-giris-bilimkurgu","status":"publish","type":"product","link":"https:\/\/roveyayinevi.com.tr\/index.php\/urun\/sinemaya-giris-bilimkurgu\/","title":{"rendered":"Sinemaya Giri\u015f Bilimkurgu"},"content":{"rendered":"<p>Blimkurgu, bilimle teknoloji aras\u0131ndaki ili\u015fkiye dair sorular soruyor; \u00f6zel efektlerin anlam ve etki \u00fcretmede oynad\u0131\u011f\u0131 role \u00f6zel bir dikkat g\u00f6stererek, g\u00f6steri, anlat\u0131 ve kendi kendini yans\u0131tma kavramlar\u0131 aras\u0131ndaki kar\u015f\u0131l\u0131kl\u0131 ili\u015fkileri ele al\u0131yor. Bilimkurguda rastlanan y\u00fcce, grotesk, &#8220;camp&#8221; \u00e7a\u011fr\u0131\u015f\u0131mlar\u0131na de\u011finerek, t\u00fcr\u00fcn s\u00f6m\u00fcrgecilik, emperyalizm ve neoliberal k\u00fcreselle\u015fme s\u00f6ylemlerini nas\u0131l yeniden \u00fcretip ifade etti\u011fine dair bir yol haritas\u0131 \u00e7\u0131kar\u0131yor. Mark Bould 1895&#8217;ten g\u00fcn\u00fcm\u00fcze, aralar\u0131nda Le voyage dans la lune (1902), 20,000 Leagues Under the Sea (1916), L&#8217;Atlantide (1921), King Kong (1933, 2005), Gojira (1954), Blade Runner (1982), Tetsuo (1989), G.O.R.A (2004), Sleep Dealer (2008), Avatar&#8217;\u0131n (2009) bulundu\u011fu pek \u00e7ok film \u00fczerinden \u0131rk, s\u0131n\u0131f, toplumsal cinsiyet ve cinsellik temsillerinin derinlemesine analizlerine yer vererek hem sinemaseverler hem de \u00f6\u011frenci ve akademisyenler i\u00e7in temel bir rehber sunuyor. <\/p>\n","protected":false},"excerpt":{"rendered":"<p>Blimkurgu, bilimle teknoloji aras\u0131ndaki ili\u015fkiye dair sorular soruyor; \u00f6zel efektlerin anlam ve etki \u00fcretmede oynad\u0131\u011f\u0131 role \u00f6zel bir dikkat g\u00f6stererek, g\u00f6steri, anlat\u0131 ve kendi kendini yans\u0131tma<span class=\"excerpt-hellip\"> [\u2026]<\/span><\/p>\n","protected":false},"featured_media":0,"template":"","meta":{"_monsterinsights_skip_tracking":false,"_monsterinsights_sitenote_active":false,"_monsterinsights_sitenote_note":"","_monsterinsights_sitenote_category":0},"product_brand":[],"product_cat":[13021,12408],"product_tag":[],"class_list":{"0":"post-708120","1":"product","2":"type-product","3":"status-publish","5":"product_cat-sahne-sanatlari","6":"product_cat-sanat","7":"pa_cilt-ciltsiz","8":"pa_tur-kitap","9":"pa_yayinevi-kolektif-kitap","10":"pa_yazar-mark-bould","12":"first","13":"instock","14":"sale","15":"shipping-taxable","16":"purchasable","17":"product-type-simple"},"_links":{"self":[{"href":"https:\/\/roveyayinevi.com.tr\/index.php\/wp-json\/wp\/v2\/product\/708120","targetHints":{"allow":["GET"]}}],"collection":[{"href":"https:\/\/roveyayinevi.com.tr\/index.php\/wp-json\/wp\/v2\/product"}],"about":[{"href":"https:\/\/roveyayinevi.com.tr\/index.php\/wp-json\/wp\/v2\/types\/product"}],"wp:attachment":[{"href":"https:\/\/roveyayinevi.com.tr\/index.php\/wp-json\/wp\/v2\/media?parent=708120"}],"wp:term":[{"taxonomy":"product_brand","embeddable":true,"href":"https:\/\/roveyayinevi.com.tr\/index.php\/wp-json\/wp\/v2\/product_brand?post=708120"},{"taxonomy":"product_cat","embeddable":true,"href":"https:\/\/roveyayinevi.com.tr\/index.php\/wp-json\/wp\/v2\/product_cat?post=708120"},{"taxonomy":"product_tag","embeddable":true,"href":"https:\/\/roveyayinevi.com.tr\/index.php\/wp-json\/wp\/v2\/product_tag?post=708120"}],"curies":[{"name":"wp","href":"https:\/\/api.w.org\/{rel}","templated":true}]}}