{"id":708115,"date":"2025-08-27T16:11:52","date_gmt":"2025-08-27T13:11:52","guid":{"rendered":"https:\/\/roveyayinevi.com.tr\/index.php\/urun\/niyetin-gucu\/"},"modified":"2026-04-15T02:22:35","modified_gmt":"2026-04-14T23:22:35","slug":"niyetin-gucu","status":"publish","type":"product","link":"https:\/\/roveyayinevi.com.tr\/index.php\/urun\/niyetin-gucu\/","title":{"rendered":"Niyetin G\u00fcc\u00fc"},"content":{"rendered":"<p>D\u00fc\u015f ve Arzular\u0131 Nas\u0131l Hayat Ge\u00e7irmeliyiz?Niyet nedir? Onu do\u011fru olarak nas\u0131l bi\u00e7imlendirmeli ve g\u00fcnl\u00fck ya\u015famda etkili bir \u015fekilde nas\u0131l kullanmal\u0131y\u0131z? G\u00fcc\u00fcm\u00fcz\u00fc nas\u0131l biriktirmeliyiz?Bu kitap size bu ve bu gibi sorular\u0131n cevab\u0131n\u0131 bulman\u0131zda ve iradenizi g\u00fc\u00e7lendirerek ya\u015fam\u0131n\u0131z\u0131 daha parlak ve mutlu k\u0131lmak i\u00e7in hedeflerinize kar\u015f\u0131 tutumunuzu de\u011fi\u015ftirmenizde yard\u0131mc\u0131 olacakt\u0131r. Dr. V. Sinelnikov taraf\u0131ndan geli\u015ftirilen bilincin yeni modeli ve kendine \u00f6zg\u00fc etkili y\u00f6ntem ve stratejileri size sadece d\u00fc\u015flerinizi ger\u00e7ekle\u015ftirmeniz i\u00e7in de\u011fil, sorunlar\u0131n\u0131z\u0131 \u00f6nlemek i\u00e7in de yard\u0131mc\u0131 olacakt\u0131r.Siz d\u00fc\u015f\u00fcnce ve davran\u0131\u015f esnekli\u011fini, d\u00fc\u015f\u00fcncenin y\u00fcceli\u011fini ve safl\u0131\u011f\u0131n\u0131 \u00f6\u011frenecek, olumsuz d\u00fc\u015f\u00fcncelere ve bat\u0131l inan\u00e7lara veda edecek, kendi yarat\u0131c\u0131l\u0131k potansiyelinizi ortaya \u00e7\u0131kararak en b\u00fcy\u00fck isteklerinizi ve d\u00fc\u015flerinizi ger\u00e7ekle\u015ftirebileceksiniz.Bu kitap ar\u0131nd\u0131rma g\u00fcc\u00fcne sahiptir! <\/p>\n","protected":false},"excerpt":{"rendered":"<p>D\u00fc\u015f ve Arzular\u0131 Nas\u0131l Hayat Ge\u00e7irmeliyiz?Niyet nedir? Onu do\u011fru olarak nas\u0131l bi\u00e7imlendirmeli ve g\u00fcnl\u00fck ya\u015famda etkili bir \u015fekilde nas\u0131l kullanmal\u0131y\u0131z? G\u00fcc\u00fcm\u00fcz\u00fc nas\u0131l biriktirmeliyiz?Bu kitap size bu<span class=\"excerpt-hellip\"> [\u2026]<\/span><\/p>\n","protected":false},"featured_media":0,"template":"","meta":{"_monsterinsights_skip_tracking":false,"_monsterinsights_sitenote_active":false,"_monsterinsights_sitenote_note":"","_monsterinsights_sitenote_category":0},"product_brand":[],"product_cat":[12364,12376],"product_tag":[],"class_list":{"0":"post-708115","1":"product","2":"type-product","3":"status-publish","5":"product_cat-genel-konular","6":"product_cat-kisisel-gelisim","7":"pa_cilt-ciltsiz","8":"pa_tur-kitap","9":"pa_yayinevi-elhan-kitap-yayin-dagitim","10":"pa_yazar-valeriy-sinelnikov","12":"first","13":"instock","14":"sale","15":"shipping-taxable","16":"purchasable","17":"product-type-simple"},"_links":{"self":[{"href":"https:\/\/roveyayinevi.com.tr\/index.php\/wp-json\/wp\/v2\/product\/708115","targetHints":{"allow":["GET"]}}],"collection":[{"href":"https:\/\/roveyayinevi.com.tr\/index.php\/wp-json\/wp\/v2\/product"}],"about":[{"href":"https:\/\/roveyayinevi.com.tr\/index.php\/wp-json\/wp\/v2\/types\/product"}],"wp:attachment":[{"href":"https:\/\/roveyayinevi.com.tr\/index.php\/wp-json\/wp\/v2\/media?parent=708115"}],"wp:term":[{"taxonomy":"product_brand","embeddable":true,"href":"https:\/\/roveyayinevi.com.tr\/index.php\/wp-json\/wp\/v2\/product_brand?post=708115"},{"taxonomy":"product_cat","embeddable":true,"href":"https:\/\/roveyayinevi.com.tr\/index.php\/wp-json\/wp\/v2\/product_cat?post=708115"},{"taxonomy":"product_tag","embeddable":true,"href":"https:\/\/roveyayinevi.com.tr\/index.php\/wp-json\/wp\/v2\/product_tag?post=708115"}],"curies":[{"name":"wp","href":"https:\/\/api.w.org\/{rel}","templated":true}]}}