{"id":708114,"date":"2025-08-27T16:11:51","date_gmt":"2025-08-27T13:11:51","guid":{"rendered":"https:\/\/roveyayinevi.com.tr\/index.php\/urun\/justice-league-forever-evil-daima-kotuluk\/"},"modified":"2026-04-16T02:16:47","modified_gmt":"2026-04-15T23:16:47","slug":"justice-league-forever-evil-daima-kotuluk","status":"publish","type":"product","link":"https:\/\/roveyayinevi.com.tr\/index.php\/urun\/justice-league-forever-evil-daima-kotuluk\/","title":{"rendered":"Justice League Forever Evil: Daima K\u00f6t\u00fcl\u00fck"},"content":{"rendered":"<p>&#8220;New 52 hik\u00e2yeleri ba\u015flad\u0131\u011f\u0131ndan beri Geoff Johns&#8217;un en ba\u015far\u0131l\u0131 i\u015fi&#8230; Keyifle okuyacaks\u0131n\u0131z.&#8221;  -Nerd\u0131st- &#8220;FOREVER EVIL okurun, k\u00f6t\u00fc adamlar\u0131n taraf\u0131n\u0131 tutabildi\u011fi karanl\u0131k ve e\u011flenceli bir yolculuk.&#8221;  -Bloody D\u0131sgust\u0131ng- &#8220;Finch&#8217;in dokundu\u011fu her \u015fey inan\u0131lmaz g\u00f6r\u00fcn\u00fcyor \u2026 \u00e7izimler ola\u011fan\u00fcst\u00fc.&#8221;  -Crave Onl\u0131ne- &#8220;\u0130nan\u0131lmaz\u2026Johns&#8217;un DC&#8217;nin s\u00fcper hain topluluklar\u0131n\u0131n i\u00e7ine dal\u0131p bu d\u00fcnyan\u0131n k\u00f6t\u00fcleriyle D\u00fcnya-3&#8217;ten gelen i\u015fgalci Crime Syndicate aras\u0131ndaki bir sava\u015f\u0131 anlatt\u0131\u011f\u0131 mini seriyi kim okumak istemez ki?  -Ign- &#8220;FOREVER EVIL ile \u015fahane zaman ge\u00e7ireceksiniz. Geoff ve Finch bir \u00e7izgi roman partisi vermeye karar vermi\u015fler ve hepimiz davetliyiz.&#8221;  -Craveonl\u0131ne- Bu D\u00fcnya Onlar\u0131n Justice League yenilmi\u015fti. League&#8217;in aynadaki hain akisleri Crime Syndicate, D\u00fcnya \u00fczerindeki neredeyse b\u00fct\u00fcn kahramanlar\u0131 hedef alm\u0131\u015f ve saf d\u0131\u015f\u0131 etmi\u015fti. Direnmek i\u00e7in meydanda hi\u00e7bir adalet sava\u015f\u00e7\u0131s\u0131 kalmay\u0131nca, art\u0131k d\u00fcnyay\u0131 sadece su\u00e7lular savunabilirdi. Lex Luthor&#8217;un liderli\u011finde Captain Cold, Black Manta, Bizarro, Black Adam ve Sinestro Syndicate&#8217;a kar\u015f\u0131 ba\u015fkald\u0131rd\u0131. Ama Superman&#8217;in en b\u00fcy\u00fck d\u00fc\u015fman\u0131 ve onun ehveni\u015ferler ekibi Justice League&#8217;den daha g\u00fc\u00e7l\u00fc bu tiranlar \u00e7etesini ortadan kald\u0131rabilecek miydi? <\/p>\n","protected":false},"excerpt":{"rendered":"<p>&#8220;New 52 hik\u00e2yeleri ba\u015flad\u0131\u011f\u0131ndan beri Geoff Johns&#8217;un en ba\u015far\u0131l\u0131 i\u015fi&#8230; Keyifle okuyacaks\u0131n\u0131z.&#8221; -Nerd\u0131st- &#8220;FOREVER EVIL okurun, k\u00f6t\u00fc adamlar\u0131n taraf\u0131n\u0131 tutabildi\u011fi karanl\u0131k ve e\u011flenceli bir yolculuk.&#8221; -Bloody<span class=\"excerpt-hellip\"> [\u2026]<\/span><\/p>\n","protected":false},"featured_media":0,"template":"","meta":{"_monsterinsights_skip_tracking":false,"_monsterinsights_sitenote_active":false,"_monsterinsights_sitenote_note":"","_monsterinsights_sitenote_category":0},"product_brand":[],"product_cat":[12416,12291],"product_tag":[],"class_list":{"0":"post-708114","1":"product","2":"type-product","3":"status-publish","5":"product_cat-cizgi-roman","6":"product_cat-edebiyat","7":"pa_cilt-ciltsiz","8":"pa_tur-kitap","9":"pa_yayinevi-yapi-kredi-yayinlari","10":"pa_yazar-geoff-johns-david-finch-richard-friend-sona-oback","12":"first","13":"instock","14":"sale","15":"shipping-taxable","16":"purchasable","17":"product-type-simple"},"_links":{"self":[{"href":"https:\/\/roveyayinevi.com.tr\/index.php\/wp-json\/wp\/v2\/product\/708114","targetHints":{"allow":["GET"]}}],"collection":[{"href":"https:\/\/roveyayinevi.com.tr\/index.php\/wp-json\/wp\/v2\/product"}],"about":[{"href":"https:\/\/roveyayinevi.com.tr\/index.php\/wp-json\/wp\/v2\/types\/product"}],"wp:attachment":[{"href":"https:\/\/roveyayinevi.com.tr\/index.php\/wp-json\/wp\/v2\/media?parent=708114"}],"wp:term":[{"taxonomy":"product_brand","embeddable":true,"href":"https:\/\/roveyayinevi.com.tr\/index.php\/wp-json\/wp\/v2\/product_brand?post=708114"},{"taxonomy":"product_cat","embeddable":true,"href":"https:\/\/roveyayinevi.com.tr\/index.php\/wp-json\/wp\/v2\/product_cat?post=708114"},{"taxonomy":"product_tag","embeddable":true,"href":"https:\/\/roveyayinevi.com.tr\/index.php\/wp-json\/wp\/v2\/product_tag?post=708114"}],"curies":[{"name":"wp","href":"https:\/\/api.w.org\/{rel}","templated":true}]}}