{"id":708113,"date":"2025-08-27T16:11:51","date_gmt":"2025-08-27T13:11:51","guid":{"rendered":"https:\/\/roveyayinevi.com.tr\/index.php\/urun\/justice-league-cilt-5-daima-kahramanlar\/"},"modified":"2026-04-16T02:16:47","modified_gmt":"2026-04-15T23:16:47","slug":"justice-league-cilt-5-daima-kahramanlar","status":"publish","type":"product","link":"https:\/\/roveyayinevi.com.tr\/index.php\/urun\/justice-league-cilt-5-daima-kahramanlar\/","title":{"rendered":"Justice League Cilt 5 &#8211; Daima Kahramanlar"},"content":{"rendered":"<p>&#8220;Justice League, 21. y\u00fczy\u0131l\u0131n sesini en iyi yans\u0131tan s\u00fcper kahraman dergisi olarak yerini sa\u011flamla\u015ft\u0131r\u0131yor.&#8221; \u2013Popmatters\u201cBu yarat\u0131c\u0131 ekip muhte\u015fem bir kar\u0131\u015f\u0131m&#8230;\u201d \u2013Comic Book Resources\u201cJustice League hala en b\u00fcy\u00fck, en renkli yaz mevsimi gi\u015fe bombas\u0131\u201d \u2013Newsarama\u201cJustice League Reis\u2019\u0131n end\u011fstridekien iyi \u00e7izgi roman \u00e7izerlerinden biri oldu\u011funun sayfalar boyunca ispat\u0131.\u201d \u2013CraveonlineK\u00f6t\u00fcl\u00fc\u011f\u00fcn Ate\u015flerinden Yeni Kahramanlar Do\u011facak&#8230;Ultraman. Owlman. Superwoman. Yak\u0131l\u0131p y\u0131k\u0131lm\u0131\u015f bir paralel evrenden gelen bu ac\u0131mas\u0131z varl\u0131klar, D\u00fcnya&#8217;n\u0131n s\u00fcper hainlerinden olu\u015fan bir Gizli Cemiyet&#8217;i gezegenin k\u00fcresel h\u00e2kimiyetine ta\u015f\u0131d\u0131lar. Crime Syndicate \u00fcyeleri, ka\u00e7\u0131\u015f\u0131 olmayan bir hapishaneye kapatt\u0131klar\u0131 kahramanlar\u0131n aynadaki \u00e7arp\u0131t\u0131lm\u0131\u015f akisleri gibi. Ve her birinin gizli bir amac\u0131 var.Bu da Justice League&#8217;in tek umudu. Bu zalim i\u015fgalciler karanl\u0131k ge\u00e7mi\u015flerindeki s\u0131rlar\u0131yla m\u00fccadele ederken, Justice League \u00fcyesi Cyborg olarak v\u00fccudunun arta kalan\u0131 inan\u0131lmaz bir teknoloji ile birle\u015ftirilmi\u015f olmas\u0131na ra\u011fmen kalbi insan kalabilmi\u015f Victor Stone harekete ge\u00e7mek zorunda. Syndicate&#8217;\u0131n tuza\u011f\u0131ndan kurtulan tek kahraman\u0131n, v\u00fccudunu \u00e7alan ve d\u00fcnyan\u0131n bilgisayar \u015febekelerini ele ge\u00e7iren bilin\u00e7 sahibi bilgisayar vir\u00fcs\u00fc Grid&#8217;i yenmek i\u00e7in bir tek \u015fans\u0131 var.Cyborg en beklenmedik kahramanlara ula\u015fmak ve onlar\u0131n yard\u0131m\u0131n\u0131 istemek zorunda&#8230; <\/p>\n","protected":false},"excerpt":{"rendered":"<p>&#8220;Justice League, 21. y\u00fczy\u0131l\u0131n sesini en iyi yans\u0131tan s\u00fcper kahraman dergisi olarak yerini sa\u011flamla\u015ft\u0131r\u0131yor.&#8221; \u2013Popmatters\u201cBu yarat\u0131c\u0131 ekip muhte\u015fem bir kar\u0131\u015f\u0131m&#8230;\u201d \u2013Comic Book Resources\u201cJustice League hala en<span class=\"excerpt-hellip\"> [\u2026]<\/span><\/p>\n","protected":false},"featured_media":0,"template":"","meta":{"_monsterinsights_skip_tracking":false,"_monsterinsights_sitenote_active":false,"_monsterinsights_sitenote_note":"","_monsterinsights_sitenote_category":0},"product_brand":[],"product_cat":[12416,12291],"product_tag":[],"class_list":{"0":"post-708113","1":"product","2":"type-product","3":"status-publish","5":"product_cat-cizgi-roman","6":"product_cat-edebiyat","7":"pa_cilt-ciltsiz","8":"pa_tur-kitap","9":"pa_yayinevi-yapi-kredi-yayinlari","10":"pa_yazar-geoff-johns-doug-mahnke-ivan-reis","12":"first","13":"instock","14":"sale","15":"shipping-taxable","16":"purchasable","17":"product-type-simple"},"_links":{"self":[{"href":"https:\/\/roveyayinevi.com.tr\/index.php\/wp-json\/wp\/v2\/product\/708113","targetHints":{"allow":["GET"]}}],"collection":[{"href":"https:\/\/roveyayinevi.com.tr\/index.php\/wp-json\/wp\/v2\/product"}],"about":[{"href":"https:\/\/roveyayinevi.com.tr\/index.php\/wp-json\/wp\/v2\/types\/product"}],"wp:attachment":[{"href":"https:\/\/roveyayinevi.com.tr\/index.php\/wp-json\/wp\/v2\/media?parent=708113"}],"wp:term":[{"taxonomy":"product_brand","embeddable":true,"href":"https:\/\/roveyayinevi.com.tr\/index.php\/wp-json\/wp\/v2\/product_brand?post=708113"},{"taxonomy":"product_cat","embeddable":true,"href":"https:\/\/roveyayinevi.com.tr\/index.php\/wp-json\/wp\/v2\/product_cat?post=708113"},{"taxonomy":"product_tag","embeddable":true,"href":"https:\/\/roveyayinevi.com.tr\/index.php\/wp-json\/wp\/v2\/product_tag?post=708113"}],"curies":[{"name":"wp","href":"https:\/\/api.w.org\/{rel}","templated":true}]}}