{"id":708111,"date":"2025-08-27T16:11:50","date_gmt":"2025-08-27T13:11:50","guid":{"rendered":"https:\/\/roveyayinevi.com.tr\/index.php\/urun\/tam-30\/"},"modified":"2026-04-16T02:16:47","modified_gmt":"2026-04-15T23:16:47","slug":"tam-30","status":"publish","type":"product","link":"https:\/\/roveyayinevi.com.tr\/index.php\/urun\/tam-30\/","title":{"rendered":"Tam 30"},"content":{"rendered":"<p>Lezzetli ve sa\u011fl\u0131kl\u0131 bir hayat\u0131n tarifi\u2026 Yo\u011fun i\u015f temponuza uygun enerjiyi sa\u011flayabiliyor musunuz? Yoksa yedikleriniz zindelik vermek yerine ya\u015fam kalitenizi mi d\u00fc\u015f\u00fcr\u00fcyor? Ya\u015fam\u0131n\u0131z diyetlerle ge\u00e7iyor ama verdi\u011finiz kilolar ayn\u0131 s\u00fcratle geri mi d\u00f6n\u00fcyor? Tam yerine geldiniz! Tam 30&#8217;a ho\u015f geldiniz! Bu kitapta verilen tarifler ve g\u00fcnl\u00fck beslenme plan\u0131n\u0131 30 g\u00fcn uygulad\u0131\u011f\u0131n\u0131zda minimum 4 ila 7 kilo aras\u0131 verecek, kendinizi daha sa\u011fl\u0131kl\u0131 ve zinde hissedeceksiniz. Daha \u00f6nemlisi kendi bedeninizi daha iyi tan\u0131yacak, sadece bedeninizi de\u011fil zihin ve ruh sa\u011fl\u0131\u011f\u0131n\u0131z\u0131 da beslenme ile iyile\u015ftireceksiniz. Ne duruyoruz? Hadi ba\u015flayal\u0131m! <\/p>\n","protected":false},"excerpt":{"rendered":"<p>Lezzetli ve sa\u011fl\u0131kl\u0131 bir hayat\u0131n tarifi\u2026 Yo\u011fun i\u015f temponuza uygun enerjiyi sa\u011flayabiliyor musunuz? Yoksa yedikleriniz zindelik vermek yerine ya\u015fam kalitenizi mi d\u00fc\u015f\u00fcr\u00fcyor? Ya\u015fam\u0131n\u0131z diyetlerle ge\u00e7iyor ama<span class=\"excerpt-hellip\"> [\u2026]<\/span><\/p>\n","protected":false},"featured_media":0,"template":"","meta":{"_monsterinsights_skip_tracking":false,"_monsterinsights_sitenote_active":false,"_monsterinsights_sitenote_note":"","_monsterinsights_sitenote_category":0},"product_brand":[],"product_cat":[12458,12457],"product_tag":[],"class_list":{"0":"post-708111","1":"product","2":"type-product","3":"status-publish","5":"product_cat-turk-mutfagi","6":"product_cat-yemek-kitaplari","7":"pa_cilt-ciltsiz","8":"pa_tur-kitap","9":"pa_yayinevi-dogan-novus","10":"pa_yazar-hulya-cavdar","11":"pa_yazar-ipek-kip","13":"first","14":"instock","15":"sale","16":"shipping-taxable","17":"purchasable","18":"product-type-simple"},"_links":{"self":[{"href":"https:\/\/roveyayinevi.com.tr\/index.php\/wp-json\/wp\/v2\/product\/708111","targetHints":{"allow":["GET"]}}],"collection":[{"href":"https:\/\/roveyayinevi.com.tr\/index.php\/wp-json\/wp\/v2\/product"}],"about":[{"href":"https:\/\/roveyayinevi.com.tr\/index.php\/wp-json\/wp\/v2\/types\/product"}],"wp:attachment":[{"href":"https:\/\/roveyayinevi.com.tr\/index.php\/wp-json\/wp\/v2\/media?parent=708111"}],"wp:term":[{"taxonomy":"product_brand","embeddable":true,"href":"https:\/\/roveyayinevi.com.tr\/index.php\/wp-json\/wp\/v2\/product_brand?post=708111"},{"taxonomy":"product_cat","embeddable":true,"href":"https:\/\/roveyayinevi.com.tr\/index.php\/wp-json\/wp\/v2\/product_cat?post=708111"},{"taxonomy":"product_tag","embeddable":true,"href":"https:\/\/roveyayinevi.com.tr\/index.php\/wp-json\/wp\/v2\/product_tag?post=708111"}],"curies":[{"name":"wp","href":"https:\/\/api.w.org\/{rel}","templated":true}]}}