{"id":708109,"date":"2025-08-27T16:11:49","date_gmt":"2025-08-27T13:11:49","guid":{"rendered":"https:\/\/roveyayinevi.com.tr\/index.php\/urun\/milli-tetebbular\/"},"modified":"2026-04-16T02:16:47","modified_gmt":"2026-04-15T23:16:47","slug":"milli-tetebbular","status":"publish","type":"product","link":"https:\/\/roveyayinevi.com.tr\/index.php\/urun\/milli-tetebbular\/","title":{"rendered":"Milli Tetebbular"},"content":{"rendered":"<p>Bu eser, Ziya G\u00f6kalp&#8217;\u0131n Mill\u00ee Tetebb\u00fblar Mecmuas\u0131&#8217;nda yay\u0131mlad\u0131\u011f\u0131 iki de\u011ferli yaz\u0131dan olu\u015fmaktad\u0131r: &#8220;Bir Kavmin Tedk\u00eekinde Takip Olunacak Usul&#8221; ve &#8220;Eski T\u00fcrklerde \u0130\u00e7tima\u00ee Te\u015fkilatla Mant\u0131k\u00ee Tasnifler Aras\u0131nda Ten\u00e2zur&#8221;.Ziya G\u00f6kalp&#8217;\u0131n ilk yaz\u0131s\u0131 ilm-i akv\u00e2m, kavmiyat veya g\u00fcn\u00fcm\u00fcz tabiriyle etnoloji biliminin alan\u0131na giren bir konuda yaz\u0131lm\u0131\u015ft\u0131r. Bu alanda ilk olma \u00f6zelli\u011fi g\u00f6sterdi\u011fini d\u00fc\u015f\u00fcnd\u00fc\u011f\u00fcm\u00fcz bu yaz\u0131, o y\u0131llar\u0131n T\u00fcrkiye&#8217;si i\u00e7in \u00e7ok ileri bir d\u00fczeyi i\u015faret etmektedir. \u0130kinci yaz\u0131 ise i\u00e7timaiyat, yani sosyoloji alan\u0131nda bir yaz\u0131d\u0131r. Her iki yaz\u0131 da y\u00fcksek seviyede bir tetebbu, yani inceleme ve ara\u015ft\u0131rma yaz\u0131s\u0131, daha do\u011frusu bilimsel makaledir. Ziya G\u00f6kalp&#8217;\u0131n kendisinin de ifade etti\u011fi gibi bu yaz\u0131larda, L&#8217;Annee Sociologique adl\u0131 y\u0131ll\u0131kta \u00e7\u0131kan di\u011fer yaz\u0131larla birlikte, \u00f6zellikle Emile Durkheim ve Mauss&#8217;un g\u00f6r\u00fc\u015fleri etkilidir. <\/p>\n","protected":false},"excerpt":{"rendered":"<p>Bu eser, Ziya G\u00f6kalp&#8217;\u0131n Mill\u00ee Tetebb\u00fblar Mecmuas\u0131&#8217;nda yay\u0131mlad\u0131\u011f\u0131 iki de\u011ferli yaz\u0131dan olu\u015fmaktad\u0131r: &#8220;Bir Kavmin Tedk\u00eekinde Takip Olunacak Usul&#8221; ve &#8220;Eski T\u00fcrklerde \u0130\u00e7tima\u00ee Te\u015fkilatla Mant\u0131k\u00ee Tasnifler Aras\u0131nda<span class=\"excerpt-hellip\"> [\u2026]<\/span><\/p>\n","protected":false},"featured_media":0,"template":"","meta":{"_monsterinsights_skip_tracking":false,"_monsterinsights_sitenote_active":false,"_monsterinsights_sitenote_note":"","_monsterinsights_sitenote_category":0},"product_brand":[],"product_cat":[12304,13493],"product_tag":[],"class_list":{"0":"post-708109","1":"product","2":"type-product","3":"status-publish","5":"product_cat-tarih","6":"product_cat-turkiye-ve-cumhuriyet-tarihi","7":"pa_cilt-ciltsiz","8":"pa_tur-kitap","9":"pa_yayinevi-otuken-nesriyat","10":"pa_yazar-ziya-gokalp","12":"first","13":"instock","14":"sale","15":"shipping-taxable","16":"purchasable","17":"product-type-simple"},"_links":{"self":[{"href":"https:\/\/roveyayinevi.com.tr\/index.php\/wp-json\/wp\/v2\/product\/708109","targetHints":{"allow":["GET"]}}],"collection":[{"href":"https:\/\/roveyayinevi.com.tr\/index.php\/wp-json\/wp\/v2\/product"}],"about":[{"href":"https:\/\/roveyayinevi.com.tr\/index.php\/wp-json\/wp\/v2\/types\/product"}],"wp:attachment":[{"href":"https:\/\/roveyayinevi.com.tr\/index.php\/wp-json\/wp\/v2\/media?parent=708109"}],"wp:term":[{"taxonomy":"product_brand","embeddable":true,"href":"https:\/\/roveyayinevi.com.tr\/index.php\/wp-json\/wp\/v2\/product_brand?post=708109"},{"taxonomy":"product_cat","embeddable":true,"href":"https:\/\/roveyayinevi.com.tr\/index.php\/wp-json\/wp\/v2\/product_cat?post=708109"},{"taxonomy":"product_tag","embeddable":true,"href":"https:\/\/roveyayinevi.com.tr\/index.php\/wp-json\/wp\/v2\/product_tag?post=708109"}],"curies":[{"name":"wp","href":"https:\/\/api.w.org\/{rel}","templated":true}]}}