{"id":708107,"date":"2025-08-27T16:11:48","date_gmt":"2025-08-27T13:11:48","guid":{"rendered":"https:\/\/roveyayinevi.com.tr\/index.php\/urun\/dava-ciltli\/"},"modified":"2026-04-16T02:16:47","modified_gmt":"2026-04-15T23:16:47","slug":"dava-ciltli","status":"publish","type":"product","link":"https:\/\/roveyayinevi.com.tr\/index.php\/urun\/dava-ciltli\/","title":{"rendered":"Dava &#8211; Ciltli"},"content":{"rendered":"<p>Kafka&#8217;n\u0131n kitaplar\u0131&#8230; \u00e7a\u011f\u0131n en saf ve e\u015fsiz edebi eserleri aras\u0131nda.&#8217; Yirminci y\u00fczy\u0131l\u0131n en \u00f6nemli romanlar\u0131ndan say\u0131lan Dava, kendi halinde bir banka \u015fefi olan Josef K.&#8217;n\u0131n bir sabah uyan\u0131r uyanmaz tutuklanmas\u0131yla ba\u015flar. Ne var ki i\u015fledi\u011fi su\u00e7 bir t\u00fcrl\u00fc a\u00e7\u0131klanmaz ve bunu K.&#8217;n\u0131n bo\u011fucu mahkeme kalemlerine, tan\u0131d\u0131k avukatlara yapt\u0131\u011f\u0131 bitmek t\u00fckenmek bilmeyen, sonu\u00e7suz ziyaretler takip eder. \u00c7e\u015fitli tavsiyelerde bulunan ya da onu bu esrarengiz yarg\u0131lamadan kurtarabilirmi\u015f gibi g\u00f6r\u00fcnen insanlar\u0131n olu\u015fturdu\u011fu karanl\u0131k bir girdab\u0131n tam ortas\u0131nda kalan K., gitgide \u00fczerine \u00e7\u00f6ken m\u00fcphem bir hukuk sisteminin alt\u0131nda ezilir ve kendini temize \u00e7\u0131karmaya \u00e7al\u0131\u015ft\u0131k\u00e7a sistemin karmakar\u0131\u015f\u0131k, abs\u00fcrt a\u011flar\u0131na daha fazla dolan\u0131r. Bug\u00fcn, Franz Kafka&#8217;n\u0131n vasiyetine uymay\u0131p eserlerini yay\u0131nlamaya karar veren yak\u0131n arkada\u015f\u0131 Max Brod sayesinde okuyabildi\u011fimiz Dava, b\u00fcrokrasinin ya da otoritenin bireye belirsizli\u011fiyle azap \u00e7ektiren do\u011fas\u0131na dair bir ele\u015ftiri olarak okunabilece\u011fi gibi, varolu\u015f\u00e7u bir k\u0131s\u0131r d\u00f6ng\u00fcn\u00fcn kara mizahla harmanlanm\u0131\u015f bir temsili olarak da g\u00f6r\u00fclebilir. <\/p>\n","protected":false},"excerpt":{"rendered":"<p>Kafka&#8217;n\u0131n kitaplar\u0131&#8230; \u00e7a\u011f\u0131n en saf ve e\u015fsiz edebi eserleri aras\u0131nda.&#8217; Yirminci y\u00fczy\u0131l\u0131n en \u00f6nemli romanlar\u0131ndan say\u0131lan Dava, kendi halinde bir banka \u015fefi olan Josef K.&#8217;n\u0131n bir<span class=\"excerpt-hellip\"> [\u2026]<\/span><\/p>\n","protected":false},"featured_media":0,"template":"","meta":{"_monsterinsights_skip_tracking":false,"_monsterinsights_sitenote_active":false,"_monsterinsights_sitenote_note":"","_monsterinsights_sitenote_category":0},"product_brand":[],"product_cat":[12291],"product_tag":[],"class_list":{"0":"post-708107","1":"product","2":"type-product","3":"status-publish","5":"product_cat-edebiyat","6":"pa_cilt-ciltli","7":"pa_tur-kitap","8":"pa_yayinevi-kafka-yayinevi","9":"pa_yazar-fransiz-kafka","11":"first","12":"instock","13":"sale","14":"shipping-taxable","15":"purchasable","16":"product-type-simple"},"_links":{"self":[{"href":"https:\/\/roveyayinevi.com.tr\/index.php\/wp-json\/wp\/v2\/product\/708107","targetHints":{"allow":["GET"]}}],"collection":[{"href":"https:\/\/roveyayinevi.com.tr\/index.php\/wp-json\/wp\/v2\/product"}],"about":[{"href":"https:\/\/roveyayinevi.com.tr\/index.php\/wp-json\/wp\/v2\/types\/product"}],"wp:attachment":[{"href":"https:\/\/roveyayinevi.com.tr\/index.php\/wp-json\/wp\/v2\/media?parent=708107"}],"wp:term":[{"taxonomy":"product_brand","embeddable":true,"href":"https:\/\/roveyayinevi.com.tr\/index.php\/wp-json\/wp\/v2\/product_brand?post=708107"},{"taxonomy":"product_cat","embeddable":true,"href":"https:\/\/roveyayinevi.com.tr\/index.php\/wp-json\/wp\/v2\/product_cat?post=708107"},{"taxonomy":"product_tag","embeddable":true,"href":"https:\/\/roveyayinevi.com.tr\/index.php\/wp-json\/wp\/v2\/product_tag?post=708107"}],"curies":[{"name":"wp","href":"https:\/\/api.w.org\/{rel}","templated":true}]}}