{"id":708106,"date":"2025-08-27T16:11:48","date_gmt":"2025-08-27T13:11:48","guid":{"rendered":"https:\/\/roveyayinevi.com.tr\/index.php\/urun\/homo-deus-yarinin-kisa-bir-tarihi\/"},"modified":"2026-04-16T02:16:47","modified_gmt":"2026-04-15T23:16:47","slug":"homo-deus-yarinin-kisa-bir-tarihi","status":"publish","type":"product","link":"https:\/\/roveyayinevi.com.tr\/index.php\/urun\/homo-deus-yarinin-kisa-bir-tarihi\/","title":{"rendered":"Homo Deus &#8211; Yar\u0131n\u0131n K\u0131sa Bir Tarihi"},"content":{"rendered":"<p>Hayvanlardan Tanr\u0131lara Sapiens kitab\u0131yla insan t\u00fcr\u00fcn\u00fcn d\u00fcnyaya nas\u0131l egemen oldu\u011funu anlatan Harari, Homo Deus&#8217;ta \u00e7arp\u0131c\u0131 \u00f6ng\u00f6r\u00fcleriyle yar\u0131n\u0131m\u0131z\u0131 ele al\u0131yor. \u0130nsanl\u0131\u011f\u0131n \u00f6l\u00fcms\u00fczl\u00fck, mutluluk ve tanr\u0131sall\u0131k pe\u015findeki yolculu\u011funu bilim, tarih ve felsefe \u0131\u015f\u0131\u011f\u0131nda inceledi\u011fi bu \u00e7al\u0131\u015fmas\u0131nda, insan\u0131n bamba\u015fka bir t\u00fcre, Homo deus&#8217;a evrildi\u011fi bir gelecek kurguluyor.  Yola &#8220;\u00f6nemsiz bir hayvan&#8221; olarak \u00e7\u0131kan Homo sapiens, tanr\u0131lar kat\u0131na ula\u015fmak u\u011fruna kendi sonunu mu haz\u0131rl\u0131yor? Homo sapiens nas\u0131l oldu da evrenin insan t\u00fcr\u00fcn\u00fcn etraf\u0131nda d\u00f6nd\u00fc\u011f\u00fcn\u00fc iddia eden h\u00fcmanist \u00f6\u011fretiye inand\u0131? Bu \u00f6\u011freti g\u00fcndelik ya\u015fant\u0131m\u0131z\u0131, sanat\u0131m\u0131z\u0131 ve en gizli tutkular\u0131m\u0131z\u0131 nas\u0131l \u015fekillendiriyor? \u0130nsan\u0131 inekler, tavuklar, \u015fempanzeler ve bilgisayar programlar\u0131n\u0131n t\u00fcm\u00fcnden ay\u0131ran y\u00fcksek zekas\u0131 ve kudreti d\u0131\u015f\u0131nda herhangi bir alametifarikas\u0131 var m\u0131? Tarih boyunca benzeri g\u00f6r\u00fclmemi\u015f kazan\u0131mlar elde etmemize ra\u011fmen mutluluk seviyemizde neden kayda de\u011fer bir art\u0131\u015f olmad\u0131? &#8220;T\u00fcm bunlar\u0131 anlamak i\u00e7in tek yapmam\u0131z gereken geriye d\u00f6n\u00fcp bakmak ve Homo sapiens&#8217;in asl\u0131nda ne oldu\u011funu, h\u00fcmanizmin nas\u0131l d\u00fcnyaya hakim bir din h\u00e2line geldi\u011fini ve h\u00fcmanizm r\u00fcyas\u0131n\u0131 ger\u00e7ekle\u015ftirmeye \u00e7al\u0131\u015fman\u0131n asl\u0131nda neden insanl\u0131\u011f\u0131n kendi sonunu getirece\u011fini incelemektir. \u0130\u015fte bu kitab\u0131n temel meselesi budur.&#8221; &#8220;Okurken hem e\u011flenecek hem de \u00e7ok \u015fa\u015f\u0131racaks\u0131n\u0131z. Her \u015feyin \u00f6tesinde, kendinizi daha \u00f6nce hi\u00e7 d\u00fc\u015f\u00fcnmedi\u011finiz \u015feyleri d\u00fc\u015f\u00fcn\u00fcrken bulacaks\u0131n\u0131z.&#8221;  -Dan\u0131el Kahneman, H\u0131zl\u0131 ve Yava\u015f D\u00fc\u015f\u00fcnme&#8217;nin yazar\u0131-&#8220;Homo Deus&#8217;u okudu\u011funuzda uzun ve zorlu bir yolculu\u011fun ard\u0131ndan vard\u0131\u011f\u0131n\u0131z bir u\u00e7urumun kenar\u0131nda durdu\u011funuzu hissedeceksiniz. Yolculu\u011fun art\u0131k bir \u00f6nemi kalmayacak, \u00e7\u00fcnk\u00fc bir sonraki ad\u0131m\u0131n\u0131z\u0131 engin bir bo\u015flu\u011fa atacaks\u0131n\u0131z.&#8221;  -David Runciman, The Guardian- <\/p>\n","protected":false},"excerpt":{"rendered":"<p>Hayvanlardan Tanr\u0131lara Sapiens kitab\u0131yla insan t\u00fcr\u00fcn\u00fcn d\u00fcnyaya nas\u0131l egemen oldu\u011funu anlatan Harari, Homo Deus&#8217;ta \u00e7arp\u0131c\u0131 \u00f6ng\u00f6r\u00fcleriyle yar\u0131n\u0131m\u0131z\u0131 ele al\u0131yor. \u0130nsanl\u0131\u011f\u0131n \u00f6l\u00fcms\u00fczl\u00fck, mutluluk ve tanr\u0131sall\u0131k pe\u015findeki yolculu\u011funu<span class=\"excerpt-hellip\"> [\u2026]<\/span><\/p>\n","protected":false},"featured_media":0,"template":"","meta":{"_monsterinsights_skip_tracking":false,"_monsterinsights_sitenote_active":false,"_monsterinsights_sitenote_note":"","_monsterinsights_sitenote_category":0},"product_brand":[],"product_cat":[12305,12304],"product_tag":[],"class_list":{"0":"post-708106","1":"product","2":"type-product","3":"status-publish","5":"product_cat-dunya-tarihi","6":"product_cat-tarih","7":"pa_cilt-ciltsiz","8":"pa_tur-kitap","9":"pa_yayinevi-kolektif-kitap","10":"pa_yazar-yuval-noah-harari","12":"first","13":"instock","14":"sale","15":"shipping-taxable","16":"purchasable","17":"product-type-simple"},"_links":{"self":[{"href":"https:\/\/roveyayinevi.com.tr\/index.php\/wp-json\/wp\/v2\/product\/708106","targetHints":{"allow":["GET"]}}],"collection":[{"href":"https:\/\/roveyayinevi.com.tr\/index.php\/wp-json\/wp\/v2\/product"}],"about":[{"href":"https:\/\/roveyayinevi.com.tr\/index.php\/wp-json\/wp\/v2\/types\/product"}],"wp:attachment":[{"href":"https:\/\/roveyayinevi.com.tr\/index.php\/wp-json\/wp\/v2\/media?parent=708106"}],"wp:term":[{"taxonomy":"product_brand","embeddable":true,"href":"https:\/\/roveyayinevi.com.tr\/index.php\/wp-json\/wp\/v2\/product_brand?post=708106"},{"taxonomy":"product_cat","embeddable":true,"href":"https:\/\/roveyayinevi.com.tr\/index.php\/wp-json\/wp\/v2\/product_cat?post=708106"},{"taxonomy":"product_tag","embeddable":true,"href":"https:\/\/roveyayinevi.com.tr\/index.php\/wp-json\/wp\/v2\/product_tag?post=708106"}],"curies":[{"name":"wp","href":"https:\/\/api.w.org\/{rel}","templated":true}]}}